{"id":23331,"date":"2022-07-12T14:40:08","date_gmt":"2022-07-12T18:40:08","guid":{"rendered":"https:\/\/www.cengn.ca\/livres-blancs\/"},"modified":"2024-10-31T15:17:42","modified_gmt":"2024-10-31T19:17:42","slug":"livres-blancs","status":"publish","type":"page","link":"https:\/\/www.cengn.ca\/fr\/ressources\/livres-blancs\/","title":{"rendered":"Livres blancs"},"content":{"rendered":"\n<section class=\"section section--impact page-impact parallax-section  alignfull\">\n  <div class=\"impact-overlay\"><\/div>\n  <div class=\"parallax-bg\" style=\"background-image: url(https:\/\/www.cengn.ca\/wp-content\/uploads\/2022\/03\/White-paper-website-header.jpg); background-size: cover; background-position: center center;\"><\/div>\n  <div class=\"grid-container fade-up-and-in\">\n    <div class=\"grid-x\">\n      <div class=\"cell text-center\">\n                          <h1 class=\"heavy\">Livres blancs<\/h1>\n                                  <div class=\"button-group align-center\">\n                      <\/div>\n                  <\/div>\n    <\/div>\n  <\/div>\n<\/section>\n\n\n\n<section class=\"section section--text-with-image simple-fade  block dark-grey alignfull\">\n  <div class=\"grid-container\">\n    <div class=\"grid-x grid-padding-x align-middle\">\n      \n        <div class=\"cell\">\n          <div class=\"text-with-image-bg dark-grey\">\n            <div class=\"grid-container\">\n              <div class=\"grid-x grid-padding-x \">\n                <div class=\"cell medium-5 medium-order-2\">\n                                        <div class=\"text-with-image--image\" style=\"background-image: url(https:\/\/www.cengn.ca\/wp-content\/uploads\/2022\/02\/Blueprints-Header-1024x682.jpg); background-size: cover; background-position: center center; background-repeat: no-repeat;\"><\/div>\n                                      <\/div>\n                  <div class=\"cell medium-7 medium-order-1\">\n                    <div class=\"text-with-image--text\">\n                      <h2 class=\"heavy\">Plans d&rsquo;installation d&rsquo;Internet \u00e0 haut d\u00e9bit en milieu rural<\/h2>\n                                                                    <p><p>Le <strong><a href=\"https:\/\/www.cengn.ca\/residential-broadband-program\/\">programme de large bande r\u00e9sidentielle du CENGN<\/a><\/strong> vise \u00e0 combler le foss\u00e9 num\u00e9rique auquel sont confront\u00e9es les communaut\u00e9s rurales, du Nord et autochtones en permettant des d\u00e9ploiements commerciaux de large bande qui \u00e9liminent les obstacles \u00e0 la fourniture d&rsquo;Internet haute vitesse. Chaque projet implique le d\u00e9ploiement d&rsquo;une solution technologique innovante qui offre un acc\u00e8s r\u00e9sidentiel \u00e0 large bande flexible, moins co\u00fbteux et plus performant aux communaut\u00e9s \u00e9loign\u00e9es de l&rsquo;Ontario. Le CENGN compile les d\u00e9tails et les enseignements de ces projets dans des documents directeurs qui serviront de ressource aux autres communaut\u00e9s confront\u00e9es \u00e0 des obstacles similaires \u00e0 l&rsquo;acc\u00e8s \u00e0 la large bande.  <\/p>\n<\/p>\n                                                                  \t<a class=\"button\" href=\"https:\/\/www.cengn.ca\/resources\/white-papers\/rural-high-speed-internet-blueprints\/\" target=\"_self\">Voir les plans<\/a>\n                                          <\/div>\n                  <\/div>\n              <\/div>\n            <\/div>\n          <\/div>\n        <\/div>\n      \n    <\/div>\n  <\/div>\n<\/section>\n\n\n\n<section class=\"section section--text-with-image simple-fade  block dark-grey alignfull\">\n  <div class=\"grid-container\">\n    <div class=\"grid-x grid-padding-x align-middle\">\n      \n        <div class=\"cell\">\n          <div class=\"text-with-image-bg dark-grey\">\n            <div class=\"grid-container\">\n              <div class=\"grid-x grid-padding-x \">\n                <div class=\"cell medium-5 \">\n                                        <div class=\"text-with-image--image\" style=\"background-image: url(https:\/\/www.cengn.ca\/wp-content\/uploads\/2021\/07\/Picture-Gap-Analysis-BLOG-1.png); background-size: cover; background-position: center center; background-repeat: no-repeat;\"><\/div>\n                                      <\/div>\n                  <div class=\"cell medium-7 \">\n                    <div class=\"text-with-image--text\">\n                      <h2 class=\"heavy\">Analyse des lacunes imp\u00e9ratives du r\u00e9seau de nouvelle g\u00e9n\u00e9ration<\/h2>\n                                                                    <p><p>Le CENGN a lanc\u00e9 une \u00e9tude nationale pour mieux comprendre l\u2019\u00e9cosyst\u00e8me canadien des r\u00e9seaux de nouvelle g\u00e9n\u00e9ration et ses besoins. Cette \u00e9tude est une analyse des lacunes r\u00e9alis\u00e9e pour un large segment de parties prenantes de l\u2019\u00e9cosyst\u00e8me NGN, notamment les fournisseurs, les op\u00e9rateurs de r\u00e9seau, les clients d\u2019entreprise et les d\u00e9cideurs politiques. <\/p>\n<\/p>\n                                                                  \t<a class=\"button\" href=\"https:\/\/www.cengn.ca\/resources\/white-papers\/the-next-generation-network-imperative\/\" target=\"_self\">T\u00e9l\u00e9charger l&#039;analyse des \u00e9carts<\/a>\n                                          <\/div>\n                  <\/div>\n              <\/div>\n            <\/div>\n          <\/div>\n        <\/div>\n      \n    <\/div>\n  <\/div>\n<\/section>\n\n\n\n<div style=\"height:50px\" aria-hidden=\"true\" class=\"wp-block-spacer\"><\/div>\n\n\n\n<div class=\"wp-block-buttons is-content-justification-center is-layout-flex wp-container-core-buttons-is-layout-16018d1d wp-block-buttons-is-layout-flex\">\n<div class=\"wp-block-button\"><a class=\"wp-block-button__link wp-element-button\">Ressources<\/a><\/div>\n<\/div>\n\n\n\n<section class=\"section section--subscription-form  alignfull\">\n  <div class=\"grid-container text-center\">\n          <h2 class=\"heavy\">Restez connect\u00e9 \u00e0 l&rsquo;innovation technologique et \u00e0 la communaut\u00e9 du Canada<\/h2>\n              <h4>Inscrivez-vous \u00e0 notre newsletter mensuelle et restez au courant des derni\u00e8res nouvelles, \u00e9v\u00e9nements, programmes et nouveaux projets.<\/h4>\n                      <script type=\"text\/javascript\">\n\/* <![CDATA[ *\/\nvar gform;gform||(document.addEventListener(\"gform_main_scripts_loaded\",function(){gform.scriptsLoaded=!0}),document.addEventListener(\"gform\/theme\/scripts_loaded\",function(){gform.themeScriptsLoaded=!0}),window.addEventListener(\"DOMContentLoaded\",function(){gform.domLoaded=!0}),gform={domLoaded:!1,scriptsLoaded:!1,themeScriptsLoaded:!1,isFormEditor:()=>\"function\"==typeof InitializeEditor,callIfLoaded:function(o){return!(!gform.domLoaded||!gform.scriptsLoaded||!gform.themeScriptsLoaded&&!gform.isFormEditor()||(gform.isFormEditor()&&console.warn(\"The use of gform.initializeOnLoaded() is deprecated in the form editor context and will be removed in Gravity Forms 3.1.\"),o(),0))},initializeOnLoaded:function(o){gform.callIfLoaded(o)||(document.addEventListener(\"gform_main_scripts_loaded\",()=>{gform.scriptsLoaded=!0,gform.callIfLoaded(o)}),document.addEventListener(\"gform\/theme\/scripts_loaded\",()=>{gform.themeScriptsLoaded=!0,gform.callIfLoaded(o)}),window.addEventListener(\"DOMContentLoaded\",()=>{gform.domLoaded=!0,gform.callIfLoaded(o)}))},hooks:{action:{},filter:{}},addAction:function(o,r,e,t){gform.addHook(\"action\",o,r,e,t)},addFilter:function(o,r,e,t){gform.addHook(\"filter\",o,r,e,t)},doAction:function(o){gform.doHook(\"action\",o,arguments)},applyFilters:function(o){return gform.doHook(\"filter\",o,arguments)},removeAction:function(o,r){gform.removeHook(\"action\",o,r)},removeFilter:function(o,r,e){gform.removeHook(\"filter\",o,r,e)},addHook:function(o,r,e,t,n){null==gform.hooks[o][r]&&(gform.hooks[o][r]=[]);var d=gform.hooks[o][r];null==n&&(n=r+\"_\"+d.length),gform.hooks[o][r].push({tag:n,callable:e,priority:t=null==t?10:t})},doHook:function(r,o,e){var t;if(e=Array.prototype.slice.call(e,1),null!=gform.hooks[r][o]&&((o=gform.hooks[r][o]).sort(function(o,r){return o.priority-r.priority}),o.forEach(function(o){\"function\"!=typeof(t=o.callable)&&(t=window[t]),\"action\"==r?t.apply(null,e):e[0]=t.apply(null,e)})),\"filter\"==r)return e[0]},removeHook:function(o,r,t,n){var e;null!=gform.hooks[o][r]&&(e=(e=gform.hooks[o][r]).filter(function(o,r,e){return!!(null!=n&&n!=o.tag||null!=t&&t!=o.priority)}),gform.hooks[o][r]=e)}});\n\/* ]]> *\/\n<\/script>\n\n                <div class='gf_browser_gecko gform_wrapper gform_legacy_markup_wrapper gform-theme--no-framework' data-form-theme='legacy' data-form-index='0' id='gform_wrapper_1' ><div id='gf_1' class='gform_anchor' tabindex='-1'><\/div><form method='post' enctype='multipart\/form-data' target='gform_ajax_frame_1' id='gform_1'  action='\/fr\/wp-json\/wp\/v2\/pages\/23331#gf_1' data-formid='1' novalidate>\n                        <div class='gform-body gform_body'><ul id='gform_fields_1' class='gform_fields top_label form_sublabel_below description_below validation_below'><li id=\"field_1_1\" class=\"gfield gfield--type-text gfield_contains_required field_sublabel_below gfield--no-description field_description_below field_validation_below gfield_visibility_visible\"  ><label class='gfield_label gform-field-label' for='input_1_1'>Nom et pr\u00e9nom<span class=\"gfield_required\"><span class=\"gfield_required gfield_required_asterisk\">*<\/span><\/span><\/label><div class='ginput_container ginput_container_text'><input name='input_1' id='input_1_1' type='text' value='' class='large'     aria-required=\"true\" aria-invalid=\"false\"   \/><\/div><\/li><li id=\"field_1_2\" class=\"gfield gfield--type-email gfield_contains_required field_sublabel_below gfield--no-description field_description_below field_validation_below gfield_visibility_visible\"  ><label class='gfield_label gform-field-label' for='input_1_2'>E-mail<span class=\"gfield_required\"><span class=\"gfield_required gfield_required_asterisk\">*<\/span><\/span><\/label><div class='ginput_container ginput_container_email'>\n                            <input name='input_2' id='input_1_2' type='email' value='' class='large'    aria-required=\"true\" aria-invalid=\"false\"  \/>\n                        <\/div><\/li><li id=\"field_1_3\" class=\"gfield gfield--type-text gfield_contains_required field_sublabel_below gfield--no-description field_description_below field_validation_below gfield_visibility_visible\"  ><label class='gfield_label gform-field-label' for='input_1_3'>Position<span class=\"gfield_required\"><span class=\"gfield_required gfield_required_asterisk\">*<\/span><\/span><\/label><div class='ginput_container ginput_container_text'><input name='input_3' id='input_1_3' type='text' value='' class='large'     aria-required=\"true\" aria-invalid=\"false\"   \/><\/div><\/li><li id=\"field_1_4\" class=\"gfield gfield--type-text gfield_contains_required field_sublabel_below gfield--no-description field_description_below field_validation_below gfield_visibility_visible\"  ><label class='gfield_label gform-field-label' for='input_1_4'>Entreprise<span class=\"gfield_required\"><span class=\"gfield_required gfield_required_asterisk\">*<\/span><\/span><\/label><div class='ginput_container ginput_container_text'><input name='input_4' id='input_1_4' type='text' value='' class='large'     aria-required=\"true\" aria-invalid=\"false\"   \/><\/div><\/li><li id=\"field_1_5\" class=\"gfield gfield--type-consent gfield--type-choice gfield--input-type-consent field_sublabel_below gfield--no-description field_description_below hidden_label field_validation_below gfield_visibility_visible\"  ><label class='gfield_label gform-field-label gfield_label_before_complex' >Consentement<\/label><div class='ginput_container ginput_container_consent'><input name='input_5.1' id='input_1_5_1' type='checkbox' value='1'    aria-invalid=\"false\"   \/> <label class=\"gform-field-label gform-field-label--type-inline gfield_consent_label\" for='input_1_5_1' >OUI, je souhaite recevoir la newsletter du CENGN<\/label><input type='hidden' name='input_5.2' value='OUI, je souhaite recevoir la newsletter du CENGN' class='gform_hidden' \/><input type='hidden' name='input_5.3' value='2' class='gform_hidden' \/><\/div><\/li><\/ul><\/div>\n        <div class='gform-footer gform_footer top_label'> <button class='button button--blue gform_button btn--gform-submit' id='gform_submit_button_1'>S&rsquo;abonner<\/button> <input type='hidden' name='gform_ajax' value='form_id=1&amp;title=&amp;description=&amp;tabindex=0&amp;theme=legacy&amp;hash=1c30acd7b83e6e13b66d5168fc0a197d' \/>\n            <input type='hidden' class='gform_hidden' name='gform_submission_method' data-js='gform_submission_method_1' value='iframe' \/>\n            <input type='hidden' class='gform_hidden' name='gform_theme' data-js='gform_theme_1' id='gform_theme_1' value='legacy' \/>\n            <input type='hidden' class='gform_hidden' name='gform_style_settings' data-js='gform_style_settings_1' id='gform_style_settings_1' value='' \/>\n            <input type='hidden' class='gform_hidden' name='is_submit_1' value='1' \/>\n            <input type='hidden' class='gform_hidden' name='gform_submit' value='1' \/>\n            \n            <input type='hidden' class='gform_hidden' name='gform_currency' data-currency='CAD' value='IAyDK3EpXLak2WTMrE5ImLaWZlPKq0+IO4QIYhRCc4FULLikl+ckgY10Ad29whxVYmB9VanhmnsPMglavdd3xoooLSa42ut\/r0ZopEINSxh5Ah0=' \/>\n            <input type='hidden' class='gform_hidden' name='gform_unique_id' value='' \/>\n            <input type='hidden' class='gform_hidden' name='state_1' value='WyJ7XCI1LjFcIjpcIjg5ZDk3MzQ3MjljNDlkYzVlNGIzODc3ZmQ2MTgzZDY1XCIsXCI1LjJcIjpcIjJkZTExNGVmNDMzMGU5MDkwOWQyOTBmMWRjMGNiZDBlXCIsXCI1LjNcIjpcIjI0Y2Q4ZTk0ZWFkZDBlZGVkODM2NzM5Njg3Mjk0M2I0XCJ9IiwiNTRkMzk1MGYwZDI4ZGQzNmFhY2E2NTY4MzhjYjdhYWQiXQ==' \/>\n            <input type='hidden' autocomplete='off' class='gform_hidden' name='gform_target_page_number_1' id='gform_target_page_number_1' value='0' \/>\n            <input type='hidden' autocomplete='off' class='gform_hidden' name='gform_source_page_number_1' id='gform_source_page_number_1' value='1' \/>\n            <input type='hidden' name='gform_field_values' value='' \/>\n            \n        <\/div>\n                        <\/form>\n                        <\/div>\n\t\t                <iframe style='display:none;width:0px;height:0px;' src='about:blank' name='gform_ajax_frame_1' id='gform_ajax_frame_1' title='Cette iframe contient la logique n\u00e9cessaire pour manipuler Gravity Forms avec Ajax.'><\/iframe>\n\t\t                <script type=\"text\/javascript\">\n\/* <![CDATA[ *\/\n gform.initializeOnLoaded( function() {gformInitSpinner( 1, 'https:\/\/www.cengn.ca\/wp-content\/plugins\/gravityforms\/images\/spinner.svg', true );jQuery('#gform_ajax_frame_1').on('load',function(){var contents = jQuery(this).contents().find('*').html();var is_postback = contents.indexOf('GF_AJAX_POSTBACK') >= 0;if(!is_postback){return;}var form_content = jQuery(this).contents().find('#gform_wrapper_1');var is_confirmation = jQuery(this).contents().find('#gform_confirmation_wrapper_1').length > 0;var is_redirect = contents.indexOf('gformRedirect(){') >= 0;var is_form = form_content.length > 0 && ! is_redirect && ! is_confirmation;var mt = parseInt(jQuery('html').css('margin-top'), 10) + parseInt(jQuery('body').css('margin-top'), 10) + 100;if(is_form){jQuery('#gform_wrapper_1').html(form_content.html());if(form_content.hasClass('gform_validation_error')){jQuery('#gform_wrapper_1').addClass('gform_validation_error');} else {jQuery('#gform_wrapper_1').removeClass('gform_validation_error');}setTimeout( function() { \/* delay the scroll by 50 milliseconds to fix a bug in chrome *\/ jQuery(document).scrollTop(jQuery('#gform_wrapper_1').offset().top - mt); }, 50 );if(window['gformInitDatepicker']) {gformInitDatepicker();}if(window['gformInitPriceFields']) {gformInitPriceFields();}var current_page = jQuery('#gform_source_page_number_1').val();gformInitSpinner( 1, 'https:\/\/www.cengn.ca\/wp-content\/plugins\/gravityforms\/images\/spinner.svg', true );jQuery(document).trigger('gform_page_loaded', [1, current_page]);window['gf_submitting_1'] = false;}else if(!is_redirect){var confirmation_content = jQuery(this).contents().find('.GF_AJAX_POSTBACK').html();if(!confirmation_content){confirmation_content = contents;}jQuery('#gform_wrapper_1').replaceWith(confirmation_content);jQuery(document).scrollTop(jQuery('#gf_1').offset().top - mt);jQuery(document).trigger('gform_confirmation_loaded', [1]);window['gf_submitting_1'] = false;wp.a11y.speak(jQuery('#gform_confirmation_message_1').text());}else{jQuery('#gform_1').append(contents);if(window['gformRedirect']) {gformRedirect();}}jQuery(document).trigger(\"gform_pre_post_render\", [{ formId: \"1\", currentPage: \"current_page\", abort: function() { this.preventDefault(); } }]);        if (event && event.defaultPrevented) {                return;        }        const gformWrapperDiv = document.getElementById( \"gform_wrapper_1\" );        if ( gformWrapperDiv ) {            const visibilitySpan = document.createElement( \"span\" );            visibilitySpan.id = \"gform_visibility_test_1\";            gformWrapperDiv.insertAdjacentElement( \"afterend\", visibilitySpan );        }        const visibilityTestDiv = document.getElementById( \"gform_visibility_test_1\" );        let postRenderFired = false;        function triggerPostRender() {            if ( postRenderFired ) {                return;            }            postRenderFired = true;            gform.core.triggerPostRenderEvents( 1, current_page );            if ( visibilityTestDiv ) {                visibilityTestDiv.parentNode.removeChild( visibilityTestDiv );            }        }        function debounce( func, wait, immediate ) {            var timeout;            return function() {                var context = this, args = arguments;                var later = function() {                    timeout = null;                    if ( !immediate ) func.apply( context, args );                };                var callNow = immediate && !timeout;                clearTimeout( timeout );                timeout = setTimeout( later, wait );                if ( callNow ) func.apply( context, args );            };        }        const debouncedTriggerPostRender = debounce( function() {            triggerPostRender();        }, 200 );        if ( visibilityTestDiv && visibilityTestDiv.offsetParent === null ) {            const observer = new MutationObserver( ( mutations ) => {                mutations.forEach( ( mutation ) => {                    if ( mutation.type === 'attributes' && visibilityTestDiv.offsetParent !== null ) {                        debouncedTriggerPostRender();                        observer.disconnect();                    }                });            });            observer.observe( document.body, {                attributes: true,                childList: false,                subtree: true,                attributeFilter: [ 'style', 'class' ],            });        } else {            triggerPostRender();        }    } );} ); \n\/* ]]> *\/\n<\/script>\n                <\/div>\n<\/section>\n","protected":false},"excerpt":{"rendered":"","protected":false},"author":6,"featured_media":0,"parent":23338,"menu_order":0,"comment_status":"closed","ping_status":"closed","template":"","meta":{"_acf_changed":false,"content-type":"","footnotes":""},"class_list":["post-23331","page","type-page","status-publish","hentry"],"acf":[],"_links":{"self":[{"href":"https:\/\/www.cengn.ca\/fr\/wp-json\/wp\/v2\/pages\/23331","targetHints":{"allow":["GET"]}}],"collection":[{"href":"https:\/\/www.cengn.ca\/fr\/wp-json\/wp\/v2\/pages"}],"about":[{"href":"https:\/\/www.cengn.ca\/fr\/wp-json\/wp\/v2\/types\/page"}],"author":[{"embeddable":true,"href":"https:\/\/www.cengn.ca\/fr\/wp-json\/wp\/v2\/users\/6"}],"replies":[{"embeddable":true,"href":"https:\/\/www.cengn.ca\/fr\/wp-json\/wp\/v2\/comments?post=23331"}],"version-history":[{"count":3,"href":"https:\/\/www.cengn.ca\/fr\/wp-json\/wp\/v2\/pages\/23331\/revisions"}],"predecessor-version":[{"id":24512,"href":"https:\/\/www.cengn.ca\/fr\/wp-json\/wp\/v2\/pages\/23331\/revisions\/24512"}],"up":[{"embeddable":true,"href":"https:\/\/www.cengn.ca\/fr\/wp-json\/wp\/v2\/pages\/23338"}],"wp:attachment":[{"href":"https:\/\/www.cengn.ca\/fr\/wp-json\/wp\/v2\/media?parent=23331"}],"curies":[{"name":"wp","href":"https:\/\/api.w.org\/{rel}","templated":true}]}}