{"id":23338,"date":"2021-06-23T15:17:40","date_gmt":"2021-06-23T19:17:40","guid":{"rendered":"https:\/\/www.cengn.ca\/ressources\/"},"modified":"2026-03-31T13:43:24","modified_gmt":"2026-03-31T17:43:24","slug":"ressources","status":"publish","type":"page","link":"https:\/\/www.cengn.ca\/fr\/ressources\/","title":{"rendered":"Ressources"},"content":{"rendered":"\n<section class=\"section section--impact video-impact  alignfull\">\n  <div class=\"hero-video-background\">\n          <div class=\"parallax-bg\" style=\"background-image: url(https:\/\/www.cengn.ca\/wp-content\/uploads\/2022\/07\/CENGN-Resources.jpg); background-size: cover; background-position: center center;\"><\/div>\n              <div class=\"hero-feature-overlay\"><\/div>\n      <video class=\"hero-feature-background-video\" autoplay muted loop>\n        <source src=\"https:\/\/www.cengn.ca\/wp-content\/uploads\/2021\/08\/Person-Working-on-an-Apple-MacBook.mp4\" type=\"video\/mp4\">\n      <\/video>\n      <\/div>\n  <div class=\"grid-container fade-up-and-in\">\n    <div class=\"grid-x\">\n      <div class=\"cell text-center\">\n                          <h1>Ressources<\/h1>\n                              <\/div>\n    <\/div>\n  <\/div>\n<\/section>\n\n\n\n<section class=\"section section--text-with-image simple-fade  block black alignfull\">\n  <div class=\"grid-container\">\n    <div class=\"grid-x grid-padding-x align-middle\">\n      \n        <div class=\"cell\">\n          <div class=\"text-with-image-bg black\">\n            <div class=\"grid-container\">\n              <div class=\"grid-x grid-padding-x \">\n                <div class=\"cell medium-5 \">\n                                        <div class=\"text-with-image--image\" style=\"background-image: url(https:\/\/www.cengn.ca\/wp-content\/uploads\/2021\/08\/Annual-Reports-Thumbnail-1024x576.png); background-size: cover; background-position: center center; background-repeat: no-repeat;\"><\/div>\n                                      <\/div>\n                  <div class=\"cell medium-7 \">\n                    <div class=\"text-with-image--text\">\n                      <h2 class=\"heavy\">Rapports annuels<\/h2>\n                                                                    <p><p>Au cours des derni\u00e8res ann\u00e9es, nous avons fait de grands progr\u00e8s pour faire progresser l&rsquo;innovation technologique et le secteur des TIC au Canada, contribuant ainsi \u00e0 la croissance \u00e9conomique et \u00e0 la cr\u00e9ation de plus de 11 000 nouveaux emplois au Canada. Dans notre dernier rapport annuel, nous d\u00e9taillons nos r\u00e9alisations et les faits marquants de l&rsquo;ann\u00e9e, des projets termin\u00e9s avec des startups technologiques \u00e0 la croissance de nos programmes et de l&rsquo;\u00e9cosyst\u00e8me de nos membres. <\/p>\n<\/p>\n                                                                  \t<a class=\"button\" href=\"https:\/\/www.cengn.ca\/resources\/annual-reports\/\" target=\"_self\">Lisez notre dernier rapport annuel<\/a>\n                                          <\/div>\n                  <\/div>\n              <\/div>\n            <\/div>\n          <\/div>\n        <\/div>\n      \n    <\/div>\n  <\/div>\n<\/section>\n\n\n\n<section class=\"section section--text-with-image simple-fade  block black alignfull\">\n  <div class=\"grid-container\">\n    <div class=\"grid-x grid-padding-x align-middle\">\n      \n        <div class=\"cell\">\n          <div class=\"text-with-image-bg black\">\n            <div class=\"grid-container\">\n              <div class=\"grid-x grid-padding-x \">\n                <div class=\"cell medium-5 medium-order-2\">\n                                        <div class=\"text-with-image--image\" style=\"background-image: url(https:\/\/www.cengn.ca\/wp-content\/uploads\/2021\/06\/pexels-fauxels-3183173.png); background-size: cover; background-position: center center; background-repeat: no-repeat;\"><\/div>\n                                      <\/div>\n                  <div class=\"cell medium-7 medium-order-1\">\n                    <div class=\"text-with-image--text\">\n                      <h2 class=\"heavy\">T\u00e9l\u00e9chargements de services et de programmes<\/h2>\n                                                                    <p><p>Vous souhaitez en savoir plus sur nos services ? T\u00e9l\u00e9chargez nos fiches de services pour en savoir plus. <\/p>\n<\/p>\n                                                                  \t<a class=\"button\" href=\"https:\/\/www.cengn.ca\/wp-content\/uploads\/2025\/04\/Apercu-du-CENGN-Living-Lab.pdf\" target=\"_blank\">En savoir plus sur les CENGN Living Labs<\/a>\n                                          <\/div>\n                  <\/div>\n              <\/div>\n            <\/div>\n          <\/div>\n        <\/div>\n      \n    <\/div>\n  <\/div>\n<\/section>\n\n\n\n<section class=\"section section--text-with-image simple-fade  block black alignfull\">\n  <div class=\"grid-container\">\n    <div class=\"grid-x grid-padding-x align-middle\">\n      \n        <div class=\"cell\">\n          <div class=\"text-with-image-bg black\">\n            <div class=\"grid-container\">\n              <div class=\"grid-x grid-padding-x \">\n                <div class=\"cell medium-5 \">\n                                        <div class=\"text-with-image--image\" style=\"background-image: url(https:\/\/www.cengn.ca\/wp-content\/uploads\/2021\/08\/White-Paper-Thumbnail-1024x577.png); background-size: cover; background-position: center center; background-repeat: no-repeat;\"><\/div>\n                                      <\/div>\n                  <div class=\"cell medium-7 \">\n                    <div class=\"text-with-image--text\">\n                      <h2 class=\"heavy\">Livres blancs<\/h2>\n                                                                    <p><p>Nous avons d\u00e9velopp\u00e9 une s\u00e9rie de livres blancs sur les sujets les plus importants en mati\u00e8re de technologie de r\u00e9seau, comme l\u2019\u00e9cosyst\u00e8me canadien des r\u00e9seaux de nouvelle g\u00e9n\u00e9ration et les barri\u00e8res de l\u2019Internet haute vitesse en milieu rural.<\/p>\n<\/p>\n                                                                  \t<a class=\"button\" href=\"https:\/\/www.cengn.ca\/fr\/ressources\/livres-blancs\/\" target=\"_self\">Apprendre encore plus<\/a>\n                                          <\/div>\n                  <\/div>\n              <\/div>\n            <\/div>\n          <\/div>\n        <\/div>\n      \n    <\/div>\n  <\/div>\n<\/section>\n\n\n\n<section class=\"section section--text-with-image simple-fade  block black alignfull\">\n  <div class=\"grid-container\">\n    <div class=\"grid-x grid-padding-x align-middle\">\n      \n        <div class=\"cell\">\n          <div class=\"text-with-image-bg black\">\n            <div class=\"grid-container\">\n              <div class=\"grid-x grid-padding-x \">\n                <div class=\"cell medium-5 medium-order-2\">\n                                        <div class=\"text-with-image--image\" style=\"background-image: url(https:\/\/www.cengn.ca\/wp-content\/uploads\/2021\/08\/Media-Kit-Thumbnail-682x1024.png); background-size: cover; background-position: center center; background-repeat: no-repeat;\"><\/div>\n                                      <\/div>\n                  <div class=\"cell medium-7 medium-order-1\">\n                    <div class=\"text-with-image--text\">\n                      <h2 class=\"heavy\">Dossier de presse<\/h2>\n                                                                    <p><p>T\u00e9l\u00e9chargez notre kit m\u00e9dia pour un aper\u00e7u de tout ce que vous devez inclure dans CENGN votre communiqu\u00e9 de presse et vos articles, y compris le style, la marque, le leadership et les descriptions de CENGN.<\/p>\n<\/p>\n                                                                  \t<a class=\"button\" href=\"https:\/\/www.cengn.ca\/wp-content\/uploads\/2026\/03\/CENGN-Media-Kit-mars2026-fr.pdf\" target=\"_blank\">Apprendre encore plus<\/a>\n                                          <\/div>\n                  <\/div>\n              <\/div>\n            <\/div>\n          <\/div>\n        <\/div>\n      \n    <\/div>\n  <\/div>\n<\/section>\n\n\n\n<section class=\"section section--text-block simple-fade grey alignfull\">\n  <div class=\"grid-container\">\n    <div class=\"grid-x grid-padding-x align-middle\">\n      <div class=\"cell text-center\">\n                                  <h4><strong>Ressources d&rsquo;apprentissage<\/strong><\/h4>\n<p>Consultez nos infographies et documents sur les sujets les plus importants en mati\u00e8re de technologie de r\u00e9seau, comme la 5G et la fracture num\u00e9rique au Canada.<\/p>\n                          <div class=\"button-group align-center\">\n                            <a class=\"button button-transparent\" href=\"https:\/\/www.cengn.ca\/fr\/centre-dinformation\/\" target=\"_blank\">Parcourez nos ressources d&#039;apprentissage<\/a>\n                              <\/div>\n                  <\/div>\n    <\/div>\n  <\/div>\n<\/section>\n\n\n\n\n\n<section class=\"section section--project-archive\">\n  <div class=\"grid-container\">\n              <h2 class=\"heavy text-center\">\u00c9tudes de cas de projets<\/h2>\n                    <h5 class=\"text-center\">Parcourez notre site pour en savoir plus sur les startups et scaleups technologiques qui ont r\u00e9alis\u00e9 des projets de commercialisation avec CENGN, leurs solutions innovantes et la mani\u00e8re dont un projet CENGN s&rsquo;inscrit dans leur parcours de croissance commerciale.<\/h5>\n            <div class=\"grid-container\">\n        <div class=\"grid-x grid-padding-x align-center\">\n                                          <div class=\"cell medium-6 large-4\">\n                  <div class=\"project-block\">\n                    <div class=\"project-block-image\" style=\"background-image: url(https:\/\/www.cengn.ca\/wp-content\/uploads\/2022\/10\/Social-Media-Promo-Graphic-Advanced-Symbolics-1024x535.jpg); background-size: cover; background-position: center center;\">\n                      <p class=\"date-over-image\">octobre 27, 2022<\/p>\n                    <\/div>\n                    <div class=\"project-block-content\">\n                                              <img decoding=\"async\" src=\"https:\/\/www.cengn.ca\/wp-content\/uploads\/2022\/10\/redlogo-scaled-2.png\" alt=\"\" class=\"project-logo-small\">\n                                            <p class=\"extra-large\">Advanced Symbolics<\/p>\n                                              <p class=\"project-tagline\">Prise de d\u00e9cision de gestion par IA avec symbolique avanc\u00e9e<\/p>\n                                            <p>Advanced Symbolics est la premi\u00e8re entreprise \u00e0 proposer un \u00e9chantillonnage probabiliste des m\u00e9dias sociaux. Askpolly, une IA d\u00e9velopp\u00e9e \u00e0 l\u2019Universit\u00e9 d\u2019Ottawa, peut ainsi combiner la rigueur scientifique des sondages traditionnels \u00e0 l\u2019imm\u00e9diatet\u00e9 de l\u2019\u00e9coute des m\u00e9dias sociaux.<\/p>\n                      <a href=\"https:\/\/www.cengn.ca\/fr\/project\/case-studies\/advanced-symbolics\/\" class=\"arrow-button\">En savoir plus&nbsp;<img decoding=\"async\" src=\"https:\/\/www.cengn.ca\/wp-content\/themes\/cengn\/img\/arrow.svg\" alt=\"\"><\/a>\n                                                <a href=\"https:\/\/cengn.ca\/projects\/project-case-studies\/?project-area=intelligence-artificielle\" class=\"category-link red\">Intelligence artificielle<\/a>\n                                            <\/div>\n                  <\/div>\n                <\/div>\n                                                <div class=\"cell medium-6 large-4\">\n                  <div class=\"project-block\">\n                    <div class=\"project-block-image\" style=\"background-image: url(https:\/\/www.cengn.ca\/wp-content\/uploads\/2022\/10\/Social-Media-Promo-Graphic-Field-Effect-1024x535.jpg); background-size: cover; background-position: center center;\">\n                      <p class=\"date-over-image\">octobre 27, 2022<\/p>\n                    <\/div>\n                    <div class=\"project-block-content\">\n                                              <img decoding=\"async\" src=\"https:\/\/www.cengn.ca\/wp-content\/uploads\/2022\/10\/logo_FieldEffect_scaled.png\" alt=\"\" class=\"project-logo-small\">\n                                            <p class=\"extra-large\">Field Effect<\/p>\n                                              <p class=\"project-tagline\">Formation pratique et r\u00e9aliste en cybers\u00e9curit\u00e9 avec Cyber Range<\/p>\n                                            <p>La gamme Cyber de Field Effect permet aux instructeurs de concevoir rapidement des environnements, en utilisant l&rsquo;\u00e9dition par glisser-d\u00e9poser tout en reproduisant l&rsquo;environnement pour chaque \u00e9l\u00e8ve. Les \u00e9l\u00e8ves sont isol\u00e9s les uns des autres, n&rsquo;ont besoin que d&rsquo;un navigateur et&#8230;<\/p>\n                      <a href=\"https:\/\/www.cengn.ca\/fr\/project\/case-studies\/field-effect\/\" class=\"arrow-button\">En savoir plus&nbsp;<img decoding=\"async\" src=\"https:\/\/www.cengn.ca\/wp-content\/themes\/cengn\/img\/arrow.svg\" alt=\"\"><\/a>\n                                                <a href=\"https:\/\/cengn.ca\/projects\/project-case-studies\/?project-area=securite\" class=\"category-link red\">S\u00e9curit\u00e9<\/a>\n                                            <\/div>\n                  <\/div>\n                <\/div>\n                                                <div class=\"cell medium-6 large-4\">\n                  <div class=\"project-block\">\n                    <div class=\"project-block-image\" style=\"background-image: url(https:\/\/www.cengn.ca\/wp-content\/uploads\/2022\/10\/Social-Media-Promo-Graphic-Nortac-1024x535.jpg); background-size: cover; background-position: center center;\">\n                      <p class=\"date-over-image\">octobre 17, 2022<\/p>\n                    <\/div>\n                    <div class=\"project-block-content\">\n                                              <img decoding=\"async\" src=\"https:\/\/www.cengn.ca\/wp-content\/uploads\/2022\/10\/Picture2-e1666033041542.png\" alt=\"\" class=\"project-logo-small\">\n                                            <p class=\"extra-large\">NORTAC Defence<\/p>\n                                              <p class=\"project-tagline\">Commandement et contr\u00f4le mondiaux<\/p>\n                                            <p>NORTAC Defence\u00ae est un fournisseur leader de mat\u00e9riel et de logiciels pour la connaissance de la situation et le commandement et le contr\u00f4le au niveau tactique. La plateforme fournit aux organisations des applications Web s\u00e9curis\u00e9es ou des solutions sur site&#8230;<\/p>\n                      <a href=\"https:\/\/www.cengn.ca\/fr\/project\/case-studies\/nortac-defence\/\" class=\"arrow-button\">En savoir plus&nbsp;<img decoding=\"async\" src=\"https:\/\/www.cengn.ca\/wp-content\/themes\/cengn\/img\/arrow.svg\" alt=\"\"><\/a>\n                                                <a href=\"https:\/\/cengn.ca\/projects\/project-case-studies\/?project-area=centre-de-donnees-et-cloud\" class=\"category-link red\">Centre de donn\u00e9es et Cloud<\/a>\n                                            <\/div>\n                  <\/div>\n                <\/div>\n                                          \n        <\/div>\n      <\/div>\n              <div class=\"text-center see-all-projects\">\n            <a class=\"arrow-button\" href=\"https:\/\/www.cengn.ca\/fr\/projets\/parcourir-les-projets-cengn\/\" target=\"_self\">Voir plus d&#039;\u00e9tudes de cas de projets&nbsp;<img decoding=\"async\" src=\"https:\/\/www.cengn.ca\/wp-content\/themes\/cengn\/img\/arrow.svg\" class=\"no-lazyload\" alt=\"\"><\/a>\n        <\/div>\n        <\/div>\n<\/section>\n\n\n<div class=\"wp-block-buttons is-content-justification-center is-layout-flex wp-container-core-buttons-is-layout-16018d1d wp-block-buttons-is-layout-flex\"><\/div>\n\n\n\n<div class=\"wp-block-buttons is-layout-flex wp-block-buttons-is-layout-flex\"><\/div>\n","protected":false},"excerpt":{"rendered":"","protected":false},"author":3,"featured_media":0,"parent":0,"menu_order":40,"comment_status":"closed","ping_status":"closed","template":"","meta":{"_acf_changed":false,"content-type":"","footnotes":""},"class_list":["post-23338","page","type-page","status-publish","hentry"],"acf":[],"_links":{"self":[{"href":"https:\/\/www.cengn.ca\/fr\/wp-json\/wp\/v2\/pages\/23338","targetHints":{"allow":["GET"]}}],"collection":[{"href":"https:\/\/www.cengn.ca\/fr\/wp-json\/wp\/v2\/pages"}],"about":[{"href":"https:\/\/www.cengn.ca\/fr\/wp-json\/wp\/v2\/types\/page"}],"author":[{"embeddable":true,"href":"https:\/\/www.cengn.ca\/fr\/wp-json\/wp\/v2\/users\/3"}],"replies":[{"embeddable":true,"href":"https:\/\/www.cengn.ca\/fr\/wp-json\/wp\/v2\/comments?post=23338"}],"version-history":[{"count":13,"href":"https:\/\/www.cengn.ca\/fr\/wp-json\/wp\/v2\/pages\/23338\/revisions"}],"predecessor-version":[{"id":31731,"href":"https:\/\/www.cengn.ca\/fr\/wp-json\/wp\/v2\/pages\/23338\/revisions\/31731"}],"wp:attachment":[{"href":"https:\/\/www.cengn.ca\/fr\/wp-json\/wp\/v2\/media?parent=23338"}],"curies":[{"name":"wp","href":"https:\/\/api.w.org\/{rel}","templated":true}]}}