{"id":23352,"date":"2021-09-15T09:27:06","date_gmt":"2021-09-15T13:27:06","guid":{"rendered":"https:\/\/www.cengn.ca\/programme-de-haut-debit-residentiel\/"},"modified":"2025-09-19T11:58:14","modified_gmt":"2025-09-19T15:58:14","slug":"programme-de-haut-debit-residentiel","status":"publish","type":"page","link":"https:\/\/www.cengn.ca\/fr\/programme-de-haut-debit-residentiel\/","title":{"rendered":"Programme de haut d\u00e9bit r\u00e9sidentiel"},"content":{"rendered":"\n<section class=\"section section--impact page-impact parallax-section  alignfull\">\n  <div class=\"impact-overlay\"><\/div>\n  <div class=\"parallax-bg\" style=\"background-image: url(https:\/\/www.cengn.ca\/wp-content\/uploads\/2021\/09\/children-using-tablet-computer-with-man-at-park-E345D2M-scaled.jpg); background-size: cover; background-position: center center;\"><\/div>\n  <div class=\"grid-container fade-up-and-in\">\n    <div class=\"grid-x\">\n      <div class=\"cell text-center\">\n                          <h1 class=\"heavy\">Programme de haut d\u00e9bit r\u00e9sidentiel<\/h1>\n                                  <div class=\"button-group align-center\">\n                      <\/div>\n                  <\/div>\n    <\/div>\n  <\/div>\n<\/section>\n\n\n\n<section class=\"section section--text-block simple-fade blanc alignfull\">\n  <div class=\"grid-container\">\n    <div class=\"grid-x grid-padding-x align-middle\">\n      <div class=\"cell text-center\">\n                          <h3>Apporter une connexion haut d\u00e9bit aux communaut\u00e9s mal desservies<\/h3>\n                          <p>Le programme r\u00e9sidentiel \u00e0 large bande du CENGN a \u00e9t\u00e9 achev\u00e9 en 2023. Le CENGN a permis la mise en \u0153uvre de projets novateurs dans le Nord et les r\u00e9gions rurales de l\u2019Ontario afin de fournir des solutions qui am\u00e9liorent la connectivit\u00e9 et comblent la fracture num\u00e9rique entre les collectivit\u00e9s \u00e9loign\u00e9es et les centres urbains du Canada. Le programme a permis d\u2019offrir un acc\u00e8s \u00e0 large bande flexible, moins co\u00fbteux et plus performant aux r\u00e9sidences des collectivit\u00e9s rurales de l\u2019Ontario.  <\/p>\n                      <\/div>\n    <\/div>\n  <\/div>\n<\/section>\n\n\n\n<section class=\"section section--video-feature  alignfull\">\n  <div class=\"grid-container text-center\">\n          <h3 class=\"heavy\">Regardez la vid\u00e9o ci-dessous pour en savoir plus sur le programme de haut d\u00e9bit r\u00e9sidentiel du CENGN<\/h3>\n        <div class=\"video-feature \">\n              <div class=\"featured-video-thumbnail\" style=\"background-image: url(https:\/\/www.cengn.ca\/wp-content\/uploads\/2021\/06\/Screen-Shot-2021-08-25-at-5.09.34-PM-1920x1116.png); background-size: cover; background-position: center center;\"><\/div>\n            <img decoding=\"async\" src=\"https:\/\/www.cengn.ca\/wp-content\/themes\/cengn\/img\/play-btn.svg\" class=\"featured-video-play\" alt=\"\">\n              <div class=\"embed-container\" data-src=\"https:\/\/www.youtube.com\/embed\/MB8v7QfA8vg?&#038;autoplay=1\"><\/div>\n           <\/div>\n      <\/div>\n<\/section>\n\n\n\n<section class=\"section section--text-with-image simple-fade  block dark-grey alignfull\">\n  <div class=\"grid-container\">\n    <div class=\"grid-x grid-padding-x align-middle\">\n      \n        <div class=\"cell\">\n          <div class=\"text-with-image-bg dark-grey\">\n            <div class=\"grid-container\">\n              <div class=\"grid-x grid-padding-x \">\n                <div class=\"cell medium-5 \">\n                                        <div class=\"text-with-image--image\" style=\"background-image: url(https:\/\/www.cengn.ca\/wp-content\/uploads\/2021\/06\/smart-farming-using-modern-technologies-in-agricul-PQ3WRAS-1024x683.jpg); background-size: cover; background-position: center center; background-repeat: no-repeat;\"><\/div>\n                                      <\/div>\n                  <div class=\"cell medium-7 \">\n                    <div class=\"text-with-image--text\">\n                      <h2 class=\"heavy\"><\/h2>\n                                              <h4 class=\"heavy\">Comment un projet a-t-il aid\u00e9 ?<\/h4>\n                                                                    <p><p>Seulement 46 % des m\u00e9nages ruraux et 24 % des communaut\u00e9s autochtones ont acc\u00e8s \u00e0 Internet \u00e0 haut d\u00e9bit. L\u2019acc\u00e8s \u00e0 une connectivit\u00e9 am\u00e9lior\u00e9e est largement reconnu comme ayant l\u2019impact le plus important sur la r\u00e9ussite d\u2019une communaut\u00e9, tant en termes de croissance \u00e9conomique que de services publics. Le fait est que les communaut\u00e9s rurales et \u00e9loign\u00e9es sont mal desservies en raison des obstacles uniques qui limitent l\u2019analyse de rentabilisation des d\u00e9ploiements de r\u00e9seaux. La plupart des communaut\u00e9s \u00e9loign\u00e9es ont une population \u00e0 faible densit\u00e9 et des paysages g\u00e9ographiques diff\u00e9rents (lacs, for\u00eats, cha\u00eenes de montagnes, etc.) qui peuvent pr\u00e9senter des probl\u00e8mes sp\u00e9cifiques de connectivit\u00e9. Pour chaque probl\u00e8me unique, une solution innovante est n\u00e9cessaire pour permettre le d\u00e9ploiement d\u2019un meilleur service rentable \u00e0 la fois pour le fournisseur de services Internet et pour la communaut\u00e9. Gr\u00e2ce \u00e0 la collaboration de la communaut\u00e9 et du fournisseur de services, des services \u00e0 large bande et une connectivit\u00e9 fiables peuvent \u00eatre mis en \u0153uvre dans les r\u00e9gions cibl\u00e9es. Un projet \u00e0 large bande du CENGN a vu le d\u00e9ploiement permanent de services Internet \u00e0 haut d\u00e9bit sp\u00e9cialement con\u00e7us pour cette r\u00e9gion r\u00e9sidentielle mal desservie, permettant \u00e0 cette communaut\u00e9 d\u2019acc\u00e9der aux services Internet essentiels. Ces services ont d\u00e9velopp\u00e9 de nouveaux \u00e9cosyst\u00e8mes r\u00e9sidentiels \u00e0 large bande et favorisent de nouvelles approches technologiques qui peuvent am\u00e9liorer consid\u00e9rablement les analyses de rentabilisation ou les nouveaux mod\u00e8les commerciaux. Au-del\u00e0 des avantages qu&rsquo;il a apport\u00e9s \u00e0 la communaut\u00e9 d&rsquo;accueil du projet, le CENGN a document\u00e9 les \u00e9l\u00e9ments qui ont fait du projet un succ\u00e8s. Nous appelons cela le plan directeur, et ce plan directeur a pour but de partager des solutions techniques \u00e9prouv\u00e9es avec les fournisseurs de services, afin qu&rsquo;ils puissent d\u00e9ployer de mani\u00e8re rentable des services Internet am\u00e9lior\u00e9s dans d&rsquo;autres communaut\u00e9s confront\u00e9es \u00e0 des obstacles similaires en mati\u00e8re de d\u00e9ploiement du haut d\u00e9bit.         <\/p>\n<\/p>\n                                                                  \t<a class=\"button\" href=\"https:\/\/www.cengn.ca\/fr\/ressources\/livres-blancs\/plans-dinstallation-dinternet-a-haut-debit-en-milieu-rural\/\" target=\"_self\">Lisez nos plans de haut d\u00e9bit r\u00e9sidentiel<\/a>\n                                          <\/div>\n                  <\/div>\n              <\/div>\n            <\/div>\n          <\/div>\n        <\/div>\n      \n    <\/div>\n  <\/div>\n<\/section>\n\n\n\n<section class=\"section section--text-with-image simple-fade  block dark-grey alignfull\">\n  <div class=\"grid-container\">\n    <div class=\"grid-x grid-padding-x align-middle\">\n      \n        <div class=\"cell\">\n          <div class=\"text-with-image-bg dark-grey\">\n            <div class=\"grid-container\">\n              <div class=\"grid-x grid-padding-x \">\n                <div class=\"cell medium-5 medium-order-2\">\n                                        <div class=\"text-with-image--image\" style=\"background-image: url(https:\/\/www.cengn.ca\/wp-content\/uploads\/2021\/06\/happy-kids-using-mobile-phone-WEB2G4V-1024x683.jpg); background-size: cover; background-position: center center; background-repeat: no-repeat;\"><\/div>\n                                      <\/div>\n                  <div class=\"cell medium-7 medium-order-1\">\n                    <div class=\"text-with-image--text\">\n                      <h2 class=\"heavy\"><\/h2>\n                                              <h4 class=\"heavy\">Qu&rsquo;est-ce que cela signifie si ma communaut\u00e9 a \u00e9t\u00e9 s\u00e9lectionn\u00e9e pour un projet ?<\/h4>\n                                                                    <p><p>Si votre communaut\u00e9 a \u00e9t\u00e9 s\u00e9lectionn\u00e9e pour un projet, voici \u00e0 quoi vous attendre :  <\/p>\n<ol>\n<li>Une annonce sera faite indiquant que votre communaut\u00e9 a \u00e9t\u00e9 s\u00e9lectionn\u00e9e pour servir de cas d&rsquo;utilisation pour un projet de haut d\u00e9bit CENGN sp\u00e9cifique en raison des obstacles uniques rencontr\u00e9s par la communaut\u00e9 au d\u00e9ploiement efficace du haut d\u00e9bit.<\/li>\n<li>Un fournisseur d&rsquo;acc\u00e8s Internet aura \u00e9t\u00e9 s\u00e9lectionn\u00e9 comme partenaire technique pour fournir un service Internet am\u00e9lior\u00e9 dans votre communaut\u00e9. Il commencera le d\u00e9ploiement de l&rsquo;infrastructure r\u00e9seau en collaboration avec les repr\u00e9sentants de votre communaut\u00e9. <\/li>\n<li>Un meilleur service sera d\u00e9ploy\u00e9 dans votre communaut\u00e9, mais pas n\u00e9cessairement dans toutes les r\u00e9gions\/r\u00e9sidences. Pour savoir si votre r\u00e9gion\/r\u00e9sidence b\u00e9n\u00e9ficiera de nouveaux services, contactez le fournisseur de services Internet. <\/li>\n<\/ol>\n<\/p>\n                                                                <\/div>\n                  <\/div>\n              <\/div>\n            <\/div>\n          <\/div>\n        <\/div>\n      \n    <\/div>\n  <\/div>\n<\/section>\n\n\n\n<h4 class=\"wp-block-heading has-text-align-center\"><meta charset=\"utf-8\"><strong>Qui est impliqu\u00e9 dans un projet de haut d\u00e9bit r\u00e9sidentiel du CENGN&nbsp;?<\/strong><\/h4>\n\n\n\n<h6 class=\"wp-block-heading has-text-align-center\"><meta charset=\"utf-8\">Le programme de large bande r\u00e9sidentielle du CENGN est facilit\u00e9 par la collaboration de diff\u00e9rents partenaires qui se r\u00e9unissent pour offrir une meilleure connectivit\u00e9 aux communaut\u00e9s rurales, du Nord et des Premi\u00e8res Nations.<strong> <\/strong><\/h6>\n\n\n\n<figure class=\"wp-block-table\"><table><thead><tr><th><meta charset=\"utf-8\">Partenaire<\/th><th><meta charset=\"utf-8\">R\u00f4le<\/th><\/tr><\/thead><tbody><tr><td><meta charset=\"utf-8\"><strong>Le gouvernement de l\u2019Ontario<\/strong><\/td><td><meta charset=\"utf-8\">Finance le <a href=\"https:\/\/cengn.ca\/next-generation-network-program\/\">programme<\/a> <a href=\"https:\/\/www.cengn.ca\/next-generation-network-program-en\/\">de r\u00e9seau de nouvelle g\u00e9n\u00e9ration<\/a> <a href=\"https:\/\/www.cengn.ca\/fr\/programme-de-reseau-de-nouvelle-generation\/\" target=\"_blank\" rel=\"noreferrer noopener\">(NGNP)<\/a> . Dans le cadre du NGNP, le programme de haut d\u00e9bit r\u00e9sidentiel du CENGN fournit jusqu&rsquo;\u00e0 500 000 $ de financement \u00e0 chaque projet de haut d\u00e9bit. <\/td><\/tr><tr><td><meta charset=\"utf-8\"><strong>CENGN<\/strong><\/td><td><meta charset=\"utf-8\">\u2022 Organisation charg\u00e9e de mettre en \u0153uvre le NGNP et le programme de haut d\u00e9bit r\u00e9sidentiel du CENGN.<br>\u2022 Identifie un obstacle sp\u00e9cifique au d\u00e9ploiement de la connectivit\u00e9 dans une communaut\u00e9 rurale ou \u00e9loign\u00e9e et \u00e9labore un \u00e9nonc\u00e9 du probl\u00e8me qui servira de base au projet.<br>\u2022 Par le biais d\u2019un appel \u00e0 participation, le CENGN s\u00e9lectionne un partenaire communautaire appropri\u00e9 dont les r\u00e9sidents sont confront\u00e9s aux obstacles \u00e0 la connectivit\u00e9 fix\u00e9s par l\u2019\u00e9nonc\u00e9 du probl\u00e8me et le partenaire technique qui d\u00e9ploiera et fournira le service \u00e0 large bande.<br>\u2022 Une fois le projet termin\u00e9, le CENGN obtient un plan d\u00e9taill\u00e9, bien test\u00e9, suivi et document\u00e9 du plan de mise en \u0153uvre et des services Internet qui en r\u00e9sultent. Ce plan d\u00e9taill\u00e9 est partag\u00e9 avec d&rsquo;autres communaut\u00e9s ayant besoin d&rsquo;une solution similaire pour am\u00e9liorer les services Internet. <\/td><\/tr><tr><td><meta charset=\"utf-8\"><strong><strong>Partenaire technique (fournisseur d&rsquo;acc\u00e8s Internet)<\/strong><\/strong><\/td><td><meta charset=\"utf-8\">\u2022 S\u00e9lectionn\u00e9 par CENGN pour fournir la solution haut d\u00e9bit au probl\u00e8me pos\u00e9.<br>\u2022 Fournit ses services Internet au domicile du Partenaire Communautaire.<br>\u2022 Fournit tous les \u00e9quipements d\u2019infrastructure \u00e0 installer dans la communaut\u00e9 s\u00e9lectionn\u00e9e.<br>\u2022 Fournit la main-d\u2019\u0153uvre et le soutien pour installer l\u2019\u00e9quipement et mettre en service compl\u00e8tement la solution technique dans la communaut\u00e9.<br>\u2022 Fournit l\u2019acc\u00e8s \u00e0 l\u2019infrastructure qui permettra au CENGN et au partenaire communautaire d\u2019\u00e9valuer les niveaux de performance pendant le projet.<\/td><\/tr><tr><td><meta charset=\"utf-8\"><strong><strong>Partenaire communautaire (fournisseur de services Internet)<\/strong><\/strong><\/td><td><meta charset=\"utf-8\">\u2022 S\u00e9lectionn\u00e9 par le CENGN comme communaut\u00e9 qui correspond \u00e0 un cas d&rsquo;utilisation commerciale appropri\u00e9 pour l&rsquo;\u00e9nonc\u00e9 du probl\u00e8me.<br>\u2022 Soutient le d\u00e9ploiement de services \u00e0 large bande aupr\u00e8s de ses r\u00e9sidents.<br>\u2022 Travaille en collaboration avec le partenaire technique pour d\u00e9ployer des solutions innovantes dans la communaut\u00e9.<br>\u2022 Les r\u00e9gions au sein de la communaut\u00e9 re\u00e7oivent des services \u00e0 large bande rentables et \u00e0 long terme de la part du partenaire technique.<\/td><\/tr><\/tbody><\/table><\/figure>\n\n\n\n<section class=\"section section--text-with-image simple-fade  block dark-grey alignfull\">\n  <div class=\"grid-container\">\n    <div class=\"grid-x grid-padding-x align-middle\">\n      \n        <div class=\"cell\">\n          <div class=\"text-with-image-bg dark-grey\">\n            <div class=\"grid-container\">\n              <div class=\"grid-x grid-padding-x \">\n                <div class=\"cell medium-5 \">\n                                        <div class=\"text-with-image--image\" style=\"background-image: url(https:\/\/www.cengn.ca\/wp-content\/uploads\/2022\/02\/Blueprints-Header-1024x682.jpg); background-size: cover; background-position: center center; background-repeat: no-repeat;\"><\/div>\n                                      <\/div>\n                  <div class=\"cell medium-7 \">\n                    <div class=\"text-with-image--text\">\n                      <h2 class=\"heavy\">Plans d&rsquo;acc\u00e8s \u00e0 Internet \u00e0 haut d\u00e9bit en milieu rural<\/h2>\n                                              <h4 class=\"heavy\">Rapports d\u00e9taill\u00e9s sur nos projets r\u00e9sidentiels \u00e0 large bande<\/h4>\n                                                                    <p><p>Le programme de large bande r\u00e9sidentielle du CENGN vise \u00e0 combler le foss\u00e9 num\u00e9rique auquel sont confront\u00e9es les communaut\u00e9s rurales, du Nord et autochtones en permettant des d\u00e9ploiements commerciaux de large bande qui \u00e9liminent les obstacles \u00e0 la fourniture d&rsquo;Internet haute vitesse. Chaque projet implique le d\u00e9ploiement d&rsquo;une solution technologique innovante qui offre un acc\u00e8s r\u00e9sidentiel \u00e0 large bande flexible, moins co\u00fbteux et plus performant aux communaut\u00e9s \u00e9loign\u00e9es de l&rsquo;Ontario. Le CENGN compile les d\u00e9tails et les enseignements de ces projets dans des documents directeurs qui serviront de ressource aux autres communaut\u00e9s confront\u00e9es \u00e0 des obstacles similaires \u00e0 l&rsquo;acc\u00e8s \u00e0 la large bande.  <\/p>\n<\/p>\n                                                                  \t<a class=\"button\" href=\"https:\/\/www.cengn.ca\/fr\/ressources\/livres-blancs\/plans-dinstallation-dinternet-a-haut-debit-en-milieu-rural\/\" target=\"_self\">Acc\u00e9der aux plans d&#039;acc\u00e8s au haut d\u00e9bit r\u00e9sidentiel<\/a>\n                                          <\/div>\n                  <\/div>\n              <\/div>\n            <\/div>\n          <\/div>\n        <\/div>\n      \n    <\/div>\n  <\/div>\n<\/section>\n\n\n\n<h6 class=\"wp-block-heading has-text-align-center\">Pour toute demande relative \u00e0 la<br> Programme de haut d\u00e9bit r\u00e9sidentiel, veuillez contacter :<\/h6>\n\n\n\n<h6 class=\"wp-block-heading has-text-align-center\"><strong><a href=\"mailto:Broadband@cengn.ca\">Broadband@cengn.ca<\/a><\/strong><\/h6>\n","protected":false},"excerpt":{"rendered":"<p>Qui est impliqu\u00e9 dans un projet de haut d\u00e9bit r\u00e9sidentiel du CENGN&nbsp;? Le programme de large bande r\u00e9sidentielle du CENGN est facilit\u00e9 par la collaboration de diff\u00e9rents partenaires qui se r\u00e9unissent pour offrir une meilleure connectivit\u00e9 aux communaut\u00e9s rurales, du Nord et des Premi\u00e8res Nations. Partenaire R\u00f4le Le gouvernement de l\u2019Ontario Finance le programme de [&hellip;]<\/p>\n","protected":false},"author":6,"featured_media":0,"parent":0,"menu_order":39,"comment_status":"closed","ping_status":"closed","template":"","meta":{"_acf_changed":false,"content-type":"","footnotes":""},"class_list":["post-23352","page","type-page","status-publish","hentry"],"acf":[],"_links":{"self":[{"href":"https:\/\/www.cengn.ca\/fr\/wp-json\/wp\/v2\/pages\/23352","targetHints":{"allow":["GET"]}}],"collection":[{"href":"https:\/\/www.cengn.ca\/fr\/wp-json\/wp\/v2\/pages"}],"about":[{"href":"https:\/\/www.cengn.ca\/fr\/wp-json\/wp\/v2\/types\/page"}],"author":[{"embeddable":true,"href":"https:\/\/www.cengn.ca\/fr\/wp-json\/wp\/v2\/users\/6"}],"replies":[{"embeddable":true,"href":"https:\/\/www.cengn.ca\/fr\/wp-json\/wp\/v2\/comments?post=23352"}],"version-history":[{"count":6,"href":"https:\/\/www.cengn.ca\/fr\/wp-json\/wp\/v2\/pages\/23352\/revisions"}],"predecessor-version":[{"id":24829,"href":"https:\/\/www.cengn.ca\/fr\/wp-json\/wp\/v2\/pages\/23352\/revisions\/24829"}],"wp:attachment":[{"href":"https:\/\/www.cengn.ca\/fr\/wp-json\/wp\/v2\/media?parent=23352"}],"curies":[{"name":"wp","href":"https:\/\/api.w.org\/{rel}","templated":true}]}}