{"id":23355,"date":"2021-08-27T07:51:25","date_gmt":"2021-08-27T11:51:25","guid":{"rendered":"https:\/\/www.cengn.ca\/annuaire-du-sommet-cengn\/"},"modified":"2024-10-15T15:58:40","modified_gmt":"2024-10-15T19:58:40","slug":"annuaire-du-sommet-cengn","status":"publish","type":"page","link":"https:\/\/www.cengn.ca\/fr\/evenements\/annuaire-du-sommet-cengn\/","title":{"rendered":"Annuaire du sommet CENGN"},"content":{"rendered":"\n<section class=\"section section--impact page-impact parallax-section  alignfull\">\n  <div class=\"impact-overlay\"><\/div>\n  <div class=\"parallax-bg\" style=\"background-image: url(https:\/\/www.cengn.ca\/wp-content\/uploads\/2021\/08\/CENGN-Summit.jpg); background-size: cover; background-position: center center;\"><\/div>\n  <div class=\"grid-container fade-up-and-in\">\n    <div class=\"grid-x\">\n      <div class=\"cell text-center\">\n                          <h1 class=\"heavy\">Sommet du CENGN<\/h1>\n                          <h4>Le sommet du CENGN sera de retour !\n\n\n<\/h4>\n                          <div class=\"button-group align-center\">\n                            <a class=\"button button-solid\" href=\"https:\/\/www.cengnsummit.ca\/\" target=\"_blank\">Restez \u00e0 l&#039;\u00e9coute pour plus de d\u00e9tails<\/a>\n                              <\/div>\n                  <\/div>\n    <\/div>\n  <\/div>\n<\/section>\n\n<section class=\"section section--annual-reports\">\n  <div class=\"grid-container\">\n    <div class=\"grid-x grid-padding-x align-middle\">\n      <div class=\"cell\">\n        <div class=\"report-timeline\">\n                          <div class=\"report-timeline-item\">\n                                      <img decoding=\"async\" src=\"https:\/\/www.cengn.ca\/wp-content\/uploads\/2021\/11\/CENGN-Summit-Recap-Graphic-01.jpg\" alt=\"\">\n                                    <div class=\"report-timeline-content\">\n                                          <h2>2021<\/h2>\n                                                                        <a class=\"arrow-button\" href=\"https:\/\/www.cengn.ca\/information-centre\/news\/cengn-summit-2021-embracing-digital-disruption\/\" target=\"_self\">R\u00e9capitulatif de l&#039;\u00e9v\u00e9nement&nbsp;<img decoding=\"async\" src=\"https:\/\/www.cengn.ca\/wp-content\/themes\/cengn\/img\/arrow.svg\" alt=\"\"><\/a>\n                                              <\/div>\n                <\/div>\n                                <div class=\"report-timeline-item\">\n                                      <img decoding=\"async\" src=\"https:\/\/www.cengn.ca\/wp-content\/uploads\/2021\/08\/CENGN-Summit-2020.png\" alt=\"\">\n                                    <div class=\"report-timeline-content\">\n                                          <h2>2020<\/h2>\n                                                                        <a class=\"arrow-button\" href=\"https:\/\/www.cengn.ca\/information-centre\/news\/events\/cengn-summit-2020-in-a-snapshot\/\" target=\"_self\">R\u00e9capitulatif de l&#039;\u00e9v\u00e9nement&nbsp;<img decoding=\"async\" src=\"https:\/\/www.cengn.ca\/wp-content\/themes\/cengn\/img\/arrow.svg\" alt=\"\"><\/a>\n                                              <\/div>\n                <\/div>\n                                <div class=\"report-timeline-item\">\n                                      <img decoding=\"async\" src=\"https:\/\/www.cengn.ca\/wp-content\/uploads\/2021\/08\/CENGN-Summit-2019.png\" alt=\"\">\n                                    <div class=\"report-timeline-content\">\n                                          <h2>2019<\/h2>\n                                                                        <a class=\"arrow-button\" href=\"https:\/\/www.cengn.ca\/information-centre\/news\/events\/cengn-summit-highlights-2019\/\" target=\"_self\">R\u00e9capitulatif de l&#039;\u00e9v\u00e9nement&nbsp;<img decoding=\"async\" src=\"https:\/\/www.cengn.ca\/wp-content\/themes\/cengn\/img\/arrow.svg\" alt=\"\"><\/a>\n                                              <\/div>\n                <\/div>\n                                <div class=\"report-timeline-item\">\n                                      <img decoding=\"async\" src=\"https:\/\/www.cengn.ca\/wp-content\/uploads\/2021\/08\/CENGN-Summit-2018.png\" alt=\"\">\n                                    <div class=\"report-timeline-content\">\n                                          <h2>2018<\/h2>\n                                                                        <a class=\"arrow-button\" href=\"https:\/\/www.cengn.ca\/information-centre\/news\/summit-2018-top-highlights\/\" target=\"_self\">R\u00e9capitulatif de l&#039;\u00e9v\u00e9nement&nbsp;<img decoding=\"async\" src=\"https:\/\/www.cengn.ca\/wp-content\/themes\/cengn\/img\/arrow.svg\" alt=\"\"><\/a>\n                                              <\/div>\n                <\/div>\n                                <div class=\"report-timeline-item\">\n                                      <img decoding=\"async\" src=\"https:\/\/www.cengn.ca\/wp-content\/uploads\/2021\/08\/CENGN-Summit-2017.png\" alt=\"\">\n                                    <div class=\"report-timeline-content\">\n                                          <h2>2017<\/h2>\n                                                                        <a class=\"arrow-button\" href=\"https:\/\/www.cengn.ca\/information-centre\/news\/events\/cengn-summit-2017-blog\/\" target=\"_self\">R\u00e9capitulatif de l&#039;\u00e9v\u00e9nement&nbsp;<img decoding=\"async\" src=\"https:\/\/www.cengn.ca\/wp-content\/themes\/cengn\/img\/arrow.svg\" alt=\"\"><\/a>\n                                              <\/div>\n                <\/div>\n                                <div class=\"report-timeline-item\">\n                                      <img decoding=\"async\" src=\"https:\/\/www.cengn.ca\/wp-content\/uploads\/2021\/08\/CENGN-Summit-2016.png\" alt=\"\">\n                                    <div class=\"report-timeline-content\">\n                                          <h2>2016<\/h2>\n                                                                        <a class=\"arrow-button\" href=\"https:\/\/www.cengn.ca\/information-centre\/news\/events\/cengn-summit-2016-blog\/\" target=\"_self\">R\u00e9capitulatif de l&#039;\u00e9v\u00e9nement&nbsp;<img decoding=\"async\" src=\"https:\/\/www.cengn.ca\/wp-content\/themes\/cengn\/img\/arrow.svg\" alt=\"\"><\/a>\n                                              <\/div>\n                <\/div>\n                        <\/div>\n      <\/div>\n    <\/div>\n  <\/div>\n<\/section>\n","protected":false},"excerpt":{"rendered":"","protected":false},"author":6,"featured_media":0,"parent":23394,"menu_order":0,"comment_status":"closed","ping_status":"closed","template":"","meta":{"_acf_changed":false,"content-type":"","footnotes":""},"class_list":["post-23355","page","type-page","status-publish","hentry"],"acf":[],"_links":{"self":[{"href":"https:\/\/www.cengn.ca\/fr\/wp-json\/wp\/v2\/pages\/23355","targetHints":{"allow":["GET"]}}],"collection":[{"href":"https:\/\/www.cengn.ca\/fr\/wp-json\/wp\/v2\/pages"}],"about":[{"href":"https:\/\/www.cengn.ca\/fr\/wp-json\/wp\/v2\/types\/page"}],"author":[{"embeddable":true,"href":"https:\/\/www.cengn.ca\/fr\/wp-json\/wp\/v2\/users\/6"}],"replies":[{"embeddable":true,"href":"https:\/\/www.cengn.ca\/fr\/wp-json\/wp\/v2\/comments?post=23355"}],"version-history":[{"count":2,"href":"https:\/\/www.cengn.ca\/fr\/wp-json\/wp\/v2\/pages\/23355\/revisions"}],"predecessor-version":[{"id":23357,"href":"https:\/\/www.cengn.ca\/fr\/wp-json\/wp\/v2\/pages\/23355\/revisions\/23357"}],"up":[{"embeddable":true,"href":"https:\/\/www.cengn.ca\/fr\/wp-json\/wp\/v2\/pages\/23394"}],"wp:attachment":[{"href":"https:\/\/www.cengn.ca\/fr\/wp-json\/wp\/v2\/media?parent=23355"}],"curies":[{"name":"wp","href":"https:\/\/api.w.org\/{rel}","templated":true}]}}