{"id":23364,"date":"2021-06-03T16:51:56","date_gmt":"2021-06-03T20:51:56","guid":{"rendered":"https:\/\/www.cengn.ca\/equipe-de-direction\/"},"modified":"2026-03-31T09:21:13","modified_gmt":"2026-03-31T13:21:13","slug":"equipe-de-direction","status":"publish","type":"page","link":"https:\/\/www.cengn.ca\/fr\/a-propos\/equipe-de-direction\/","title":{"rendered":"\u00c9quipe de direction"},"content":{"rendered":"\n<section class=\"section section--impact page-impact parallax-section  alignfull\">\n  <div class=\"impact-overlay\"><\/div>\n  <div class=\"parallax-bg\" style=\"background-image: url(https:\/\/www.cengn.ca\/wp-content\/uploads\/2021\/08\/executive-team.jpg); background-size: cover; background-position: center center;\"><\/div>\n  <div class=\"grid-container fade-up-and-in\">\n    <div class=\"grid-x\">\n      <div class=\"cell text-center\">\n                          <h1 class=\"heavy\">\u00c9quipe de direction<\/h1>\n                                  <div class=\"button-group align-center\">\n                      <\/div>\n                  <\/div>\n    <\/div>\n  <\/div>\n<\/section>\n\n\n<div class=\"section-team--wrapper\">\n\n\n\n<section class=\"section section--executive-team\">\n  <div class=\"grid-container\">\n        <div class=\"grid-x grid-padding-x\">\n    \t\t  <div class=\"cell small-6 medium-3\">\n        <div class=\"team-block\" data-member=\"30193\">\n                      <div class=\"team-img\" style=\"background-image: url(https:\/\/www.cengn.ca\/wp-content\/uploads\/2025\/10\/Sandra-Cutrona-Profile-843x1024.jpeg); background-size: cover; background-position: center center;\"><\/div>\n                    <p>Sandra Cutrona<\/p>\n                      <small>Pr\u00e9sidente-directrice g\u00e9n\u00e9rale<\/small>\n                  <\/div>\n      <\/div>\n        <\/div>\n    <\/div>\n<\/section>\n\n\n\n\n  \n  <section class=\"section section--author-bio\" data-member=\"30193\">\n    <div class=\"grid-container\">\n      <div class=\"author-bio-inner\">\n        <div class=\"author-bio-left\">\n          <div class=\"team-img\" style=\"background-image: url(https:\/\/www.cengn.ca\/wp-content\/uploads\/2025\/10\/Sandra-Cutrona-Profile-843x1024.jpeg); background-size: cover; background-position: center center;\"><\/div>\n        <\/div>\n        <div class=\"author-bio-right\">\n          <h3>Sandra Cutrona<\/h3>\n                      <h5 class=\"heavy\">Pr\u00e9sidente-directrice g\u00e9n\u00e9rale<\/h5>\n                    <p style=\"text-align: left;\" data-start=\"84\" data-end=\"493\">En tant que pr\u00e9sidente-directrice g\u00e9n\u00e9rale de CENGN, Sandra Cutrona assure le leadership et la direction strat\u00e9gique de l\u2019organisation. Elle concr\u00e9tise la mission de CENGN en collaborant avec les acteurs cl\u00e9s des technologies de transformation au Canada afin de favoriser la commercialisation, la croissance et la comp\u00e9titivit\u00e9 mondiale de l\u2019\u00e9conomie de l\u2019innovation du pays.<\/p>\n<p style=\"text-align: left;\" data-start=\"495\" data-end=\"1168\">Forte de pr\u00e8s de 30 ans de leadership dans les t\u00e9l\u00e9communications et les technologies \u00e9mergentes, Sandra apporte une combinaison unique d\u2019excellence op\u00e9rationnelle, de d\u00e9veloppement de partenariats strat\u00e9giques et de leadership ax\u00e9 sur les personnes. Elle a occup\u00e9 des postes de direction dans les ventes, les op\u00e9rations, l\u2019ing\u00e9nierie et les technologies de l\u2019information d\u2019entreprise, plus r\u00e9cemment \u00e0 titre de vice-pr\u00e9sidente des ventes chez Ericsson. Sous sa direction, elle a constamment favoris\u00e9 la transformation organisationnelle et la croissance soutenue des revenus, soutenant ainsi l\u2019innovation dans le secteur technologique.<\/p>\n          <a href=\"#\" class=\"link red next-team-member\">Prochain membre de l&rsquo;\u00e9quipe<\/a>\n        <\/div>\n        <img decoding=\"async\" src=\"https:\/\/www.cengn.ca\/wp-content\/themes\/cengn\/img\/close-btn.svg\" class=\"author-bio-close\" alt=\"\">\n      <\/div>\n    <\/div>\n  <\/section>\n  \n  \n\n<\/div>\n\n<div class=\"section-team--wrapper\">\n\n\n\n<section class=\"section section--executive-team\">\n  <div class=\"grid-container\">\n        <div class=\"grid-x grid-padding-x\">\n    \t\t  <div class=\"cell small-6 medium-3\">\n        <div class=\"team-block\" data-member=\"23429\">\n                      <div class=\"team-img\" style=\"background-image: url(https:\/\/www.cengn.ca\/wp-content\/uploads\/2021\/08\/Boris-Mimeur-1-e1580840312140-640x640-1.png); background-size: cover; background-position: center center;\"><\/div>\n                    <p>Boris Mimeur<\/p>\n                      <small>Vice-pr\u00e9sident principal des op\u00e9rations technologiques et d&rsquo;ing\u00e9nierie<\/small>\n                  <\/div>\n      <\/div>\n    \t\t  <div class=\"cell small-6 medium-3\">\n        <div class=\"team-block\" data-member=\"23414\">\n                      <div class=\"team-img\" style=\"background-image: url(https:\/\/www.cengn.ca\/wp-content\/uploads\/2024\/01\/Steve-Hudson.jpg); background-size: cover; background-position: center center;\"><\/div>\n                    <p>Steve Hudson<\/p>\n                      <small>Vice-pr\u00e9sident, Finances<\/small>\n                  <\/div>\n      <\/div>\n        <\/div>\n    <\/div>\n<\/section>\n\n\n\n\n  \n  <section class=\"section section--author-bio\" data-member=\"23414\">\n    <div class=\"grid-container\">\n      <div class=\"author-bio-inner\">\n        <div class=\"author-bio-left\">\n          <div class=\"team-img\" style=\"background-image: url(https:\/\/www.cengn.ca\/wp-content\/uploads\/2024\/01\/Steve-Hudson.jpg); background-size: cover; background-position: center center;\"><\/div>\n        <\/div>\n        <div class=\"author-bio-right\">\n          <h3>Steve Hudson<\/h3>\n                      <h5 class=\"heavy\">Vice-pr\u00e9sident, Finances<\/h5>\n                    <p>Steve Hudson est vice-pr\u00e9sident des finances de CENGN. Il est charg\u00e9 de diriger l&rsquo;\u00e9quipe des finances de CENGN et de diriger la strat\u00e9gie et les ressources de CENGN pour atteindre l&rsquo;efficacit\u00e9 financi\u00e8re et op\u00e9rationnelle, la durabilit\u00e9 et l&rsquo;am\u00e9lioration des r\u00e9sultats, en veillant \u00e0 ce que le financement de CENGN soit utilis\u00e9 et maximis\u00e9 de mani\u00e8re efficace. Steve a plus de 30 ans d&rsquo;exp\u00e9rience en leadership financier dans un large \u00e9ventail d&rsquo;environnements commerciaux cot\u00e9s en bourse et priv\u00e9s, notamment la construction et le d\u00e9veloppement et la gestion immobili\u00e8re, la conception et la fabrication a\u00e9rospatiales, les soins de sant\u00e9, la conception et la fabrication de haute technologie et la navigation a\u00e9rienne. Steve est titulaire d&rsquo;un baccalaur\u00e9at en commerce de l&rsquo;Universit\u00e9 Queen&rsquo;s \u00e0 Kingston et est comptable professionnel agr\u00e9\u00e9 (CPA, CA).<\/p>\n          <a href=\"#\" class=\"link red next-team-member\">Prochain membre de l&rsquo;\u00e9quipe<\/a>\n        <\/div>\n        <img decoding=\"async\" src=\"https:\/\/www.cengn.ca\/wp-content\/themes\/cengn\/img\/close-btn.svg\" class=\"author-bio-close\" alt=\"\">\n      <\/div>\n    <\/div>\n  <\/section>\n  \n    \n  <section class=\"section section--author-bio\" data-member=\"23429\">\n    <div class=\"grid-container\">\n      <div class=\"author-bio-inner\">\n        <div class=\"author-bio-left\">\n          <div class=\"team-img\" style=\"background-image: url(https:\/\/www.cengn.ca\/wp-content\/uploads\/2021\/08\/Boris-Mimeur-1-e1580840312140-640x640-1.png); background-size: cover; background-position: center center;\"><\/div>\n        <\/div>\n        <div class=\"author-bio-right\">\n          <h3>Boris Mimeur<\/h3>\n                      <h5 class=\"heavy\">Vice-pr\u00e9sident principal des op\u00e9rations technologiques et d&rsquo;ing\u00e9nierie<\/h5>\n                    <p><span class=\"TextRun SCXW178642776 BCX7\" lang=\"EN-CA\" xml:lang=\"EN-CA\" data-contrast=\"auto\"><span class=\"NormalTextRun SCXW178642776 BCX7\">Boris Mimeur est vice-pr\u00e9sident principal des op\u00e9rations technologiques et d&rsquo;ing\u00e9nierie chez CENGN. Il poss\u00e8de plus de 17 ans d&rsquo;exp\u00e9rience dans les domaines des r\u00e9seaux haut de gamme et des centres de donn\u00e9es, ayant travaill\u00e9 avec de nombreuses entreprises telles que Cable &amp; Wireless Communications, COLT, DANTE (exploitant du r\u00e9seau G\u00c9ANT), IXIA Europe Limited et Cisco Systems. Boris a occup\u00e9 le poste de responsable technique de plusieurs projets critiques tout au long de sa carri\u00e8re, notamment la cr\u00e9ation du r\u00e9seau G\u00c9ANT2 en Europe, le soutien au projet LHC men\u00e9 au CERN, ainsi que la conception, les tests et la mise en \u0153uvre de deux des plus grands centres de donn\u00e9es d&rsquo;Europe pour COLT. <\/span><\/span><\/p>\n<p><span class=\"TextRun SCXW178642776 BCX7\" lang=\"EN-CA\" xml:lang=\"EN-CA\" data-contrast=\"auto\"><span class=\"NormalTextRun SCXW178642776 BCX7\">Chez Cisco, Boris a occup\u00e9 plusieurs postes allant des services avanc\u00e9s aux ventes, puis au sein de l&rsquo;unit\u00e9 commerciale en charge du routeur ASR1000 ; il a contribu\u00e9 activement aux ressources de formation \u00e0 la programmabilit\u00e9 r\u00e9seau de Cisco bas\u00e9es sur le Software Defined Networking (SDN) et la Network Function Virtualization (NFV). Avec sa passion pour le d\u00e9veloppement industriel, sa solide exp\u00e9rience technique et son orientation client extr\u00eame, Boris apporte un potentiel et une flexibilit\u00e9 in\u00e9gal\u00e9s \u00e0 l&rsquo;\u00e9quipe CENGN. <\/span><\/span><\/p>\n          <a href=\"#\" class=\"link red next-team-member\">Prochain membre de l&rsquo;\u00e9quipe<\/a>\n        <\/div>\n        <img decoding=\"async\" src=\"https:\/\/www.cengn.ca\/wp-content\/themes\/cengn\/img\/close-btn.svg\" class=\"author-bio-close\" alt=\"\">\n      <\/div>\n    <\/div>\n  <\/section>\n  \n  \n\n<\/div>\n\n<div class=\"section-team--wrapper\">\n\n\n\n\n\n\n\n\n\n<\/div>\n\n\n<div class=\"wp-block-buttons is-layout-flex wp-block-buttons-is-layout-flex\">\n<div class=\"wp-block-button aligncenter\"><a class=\"wp-block-button__link wp-element-button\" href=\"https:\/\/www.cengn.ca\/fr\/a-propos\/\">\u00c0 propos<\/a><\/div>\n<\/div>\n","protected":false},"excerpt":{"rendered":"","protected":false},"author":4,"featured_media":0,"parent":23374,"menu_order":4,"comment_status":"closed","ping_status":"closed","template":"","meta":{"_acf_changed":false,"content-type":"","footnotes":""},"class_list":["post-23364","page","type-page","status-publish","hentry"],"acf":[],"_links":{"self":[{"href":"https:\/\/www.cengn.ca\/fr\/wp-json\/wp\/v2\/pages\/23364","targetHints":{"allow":["GET"]}}],"collection":[{"href":"https:\/\/www.cengn.ca\/fr\/wp-json\/wp\/v2\/pages"}],"about":[{"href":"https:\/\/www.cengn.ca\/fr\/wp-json\/wp\/v2\/types\/page"}],"author":[{"embeddable":true,"href":"https:\/\/www.cengn.ca\/fr\/wp-json\/wp\/v2\/users\/4"}],"replies":[{"embeddable":true,"href":"https:\/\/www.cengn.ca\/fr\/wp-json\/wp\/v2\/comments?post=23364"}],"version-history":[{"count":21,"href":"https:\/\/www.cengn.ca\/fr\/wp-json\/wp\/v2\/pages\/23364\/revisions"}],"predecessor-version":[{"id":31725,"href":"https:\/\/www.cengn.ca\/fr\/wp-json\/wp\/v2\/pages\/23364\/revisions\/31725"}],"up":[{"embeddable":true,"href":"https:\/\/www.cengn.ca\/fr\/wp-json\/wp\/v2\/pages\/23374"}],"wp:attachment":[{"href":"https:\/\/www.cengn.ca\/fr\/wp-json\/wp\/v2\/media?parent=23364"}],"curies":[{"name":"wp","href":"https:\/\/api.w.org\/{rel}","templated":true}]}}