{"id":23374,"date":"2021-05-04T15:49:44","date_gmt":"2021-05-04T19:49:44","guid":{"rendered":"https:\/\/www.cengn.ca\/a-propos\/"},"modified":"2026-04-28T14:38:10","modified_gmt":"2026-04-28T18:38:10","slug":"a-propos","status":"publish","type":"page","link":"https:\/\/www.cengn.ca\/fr\/a-propos\/","title":{"rendered":"\u00c0 propos"},"content":{"rendered":"\n<section class=\"section section--impact page-impact parallax-section no-margin alignfull\">\n  <div class=\"impact-overlay\"><\/div>\n  <div class=\"parallax-bg\" style=\"background-image: url(https:\/\/www.cengn.ca\/wp-content\/uploads\/2021\/08\/Header.png); background-size: cover; background-position: center center;\"><\/div>\n  <div class=\"grid-container fade-up-and-in\">\n    <div class=\"grid-x\">\n      <div class=\"cell text-center\">\n                          <h1 class=\"heavy\">\u00c0 propos de CENGN<\/h1>\n                                  <div class=\"button-group align-center\">\n                      <\/div>\n                  <\/div>\n    <\/div>\n  <\/div>\n<\/section>\n\n\n\n<section class=\"section section--our-vision alignfull\">\n  <div class=\"grid-container\">\n          <h3 class=\"text-center heavy\">Notre vision<\/h3>\n              <h4 class=\"text-center heavy\">Promouvoir l\u2019innovation technologique mondiale pour la prosp\u00e9rit\u00e9 de tous les Canadiens.<\/h4>\n        \n        <div class=\"image-with-floating-text\">\n      <div class=\"floating-image\" style=\"background-image: url(https:\/\/www.cengn.ca\/wp-content\/uploads\/2021\/08\/Mission-picture.png); background-size: cover; background-position: center center;\"><\/div>\n      <div class=\"floating-text\">\n        <h4>CENGN, le Centre d&rsquo;excellence du Canada en mati\u00e8re de r\u00e9seaux de nouvelle g\u00e9n\u00e9ration, favorise l&rsquo;innovation technologique et la croissance de l&rsquo;industrie gr\u00e2ce \u00e0 notre banc d&rsquo;essai, notre expertise technique, notre d\u00e9veloppement des talents et notre \u00e9cosyst\u00e8me de partenaires.<\/h4>\n      <\/div>\n    <\/div>\n                <div class=\"grid-x grid-padding-x\">\n                <div class=\"cell medium-6 simple-fade\">\n          <div class=\"image-with-title light\">\n                        <div class=\"image-with-title-image\" style=\"background-image: url(https:\/\/www.cengn.ca\/wp-content\/uploads\/2021\/08\/Ecosystem-1-1024x576.png); background-size: cover; background-position: center center;\">\n              <h4 class=\"heavy\">Nos r\u00e9alisations<\/h4>\n            <\/div>\n                                      <p class=\"extra-large\">Chaque ann\u00e9e, CENGN pr\u00e9sente les r\u00e9alisations de l&rsquo;organisation dans un rapport annuel. Ces rapports rendent compte des r\u00e9sultats des nombreuses initiatives de CENGN et fournissent des d\u00e9tails sur l&rsquo;\u00e9volution des offres de services et de l&rsquo;orientation strat\u00e9gique de CENGN. <\/p>\n                                        <a href=\"https:\/\/www.cengn.ca\/fr\/ressources\/rapports-annuels\/\" target=\"_self\">Voir les rapports<\/a>\n                      <\/div>\n        <\/div>\n                <div class=\"cell medium-6 simple-fade\">\n          <div class=\"image-with-title light\">\n                        <div class=\"image-with-title-image\" style=\"background-image: url(https:\/\/www.cengn.ca\/wp-content\/uploads\/2021\/08\/Projects-1024x681.png); background-size: cover; background-position: center center;\">\n              <h4 class=\"heavy\">Nos projets<\/h4>\n            <\/div>\n                                      <p class=\"extra-large\">Gr\u00e2ce \u00e0 nos projets, CENGN permet aux petites et moyennes entreprises canadiennes de tester et de valider des technologies prometteuses, \u00e9liminant ainsi les obstacles \u00e0 la commercialisation des produits et acc\u00e9l\u00e9rant la croissance du march\u00e9.<\/p>\n                                        <a href=\"https:\/\/www.cengn.ca\/fr\/projets\/\" target=\"_self\">En savoir plus<\/a>\n                      <\/div>\n        <\/div>\n                <\/div>\n          <\/div>\n<\/section>\n\n\n\n\n<section class=\"section section--icon-text-grid simple-fade   has-border alignfull\">\n  <div class=\"grid-container\">\n    <div class=\"grid-x \">\n              <div class=\"cell  text-center\">\n            <div class=\"icon-grid-inner light text-center\">\n                              <img decoding=\"async\" src=\"https:\/\/www.cengn.ca\/wp-content\/uploads\/2021\/06\/career.svg\" alt=\"\">\n                                            <h4 class=\"bold-caps\">Opportunit\u00e9s de carri\u00e8re<\/h4>\n                                          <p>Si vous souhaitez travailler avec une technologie de pointe, favoriser la croissance des entreprises canadiennes et b\u00e2tir une carri\u00e8re dans un environnement de travail innovant et impactant, consultez nos postes disponibles et rejoignez l&rsquo;\u00e9quipe CENGN<\/p>\n                                <div class=\"button-group align-center\">\n                                            <a class=\"button button-solid\" href=\"https:\/\/www.cengn.ca\/fr\/a-propos\/carrieres\/\" target=\"_self\">Apprendre encore plus<\/a>\n                                              <\/div>\n                                                <\/div>\n          <\/div>\n                    <div class=\"cell medium-6 text-center\">\n            <div class=\"icon-grid-inner black text-center\">\n                              <img decoding=\"async\" src=\"https:\/\/www.cengn.ca\/wp-content\/uploads\/2021\/06\/Board_Directors.svg\" alt=\"\">\n                                            <h4 class=\"bold-caps\">Conseil d&rsquo;administration<\/h4>\n                                          <p>Le conseil d&rsquo;administration est un \u00e9l\u00e9ment important de CENGN, repr\u00e9sentant la vision de l&rsquo;organisation et prot\u00e9geant son objectif. Consultez notre conseil d&rsquo;administration actuel.<\/p>\n                                <div class=\"button-group align-center\">\n                                            <a class=\"button button-solid\" href=\"https:\/\/www.cengn.ca\/fr\/a-propos\/conseil-dadministration\/\" target=\"_self\">Voir maintenant  <\/a>\n                                              <\/div>\n                                                <\/div>\n          <\/div>\n                    <div class=\"cell medium-6 text-center\">\n            <div class=\"icon-grid-inner dark-grey text-center\">\n                              <img decoding=\"async\" src=\"https:\/\/www.cengn.ca\/wp-content\/uploads\/2021\/06\/executive_team.svg\" alt=\"\">\n                                            <h4 class=\"bold-caps\">\u00c9quipe de direction<\/h4>\n                                          <p>CENGN dispose d&rsquo;une \u00e9quipe de dirigeants hautement d\u00e9vou\u00e9s et motiv\u00e9s, passionn\u00e9s par le d\u00e9veloppement technologique au Canada et anim\u00e9s par des objectifs communs et des valeurs partag\u00e9es. Apprenez-en plus sur notre \u00e9quipe de direction.<\/p>\n                                <div class=\"button-group align-center\">\n                                            <a class=\"button button-solid\" href=\"https:\/\/www.cengn.ca\/fr\/a-propos\/equipe-de-direction\/\" target=\"_self\">Voir maintenant<\/a>\n                                              <\/div>\n                                                <\/div>\n          <\/div>\n                    <div class=\"cell  text-center\">\n            <div class=\"icon-grid-inner light text-center\">\n                              <img decoding=\"async\" src=\"https:\/\/www.cengn.ca\/wp-content\/uploads\/2021\/06\/government_programs.svg\" alt=\"\">\n                                            <h4 class=\"bold-caps\">Programmes gouvernementaux<\/h4>\n                                          <p>CENGN est charg\u00e9 par le gouvernement de mettre en \u0153uvre deux programmes : le Programme de r\u00e9seau de prochaine g\u00e9n\u00e9ration (PNNG) du gouvernement de l&rsquo;Ontario et le Programme des centres d&rsquo;excellence en commercialisation et en recherche (CECR) du gouvernement f\u00e9d\u00e9ral.<\/p>\n                                <div class=\"button-group align-center\">\n                                            <a class=\"button button-solid\" href=\"https:\/\/www.cengn.ca\/fr\/a-propos\/programmes-gouvernementaux\/\" target=\"_self\">En savoir plus<\/a>\n                                              <\/div>\n                                                <\/div>\n          <\/div>\n              <\/div>\n  <\/div>\n<\/section>\n\n\n\n<section class=\"section section--text-block simple-fade white alignfull\">\n  <div class=\"grid-container\">\n    <div class=\"grid-x grid-padding-x align-middle\">\n      <div class=\"cell text-center\">\n                  <h2 class=\"heavy\">Connectez-vous \u00e0 l\u2019innovation technologique et \u00e0 la communaut\u00e9 du Canada.<\/h2>\n                                  <h4 style=\"text-align: center;\">Inscrivez-vous pour recevoir chaque mois des mises \u00e0 jour sur les derni\u00e8res initiatives de CENGN, les opportunit\u00e9s de financement, des conseils d\u2019experts en commercialisation et les prochains appels \u00e0 projets, directement dans votre bo\u00eete de r\u00e9ception.<\/h4>\n                          <div class=\"button-group align-center\">\n                            <a class=\"button button-transparent\" href=\"http:\/\/eepurl.com\/hibhjb\" target=\"_blank\">Souscrire<\/a>\n                              <\/div>\n                  <\/div>\n    <\/div>\n  <\/div>\n<\/section>\n","protected":false},"excerpt":{"rendered":"","protected":false},"author":4,"featured_media":21667,"parent":0,"menu_order":2,"comment_status":"closed","ping_status":"closed","template":"","meta":{"_acf_changed":false,"content-type":"","footnotes":""},"class_list":["post-23374","page","type-page","status-publish","has-post-thumbnail","hentry"],"acf":[],"_links":{"self":[{"href":"https:\/\/www.cengn.ca\/fr\/wp-json\/wp\/v2\/pages\/23374","targetHints":{"allow":["GET"]}}],"collection":[{"href":"https:\/\/www.cengn.ca\/fr\/wp-json\/wp\/v2\/pages"}],"about":[{"href":"https:\/\/www.cengn.ca\/fr\/wp-json\/wp\/v2\/types\/page"}],"author":[{"embeddable":true,"href":"https:\/\/www.cengn.ca\/fr\/wp-json\/wp\/v2\/users\/4"}],"replies":[{"embeddable":true,"href":"https:\/\/www.cengn.ca\/fr\/wp-json\/wp\/v2\/comments?post=23374"}],"version-history":[{"count":7,"href":"https:\/\/www.cengn.ca\/fr\/wp-json\/wp\/v2\/pages\/23374\/revisions"}],"predecessor-version":[{"id":32717,"href":"https:\/\/www.cengn.ca\/fr\/wp-json\/wp\/v2\/pages\/23374\/revisions\/32717"}],"wp:featuredmedia":[{"embeddable":true,"href":"https:\/\/www.cengn.ca\/fr\/wp-json\/wp\/v2\/media\/21667"}],"wp:attachment":[{"href":"https:\/\/www.cengn.ca\/fr\/wp-json\/wp\/v2\/media?parent=23374"}],"curies":[{"name":"wp","href":"https:\/\/api.w.org\/{rel}","templated":true}]}}