{"id":23386,"date":"2021-06-09T13:58:46","date_gmt":"2021-06-09T17:58:46","guid":{"rendered":"https:\/\/www.cengn.ca\/a-propos\/offres-demploi\/"},"modified":"2026-04-08T08:48:35","modified_gmt":"2026-04-08T12:48:35","slug":"offres-demploi","status":"publish","type":"page","link":"https:\/\/www.cengn.ca\/fr\/a-propos\/offres-demploi\/","title":{"rendered":"Offres d&#8217;emploi"},"content":{"rendered":"\n<section class=\"section section--impact page-impact parallax-section  alignfull\">\n  <div class=\"impact-overlay\"><\/div>\n  <div class=\"parallax-bg\" style=\"background-image: url(https:\/\/www.cengn.ca\/wp-content\/uploads\/2021\/08\/Toques-scaled.jpg); background-size: cover; background-position: center center;\"><\/div>\n  <div class=\"grid-container fade-up-and-in\">\n    <div class=\"grid-x\">\n      <div class=\"cell text-center\">\n                          <h1 class=\"heavy\">Offres d&#8217;emploi<\/h1>\n                                  <div class=\"button-group align-center\">\n                            <a class=\"button button-solid\" href=\"https:\/\/www.cengn.ca\/fr\/a-propos\/carrieres\/\" target=\"_self\">La vie chez CENGN<\/a>\n                              <\/div>\n                  <\/div>\n    <\/div>\n  <\/div>\n<\/section>\n\n\n\n<section class=\"section section--job-openings\">\n  <div class=\"grid-container\">\n        \n              <div class=\"grid-x grid-padding-x grid-job-openings\">\n                      <div class=\"cell medium-6\">\n              <div class=\"job-opening-inner simple-fade\">\n                                  <h4 class=\"bold-caps\">Chef.fe de projets (Min 1-3 ans d&rsquo;exp\u00e9rience)<\/h4>\n                                                  <p>Nous recherchons une personne \u00e0 temps plein pour le Bureau de gestion de projets (BGP) de CENGN. <br \/>\r\n<br \/>\r\nDans ce r\u00f4le, vous rel\u00e8verez du responsable du BGP et travaillerez en \u00e9troite collaboration avec l\u2019\u00e9quipe de CENGN, ses membres et ses partenaires, afin de planifier et d\u2019ex\u00e9cuter des projets dans un environnement dynamique ax\u00e9 sur les technologies de r\u00e9seau \u00e9mergentes. <\/p>\n                                                      <a class=\"arrow-button\" href=\"https:\/\/www.cengn.ca\/wp-content\/uploads\/2026\/04\/CENGN-Chef.fe-de-projets-Avril26.pdf\" target=\"_blank\">Lire la description compl\u00e8te du poste ici&nbsp;<img decoding=\"async\" src=\"https:\/\/www.cengn.ca\/wp-content\/themes\/cengn\/img\/arrow.svg\" class=\"no-lazyload\" alt=\"\"><\/a>\n                                <\/div>\n            <\/div>\n                        <div class=\"cell medium-6\">\n              <div class=\"job-opening-inner simple-fade\">\n                                  <h4 class=\"bold-caps\">Chef.fe de projets (Min. 3-5 ans d&rsquo;exp\u00e9rience)<\/h4>\n                                                  <p>Nous sommes \u00e0 la recherche d\u2019une personne \u00e0 temps plein avec au minimum 3 \u00e0 5 ans d\u2019exp\u00e9rience pour rejoindre le Bureau de gestion de projets (BGP) de CENGN. Dans ce r\u00f4le, vous rel\u00e8verez du responsable du BGP et travaillerez en \u00e9troite collaboration avec l\u2019\u00e9quipe de CENGN, ses membres et ses partenaires afin de planifier et d\u2019ex\u00e9cuter plusieurs projets dans un environnement dynamique li\u00e9 aux technologies de r\u00e9seau \u00e9mergentes.<\/p>\n                                                      <a class=\"arrow-button\" href=\"https:\/\/www.cengn.ca\/wp-content\/uploads\/2026\/03\/CENGN-Poste-de-chef.fe-de-projets.pdf\" target=\"_blank\">Lire la description compl\u00e8te de l&#039;offre ici&nbsp;<img decoding=\"async\" src=\"https:\/\/www.cengn.ca\/wp-content\/themes\/cengn\/img\/arrow.svg\" class=\"no-lazyload\" alt=\"\"><\/a>\n                                <\/div>\n            <\/div>\n                        <div class=\"cell medium-6\">\n              <div class=\"job-opening-inner simple-fade\">\n                                  <h4 class=\"bold-caps\">D\u00e9veloppeur.se cloud natif<\/h4>\n                                                  <p>En tant que D\u00e9veloppeur.se cloud natif, vous jouerez un r\u00f4le central dans la conception, la mise en \u0153uvre et la maintenance de notre infrastructure infonuagique et de nos pipelines de d\u00e9ploiement. <br \/>\r\nVous travaillerez en \u00e9troite collaboration avec nos \u00e9quipes de d\u00e9veloppement, d\u2019exploitation et de s\u00e9curit\u00e9 afin d\u2019assurer la fiabilit\u00e9, l\u2019\u00e9volutivit\u00e9 et la s\u00e9curit\u00e9 de nos applications cloud natives.<\/p>\n                                                      <a class=\"arrow-button\" href=\"https:\/\/www.cengn.ca\/wp-content\/uploads\/2026\/03\/CENGN-Description-de-loffre-Developpeur.se-cloud-natif-2026.pdf\" target=\"_blank\">Lire la description compl\u00e8te de l&#039;offre ici&nbsp;<img decoding=\"async\" src=\"https:\/\/www.cengn.ca\/wp-content\/themes\/cengn\/img\/arrow.svg\" class=\"no-lazyload\" alt=\"\"><\/a>\n                                <\/div>\n            <\/div>\n                        <div class=\"cell medium-6\">\n              <div class=\"job-opening-inner simple-fade\">\n                                  <h4 class=\"bold-caps\">Analyste d\u2019affaires (stage coop)<\/h4>\n                                                  <p>Nous recherchons un(e) analyste d\u2019affaires tr\u00e8s motiv\u00e9(e) pour soutenir notre \u00e9quipe en recueillant et en analysant des donn\u00e9es, en documentant les processus d\u2019affaires et en contribuant au d\u00e9veloppement de solutions visant \u00e0 am\u00e9liorer les op\u00e9rations. Il s\u2019agit d\u2019une excellente occasion de collaborer \u00e9troitement avec des \u00e9quipes multidisciplinaires et d\u2019acqu\u00e9rir une exp\u00e9rience concr\u00e8te en analyse d\u2019affaires.<\/p>\n                                                      <a class=\"arrow-button\" href=\"https:\/\/www.cengn.ca\/wp-content\/uploads\/2026\/03\/Analyste-daffaires-stage-coop-.pdf\" target=\"_blank\">Lire la description compl\u00e8te du poste ici&nbsp;<img decoding=\"async\" src=\"https:\/\/www.cengn.ca\/wp-content\/themes\/cengn\/img\/arrow.svg\" class=\"no-lazyload\" alt=\"\"><\/a>\n                                <\/div>\n            <\/div>\n                        <div class=\"cell medium-6\">\n              <div class=\"job-opening-inner simple-fade\">\n                                  <h4 class=\"bold-caps\">Stagiaire chef.fe de projets<\/h4>\n                                                  <p>Le\/La stagiaire chef.fe de projets aidera \u00e0 maintenir la visibilit\u00e9 du portefeuille de projets, \u00e0 pr\u00e9parer le mat\u00e9riel de gouvernance et \u00e0 soutenir la production de rapports relatifs \u00e0 l\u2019\u00e9tat des projets et \u00e0 l\u2019utilisation des laboratoires.<\/p>\n                                                      <a class=\"arrow-button\" href=\"https:\/\/www.cengn.ca\/wp-content\/uploads\/2026\/04\/Stagiaire-Chef.fe-de-projets.pdf\" target=\"_blank\">Lire la description compl\u00e8te de l&#039;offre ici&nbsp;<img decoding=\"async\" src=\"https:\/\/www.cengn.ca\/wp-content\/themes\/cengn\/img\/arrow.svg\" class=\"no-lazyload\" alt=\"\"><\/a>\n                                <\/div>\n            <\/div>\n                      <div class=\"cell medium-6\">\n            <div class=\"job-opening-inner dark simple-fade\">\n                              <h3>Votre prochaine opportunit\u00e9 commence ici.<\/h3>\n                            <div class=\"button-group\">\n                                      <a class=\"button button-solid\" href=\"https:\/\/jira.cengn.ca\/servicedesk\/customer\/portal\/10\/create\/259\" target=\"_blank\">Postulez d\u00e8s aujourd&#039;hui<\/a>\n                                <\/div>\n            <\/div>\n          <\/div>\n          <\/div>\n            <\/div>\n<\/section>\n\n\n\n<h4 class=\"wp-block-heading has-text-align-center\" id=\"to-apply-for-a-position-please-forwardyour-resume-to-hr-cengn-ca\"><\/h4>\n\n\n\n<div class=\"wp-block-buttons is-horizontal is-content-justification-center is-layout-flex wp-container-core-buttons-is-layout-499968f5 wp-block-buttons-is-layout-flex\">\n<div class=\"wp-block-button\"><a class=\"wp-block-button__link wp-element-button\" href=\"https:\/\/www.cengn.ca\/fr\/a-propos\/carrieres\/\">La vie chez CENGN<\/a><\/div>\n<\/div>\n\n\n\n<section class=\"section section--text-block simple-fade white alignfull\">\n  <div class=\"grid-container\">\n    <div class=\"grid-x grid-padding-x align-middle\">\n      <div class=\"cell text-center\">\n                                  <p><strong>Le CENGN s&rsquo;engage \u00e0 favoriser un environnement diversifi\u00e9 d&rsquo;\u00e9galit\u00e9 des chances et d&rsquo;inclusion. Tous les candidats qualifi\u00e9s seront pris en consid\u00e9ration pour un emploi sans distinction de race, de couleur, de religion, de sexe, d&rsquo;identit\u00e9 ou d&rsquo;expression de genre, d&rsquo;orientation sexuelle, d&rsquo;origine nationale, de statut d&rsquo;immigration, de g\u00e9n\u00e9tique, de handicap ou d&rsquo;\u00e2ge. <\/strong><\/p>\n                      <\/div>\n    <\/div>\n  <\/div>\n<\/section>\n\n\n\n<section class=\"section section--text-block simple-fade red alignfull\">\n  <div class=\"grid-container\">\n    <div class=\"grid-x grid-padding-x align-middle\">\n      <div class=\"cell text-center\">\n                  <h2 class=\"heavy\">Avantages sociaux pour les employ\u00e9s de CENGN<\/h2>\n                                  <h6 class=\"p2\"><b>CENGN s&rsquo;efforce d&rsquo;offrir aux CENGNeers et \u00e0 leurs proches une exp\u00e9rience d&rsquo;avantages sociaux de classe mondiale, ax\u00e9e sur le soutien de leur bien-\u00eatre physique, financier et \u00e9motionnel.<\/b><span class=\"Apple-converted-space\"> <\/span><\/h6>\n<div class=\"button-group align-center\"><\/div>\n                          <div class=\"button-group align-center\">\n                            <a class=\"button  button--white\" href=\"https:\/\/www.cengn.ca\/wp-content\/uploads\/2026\/03\/Avantages-aux-employes-chez-CENGN-2026.pdf\" target=\"_blank\">T\u00e9l\u00e9chargez notre aper\u00e7u des avantages sociaux pour les employ\u00e9s<\/a>\n                              <\/div>\n                  <\/div>\n    <\/div>\n  <\/div>\n<\/section>\n\n\n\n<section class=\"section section--subscription-form  alignfull\">\n  <div class=\"grid-container text-center\">\n          <h2 class=\"heavy\">Restez connect\u00e9 \u00e0 l&rsquo;innovation technologique et \u00e0 la communaut\u00e9 du Canada<\/h2>\n              <h4>Inscrivez-vous \u00e0 notre infolettre mensuelle et restez au courant des derni\u00e8res nouvelles, \u00e9v\u00e9nements, programmes et nouveaux projets.<\/h4>\n                      <script type=\"text\/javascript\">\n\/* <![CDATA[ *\/\nvar gform;gform||(document.addEventListener(\"gform_main_scripts_loaded\",function(){gform.scriptsLoaded=!0}),document.addEventListener(\"gform\/theme\/scripts_loaded\",function(){gform.themeScriptsLoaded=!0}),window.addEventListener(\"DOMContentLoaded\",function(){gform.domLoaded=!0}),gform={domLoaded:!1,scriptsLoaded:!1,themeScriptsLoaded:!1,isFormEditor:()=>\"function\"==typeof InitializeEditor,callIfLoaded:function(o){return!(!gform.domLoaded||!gform.scriptsLoaded||!gform.themeScriptsLoaded&&!gform.isFormEditor()||(gform.isFormEditor()&&console.warn(\"The use of gform.initializeOnLoaded() is deprecated in the form editor context and will be removed in Gravity Forms 3.1.\"),o(),0))},initializeOnLoaded:function(o){gform.callIfLoaded(o)||(document.addEventListener(\"gform_main_scripts_loaded\",()=>{gform.scriptsLoaded=!0,gform.callIfLoaded(o)}),document.addEventListener(\"gform\/theme\/scripts_loaded\",()=>{gform.themeScriptsLoaded=!0,gform.callIfLoaded(o)}),window.addEventListener(\"DOMContentLoaded\",()=>{gform.domLoaded=!0,gform.callIfLoaded(o)}))},hooks:{action:{},filter:{}},addAction:function(o,r,e,t){gform.addHook(\"action\",o,r,e,t)},addFilter:function(o,r,e,t){gform.addHook(\"filter\",o,r,e,t)},doAction:function(o){gform.doHook(\"action\",o,arguments)},applyFilters:function(o){return gform.doHook(\"filter\",o,arguments)},removeAction:function(o,r){gform.removeHook(\"action\",o,r)},removeFilter:function(o,r,e){gform.removeHook(\"filter\",o,r,e)},addHook:function(o,r,e,t,n){null==gform.hooks[o][r]&&(gform.hooks[o][r]=[]);var d=gform.hooks[o][r];null==n&&(n=r+\"_\"+d.length),gform.hooks[o][r].push({tag:n,callable:e,priority:t=null==t?10:t})},doHook:function(r,o,e){var t;if(e=Array.prototype.slice.call(e,1),null!=gform.hooks[r][o]&&((o=gform.hooks[r][o]).sort(function(o,r){return o.priority-r.priority}),o.forEach(function(o){\"function\"!=typeof(t=o.callable)&&(t=window[t]),\"action\"==r?t.apply(null,e):e[0]=t.apply(null,e)})),\"filter\"==r)return e[0]},removeHook:function(o,r,t,n){var e;null!=gform.hooks[o][r]&&(e=(e=gform.hooks[o][r]).filter(function(o,r,e){return!!(null!=n&&n!=o.tag||null!=t&&t!=o.priority)}),gform.hooks[o][r]=e)}});\n\/* ]]> *\/\n<\/script>\n\n                <div class='gf_browser_gecko gform_wrapper gform_legacy_markup_wrapper gform-theme--no-framework' data-form-theme='legacy' data-form-index='0' id='gform_wrapper_1' ><div id='gf_1' class='gform_anchor' tabindex='-1'><\/div><form method='post' enctype='multipart\/form-data' target='gform_ajax_frame_1' id='gform_1'  action='\/fr\/wp-json\/wp\/v2\/pages\/23386#gf_1' data-formid='1' novalidate>\n                        <div class='gform-body gform_body'><ul id='gform_fields_1' class='gform_fields top_label form_sublabel_below description_below validation_below'><li id=\"field_1_1\" class=\"gfield gfield--type-text gfield_contains_required field_sublabel_below gfield--no-description field_description_below field_validation_below gfield_visibility_visible\"  ><label class='gfield_label gform-field-label' for='input_1_1'>Nom et pr\u00e9nom<span class=\"gfield_required\"><span class=\"gfield_required gfield_required_asterisk\">*<\/span><\/span><\/label><div class='ginput_container ginput_container_text'><input name='input_1' id='input_1_1' type='text' value='' class='large'     aria-required=\"true\" aria-invalid=\"false\"   \/><\/div><\/li><li id=\"field_1_2\" class=\"gfield gfield--type-email gfield_contains_required field_sublabel_below gfield--no-description field_description_below field_validation_below gfield_visibility_visible\"  ><label class='gfield_label gform-field-label' for='input_1_2'>E-mail<span class=\"gfield_required\"><span class=\"gfield_required gfield_required_asterisk\">*<\/span><\/span><\/label><div class='ginput_container ginput_container_email'>\n                            <input name='input_2' id='input_1_2' type='email' value='' class='large'    aria-required=\"true\" aria-invalid=\"false\"  \/>\n                        <\/div><\/li><li id=\"field_1_3\" class=\"gfield gfield--type-text gfield_contains_required field_sublabel_below gfield--no-description field_description_below field_validation_below gfield_visibility_visible\"  ><label class='gfield_label gform-field-label' for='input_1_3'>Position<span class=\"gfield_required\"><span class=\"gfield_required gfield_required_asterisk\">*<\/span><\/span><\/label><div class='ginput_container ginput_container_text'><input name='input_3' id='input_1_3' type='text' value='' class='large'     aria-required=\"true\" aria-invalid=\"false\"   \/><\/div><\/li><li id=\"field_1_4\" class=\"gfield gfield--type-text gfield_contains_required field_sublabel_below gfield--no-description field_description_below field_validation_below gfield_visibility_visible\"  ><label class='gfield_label gform-field-label' for='input_1_4'>Entreprise<span class=\"gfield_required\"><span class=\"gfield_required gfield_required_asterisk\">*<\/span><\/span><\/label><div class='ginput_container ginput_container_text'><input name='input_4' id='input_1_4' type='text' value='' class='large'     aria-required=\"true\" aria-invalid=\"false\"   \/><\/div><\/li><li id=\"field_1_5\" class=\"gfield gfield--type-consent gfield--type-choice gfield--input-type-consent field_sublabel_below gfield--no-description field_description_below hidden_label field_validation_below gfield_visibility_visible\"  ><label class='gfield_label gform-field-label gfield_label_before_complex' >Consentement<\/label><div class='ginput_container ginput_container_consent'><input name='input_5.1' id='input_1_5_1' type='checkbox' value='1'    aria-invalid=\"false\"   \/> <label class=\"gform-field-label gform-field-label--type-inline gfield_consent_label\" for='input_1_5_1' >OUI, je souhaite recevoir la newsletter du CENGN<\/label><input type='hidden' name='input_5.2' value='OUI, je souhaite recevoir la newsletter du CENGN' class='gform_hidden' \/><input type='hidden' name='input_5.3' value='2' class='gform_hidden' \/><\/div><\/li><\/ul><\/div>\n        <div class='gform-footer gform_footer top_label'> <button class='button button--blue gform_button btn--gform-submit' id='gform_submit_button_1'>S&rsquo;abonner<\/button> <input type='hidden' name='gform_ajax' value='form_id=1&amp;title=&amp;description=&amp;tabindex=0&amp;theme=legacy&amp;hash=1c30acd7b83e6e13b66d5168fc0a197d' \/>\n            <input type='hidden' class='gform_hidden' name='gform_submission_method' data-js='gform_submission_method_1' value='iframe' \/>\n            <input type='hidden' class='gform_hidden' name='gform_theme' data-js='gform_theme_1' id='gform_theme_1' value='legacy' \/>\n            <input type='hidden' class='gform_hidden' name='gform_style_settings' data-js='gform_style_settings_1' id='gform_style_settings_1' value='' \/>\n            <input type='hidden' class='gform_hidden' name='is_submit_1' value='1' \/>\n            <input type='hidden' class='gform_hidden' name='gform_submit' value='1' \/>\n            \n            <input type='hidden' class='gform_hidden' name='gform_currency' data-currency='CAD' value='rUyH7Qqu5a3RBdcfmaEMzvDdj4dZczwqDowMpGGrQB+u5Eq4sZ9oHpBLZglHhj+VqoJuF+DzpWbxze+FH0Uet8XV+jhHONMpfbklClXG4CvbwZs=' \/>\n            <input type='hidden' class='gform_hidden' name='gform_unique_id' value='' \/>\n            <input type='hidden' class='gform_hidden' name='state_1' value='WyJ7XCI1LjFcIjpcIjg5ZDk3MzQ3MjljNDlkYzVlNGIzODc3ZmQ2MTgzZDY1XCIsXCI1LjJcIjpcIjJkZTExNGVmNDMzMGU5MDkwOWQyOTBmMWRjMGNiZDBlXCIsXCI1LjNcIjpcIjI0Y2Q4ZTk0ZWFkZDBlZGVkODM2NzM5Njg3Mjk0M2I0XCJ9IiwiNTRkMzk1MGYwZDI4ZGQzNmFhY2E2NTY4MzhjYjdhYWQiXQ==' \/>\n            <input type='hidden' autocomplete='off' class='gform_hidden' name='gform_target_page_number_1' id='gform_target_page_number_1' value='0' \/>\n            <input type='hidden' autocomplete='off' class='gform_hidden' name='gform_source_page_number_1' id='gform_source_page_number_1' value='1' \/>\n            <input type='hidden' name='gform_field_values' value='' \/>\n            \n        <\/div>\n                        <\/form>\n                        <\/div>\n\t\t                <iframe style='display:none;width:0px;height:0px;' src='about:blank' name='gform_ajax_frame_1' id='gform_ajax_frame_1' title='Cette iframe contient la logique n\u00e9cessaire pour manipuler Gravity Forms avec Ajax.'><\/iframe>\n\t\t                <script type=\"text\/javascript\">\n\/* <![CDATA[ *\/\n gform.initializeOnLoaded( function() {gformInitSpinner( 1, 'https:\/\/www.cengn.ca\/wp-content\/plugins\/gravityforms\/images\/spinner.svg', true );jQuery('#gform_ajax_frame_1').on('load',function(){var contents = jQuery(this).contents().find('*').html();var is_postback = contents.indexOf('GF_AJAX_POSTBACK') >= 0;if(!is_postback){return;}var form_content = jQuery(this).contents().find('#gform_wrapper_1');var is_confirmation = jQuery(this).contents().find('#gform_confirmation_wrapper_1').length > 0;var is_redirect = contents.indexOf('gformRedirect(){') >= 0;var is_form = form_content.length > 0 && ! is_redirect && ! is_confirmation;var mt = parseInt(jQuery('html').css('margin-top'), 10) + parseInt(jQuery('body').css('margin-top'), 10) + 100;if(is_form){jQuery('#gform_wrapper_1').html(form_content.html());if(form_content.hasClass('gform_validation_error')){jQuery('#gform_wrapper_1').addClass('gform_validation_error');} else {jQuery('#gform_wrapper_1').removeClass('gform_validation_error');}setTimeout( function() { \/* delay the scroll by 50 milliseconds to fix a bug in chrome *\/ jQuery(document).scrollTop(jQuery('#gform_wrapper_1').offset().top - mt); }, 50 );if(window['gformInitDatepicker']) {gformInitDatepicker();}if(window['gformInitPriceFields']) {gformInitPriceFields();}var current_page = jQuery('#gform_source_page_number_1').val();gformInitSpinner( 1, 'https:\/\/www.cengn.ca\/wp-content\/plugins\/gravityforms\/images\/spinner.svg', true );jQuery(document).trigger('gform_page_loaded', [1, current_page]);window['gf_submitting_1'] = false;}else if(!is_redirect){var confirmation_content = jQuery(this).contents().find('.GF_AJAX_POSTBACK').html();if(!confirmation_content){confirmation_content = contents;}jQuery('#gform_wrapper_1').replaceWith(confirmation_content);jQuery(document).scrollTop(jQuery('#gf_1').offset().top - mt);jQuery(document).trigger('gform_confirmation_loaded', [1]);window['gf_submitting_1'] = false;wp.a11y.speak(jQuery('#gform_confirmation_message_1').text());}else{jQuery('#gform_1').append(contents);if(window['gformRedirect']) {gformRedirect();}}jQuery(document).trigger(\"gform_pre_post_render\", [{ formId: \"1\", currentPage: \"current_page\", abort: function() { this.preventDefault(); } }]);        if (event && event.defaultPrevented) {                return;        }        const gformWrapperDiv = document.getElementById( \"gform_wrapper_1\" );        if ( gformWrapperDiv ) {            const visibilitySpan = document.createElement( \"span\" );            visibilitySpan.id = \"gform_visibility_test_1\";            gformWrapperDiv.insertAdjacentElement( \"afterend\", visibilitySpan );        }        const visibilityTestDiv = document.getElementById( \"gform_visibility_test_1\" );        let postRenderFired = false;        function triggerPostRender() {            if ( postRenderFired ) {                return;            }            postRenderFired = true;            gform.core.triggerPostRenderEvents( 1, current_page );            if ( visibilityTestDiv ) {                visibilityTestDiv.parentNode.removeChild( visibilityTestDiv );            }        }        function debounce( func, wait, immediate ) {            var timeout;            return function() {                var context = this, args = arguments;                var later = function() {                    timeout = null;                    if ( !immediate ) func.apply( context, args );                };                var callNow = immediate && !timeout;                clearTimeout( timeout );                timeout = setTimeout( later, wait );                if ( callNow ) func.apply( context, args );            };        }        const debouncedTriggerPostRender = debounce( function() {            triggerPostRender();        }, 200 );        if ( visibilityTestDiv && visibilityTestDiv.offsetParent === null ) {            const observer = new MutationObserver( ( mutations ) => {                mutations.forEach( ( mutation ) => {                    if ( mutation.type === 'attributes' && visibilityTestDiv.offsetParent !== null ) {                        debouncedTriggerPostRender();                        observer.disconnect();                    }                });            });            observer.observe( document.body, {                attributes: true,                childList: false,                subtree: true,                attributeFilter: [ 'style', 'class' ],            });        } else {            triggerPostRender();        }    } );} ); \n\/* ]]> *\/\n<\/script>\n                <\/div>\n<\/section>\n","protected":false},"excerpt":{"rendered":"","protected":false},"author":4,"featured_media":21992,"parent":23374,"menu_order":5,"comment_status":"closed","ping_status":"closed","template":"","meta":{"_acf_changed":false,"content-type":"","footnotes":""},"class_list":["post-23386","page","type-page","status-publish","has-post-thumbnail","hentry"],"acf":[],"_links":{"self":[{"href":"https:\/\/www.cengn.ca\/fr\/wp-json\/wp\/v2\/pages\/23386","targetHints":{"allow":["GET"]}}],"collection":[{"href":"https:\/\/www.cengn.ca\/fr\/wp-json\/wp\/v2\/pages"}],"about":[{"href":"https:\/\/www.cengn.ca\/fr\/wp-json\/wp\/v2\/types\/page"}],"author":[{"embeddable":true,"href":"https:\/\/www.cengn.ca\/fr\/wp-json\/wp\/v2\/users\/4"}],"replies":[{"embeddable":true,"href":"https:\/\/www.cengn.ca\/fr\/wp-json\/wp\/v2\/comments?post=23386"}],"version-history":[{"count":100,"href":"https:\/\/www.cengn.ca\/fr\/wp-json\/wp\/v2\/pages\/23386\/revisions"}],"predecessor-version":[{"id":32134,"href":"https:\/\/www.cengn.ca\/fr\/wp-json\/wp\/v2\/pages\/23386\/revisions\/32134"}],"up":[{"embeddable":true,"href":"https:\/\/www.cengn.ca\/fr\/wp-json\/wp\/v2\/pages\/23374"}],"wp:featuredmedia":[{"embeddable":true,"href":"https:\/\/www.cengn.ca\/fr\/wp-json\/wp\/v2\/media\/21992"}],"wp:attachment":[{"href":"https:\/\/www.cengn.ca\/fr\/wp-json\/wp\/v2\/media?parent=23386"}],"curies":[{"name":"wp","href":"https:\/\/api.w.org\/{rel}","templated":true}]}}