{"id":23389,"date":"2021-05-04T15:50:35","date_gmt":"2021-05-04T19:50:35","guid":{"rendered":"https:\/\/www.cengn.ca\/centre-dinformation\/"},"modified":"2026-04-28T14:39:22","modified_gmt":"2026-04-28T18:39:22","slug":"centre-dinformation","status":"publish","type":"page","link":"https:\/\/www.cengn.ca\/fr\/centre-dinformation\/","title":{"rendered":"Centre d&rsquo;information"},"content":{"rendered":"\n<section class=\"section section--text-block simple-fade white alignfull\">\n  <div class=\"grid-container\">\n    <div class=\"grid-x grid-padding-x align-middle\">\n      <div class=\"cell text-center\">\n                  <h2 class=\"heavy\">Connectez-vous \u00e0 l\u2019innovation technologique et \u00e0 la communaut\u00e9 du Canada.<\/h2>\n                                  <h4 style=\"text-align: center;\">Inscrivez-vous pour recevoir chaque mois des mises \u00e0 jour sur les derni\u00e8res initiatives de CENGN, les opportunit\u00e9s de financement, des conseils d\u2019experts en commercialisation et les prochains appels \u00e0 projets, directement dans votre bo\u00eete de r\u00e9ception.<\/h4>\n                          <div class=\"button-group align-center\">\n                            <a class=\"button button-transparent\" href=\"http:\/\/eepurl.com\/hibhjb\" target=\"_blank\">Souscrire<\/a>\n                              <\/div>\n                  <\/div>\n    <\/div>\n  <\/div>\n<\/section>\n","protected":false},"excerpt":{"rendered":"","protected":false},"author":4,"featured_media":0,"parent":0,"menu_order":24,"comment_status":"closed","ping_status":"closed","template":"template-information-centre.php","meta":{"_acf_changed":false,"content-type":"","footnotes":""},"class_list":["post-23389","page","type-page","status-publish","hentry"],"acf":[],"_links":{"self":[{"href":"https:\/\/www.cengn.ca\/fr\/wp-json\/wp\/v2\/pages\/23389","targetHints":{"allow":["GET"]}}],"collection":[{"href":"https:\/\/www.cengn.ca\/fr\/wp-json\/wp\/v2\/pages"}],"about":[{"href":"https:\/\/www.cengn.ca\/fr\/wp-json\/wp\/v2\/types\/page"}],"author":[{"embeddable":true,"href":"https:\/\/www.cengn.ca\/fr\/wp-json\/wp\/v2\/users\/4"}],"replies":[{"embeddable":true,"href":"https:\/\/www.cengn.ca\/fr\/wp-json\/wp\/v2\/comments?post=23389"}],"version-history":[{"count":5,"href":"https:\/\/www.cengn.ca\/fr\/wp-json\/wp\/v2\/pages\/23389\/revisions"}],"predecessor-version":[{"id":32719,"href":"https:\/\/www.cengn.ca\/fr\/wp-json\/wp\/v2\/pages\/23389\/revisions\/32719"}],"wp:attachment":[{"href":"https:\/\/www.cengn.ca\/fr\/wp-json\/wp\/v2\/media?parent=23389"}],"curies":[{"name":"wp","href":"https:\/\/api.w.org\/{rel}","templated":true}]}}