{"id":23405,"date":"2021-06-10T11:53:19","date_gmt":"2021-06-10T15:53:19","guid":{"rendered":"https:\/\/www.cengn.ca\/programme-de-reseau-de-nouvelle-generation\/"},"modified":"2026-03-16T12:59:41","modified_gmt":"2026-03-16T16:59:41","slug":"programme-de-reseau-de-nouvelle-generation","status":"publish","type":"page","link":"https:\/\/www.cengn.ca\/fr\/programme-de-reseau-de-nouvelle-generation\/","title":{"rendered":"Programme de r\u00e9seau de nouvelle g\u00e9n\u00e9ration"},"content":{"rendered":"\n<section class=\"section section--impact page-impact parallax-section  alignfull\">\n  <div class=\"impact-overlay\"><\/div>\n  <div class=\"parallax-bg\" style=\"background-image: url(https:\/\/www.cengn.ca\/wp-content\/uploads\/2021\/08\/NGNP-Banner-background-scaled.jpg); background-size: cover; background-position: center center;\"><\/div>\n  <div class=\"grid-container fade-up-and-in\">\n    <div class=\"grid-x\">\n      <div class=\"cell text-center\">\n                          <h1 class=\"heavy\">Programme de r\u00e9seau de nouvelle g\u00e9n\u00e9ration<\/h1>\n                                  <div class=\"button-group align-center\">\n                      <\/div>\n                  <\/div>\n    <\/div>\n  <\/div>\n<\/section>\n\n\n\n<figure class=\"wp-block-image size-large\"><img loading=\"lazy\" decoding=\"async\" width=\"1024\" height=\"355\" src=\"https:\/\/www.cengn.ca\/wp-content\/uploads\/2025\/01\/Screenshot-2025-01-30-at-2.00.05\u202fPM-1024x355.png\" alt=\"\" class=\"wp-image-25550\" srcset=\"https:\/\/www.cengn.ca\/wp-content\/uploads\/2025\/01\/Screenshot-2025-01-30-at-2.00.05\u202fPM-1024x355.png 1024w, https:\/\/www.cengn.ca\/wp-content\/uploads\/2025\/01\/Screenshot-2025-01-30-at-2.00.05\u202fPM-300x104.png 300w, https:\/\/www.cengn.ca\/wp-content\/uploads\/2025\/01\/Screenshot-2025-01-30-at-2.00.05\u202fPM-768x266.png 768w, https:\/\/www.cengn.ca\/wp-content\/uploads\/2025\/01\/Screenshot-2025-01-30-at-2.00.05\u202fPM-1536x532.png 1536w, https:\/\/www.cengn.ca\/wp-content\/uploads\/2025\/01\/Screenshot-2025-01-30-at-2.00.05\u202fPM-2048x709.png 2048w, https:\/\/www.cengn.ca\/wp-content\/uploads\/2025\/01\/Screenshot-2025-01-30-at-2.00.05\u202fPM-1920x665.png 1920w\" sizes=\"auto, (max-width: 1024px) 100vw, 1024px\" \/><\/figure>\n\n\n\n<p class=\"has-text-align-center\">Le Programme de r\u00e9seau de nouvelle g\u00e9n\u00e9ration (PNNG) a \u00e9t\u00e9 achev\u00e9 en 2022. Il a favoris\u00e9 la collaboration au sein de l\u2019industrie, fourni un acc\u00e8s \u00e0 une connectivit\u00e9 r\u00e9seau \u00e0 tr\u00e8s haut d\u00e9bit et soutenu l\u2019innovation dans les technologies de l\u2019information et des communications (TIC) pour les petites et moyennes entreprises (PME) de l\u2019Ontario. <\/p>\n\n\n\n<h2 class=\"wp-block-heading has-text-align-center\">R\u00e9alisations du NGNP<\/h2>\n\n\n\n<figure class=\"wp-block-image size-large\"><img loading=\"lazy\" decoding=\"async\" width=\"1024\" height=\"473\" src=\"https:\/\/www.cengn.ca\/wp-content\/uploads\/2025\/01\/Screenshot-2025-01-30-at-2.03.45\u202fPM-1024x473.jpg\" alt=\"\" class=\"wp-image-25552\" srcset=\"https:\/\/www.cengn.ca\/wp-content\/uploads\/2025\/01\/Screenshot-2025-01-30-at-2.03.45\u202fPM-1024x473.jpg 1024w, https:\/\/www.cengn.ca\/wp-content\/uploads\/2025\/01\/Screenshot-2025-01-30-at-2.03.45\u202fPM-300x139.jpg 300w, https:\/\/www.cengn.ca\/wp-content\/uploads\/2025\/01\/Screenshot-2025-01-30-at-2.03.45\u202fPM-768x355.jpg 768w, https:\/\/www.cengn.ca\/wp-content\/uploads\/2025\/01\/Screenshot-2025-01-30-at-2.03.45\u202fPM-1536x710.jpg 1536w, https:\/\/www.cengn.ca\/wp-content\/uploads\/2025\/01\/Screenshot-2025-01-30-at-2.03.45\u202fPM-2048x946.jpg 2048w, https:\/\/www.cengn.ca\/wp-content\/uploads\/2025\/01\/Screenshot-2025-01-30-at-2.03.45\u202fPM-1920x887.jpg 1920w\" sizes=\"auto, (max-width: 1024px) 100vw, 1024px\" \/><\/figure>\n\n\n\n<section class=\"section section--video-feature  alignfull\">\n  <div class=\"grid-container text-center\">\n          <h3 class=\"heavy\">Le CENGN c\u00e9l\u00e8bre l&rsquo;ach\u00e8vement du programme de r\u00e9seau de nouvelle g\u00e9n\u00e9ration du gouvernement de l&rsquo;Ontario<\/h3>\n        <div class=\"video-feature \">\n              <div class=\"featured-video-thumbnail\" style=\"background-image: url(https:\/\/www.cengn.ca\/wp-content\/uploads\/2022\/09\/Screen-Shot-2022-09-12-at-10.46.57-AM-1920x1073.jpg); background-size: cover; background-position: center center;\"><\/div>\n            <img decoding=\"async\" src=\"https:\/\/www.cengn.ca\/wp-content\/themes\/cengn\/img\/play-btn.svg\" class=\"featured-video-play\" alt=\"\">\n              <div class=\"embed-container\" data-src=\"https:\/\/www.youtube.com\/embed\/0WAiuDc4xsE?&#038;autoplay=1\"><\/div>\n           <\/div>\n      <\/div>\n<\/section>\n\n\n\n<section class=\"section section--text-with-image simple-fade  block blanc alignfull\">\n  <div class=\"grid-container\">\n    <div class=\"grid-x grid-padding-x align-middle\">\n      \n        <div class=\"cell\">\n          <div class=\"text-with-image-bg blanc\">\n            <div class=\"grid-container\">\n              <div class=\"grid-x grid-padding-x \">\n                <div class=\"cell medium-5 \">\n                                        <div class=\"text-with-image--image\" style=\"background-image: url(https:\/\/www.cengn.ca\/wp-content\/uploads\/2021\/08\/NGNP-1-1024x768.png); background-size: cover; background-position: center center; background-repeat: no-repeat;\"><\/div>\n                                      <\/div>\n                  <div class=\"cell medium-7 \">\n                    <div class=\"text-with-image--text\">\n                      <h2 class=\"heavy\"><\/h2>\n                                                                    <p><p><a href=\"https:\/\/cengn.ca\/partner\/oci\/\"><img loading=\"lazy\" decoding=\"async\" class=\"wp-image-8622 alignleft\" src=\"https:\/\/cengn.ca\/wp-content\/uploads\/2021\/08\/oci-logo-01-768x317-1-300x124.png\" alt=\"Logo de l'OCI\" width=\"114\" height=\"47\" srcset=\"https:\/\/www.cengn.ca\/wp-content\/uploads\/2021\/08\/oci-logo-01-768x317-1-300x124.png 300w, https:\/\/www.cengn.ca\/wp-content\/uploads\/2021\/08\/oci-logo-01-768x317-1.png 768w\" sizes=\"auto, (max-width: 114px) 100vw, 114px\" \/><\/a>         <a href=\"https:\/\/cengn.ca\/partner\/government-of-ontario\/\"><img loading=\"lazy\" decoding=\"async\" class=\"wp-image-8620 alignleft\" src=\"https:\/\/cengn.ca\/wp-content\/uploads\/2021\/08\/ON_POS_LOGO_RGB-1-crop-768x202-1-300x79.png\" alt=\"Logo du gouvernement de l'Ontario\" width=\"152\" height=\"40\" srcset=\"https:\/\/www.cengn.ca\/wp-content\/uploads\/2021\/08\/ON_POS_LOGO_RGB-1-crop-768x202-1-300x79.png 300w, https:\/\/www.cengn.ca\/wp-content\/uploads\/2021\/08\/ON_POS_LOGO_RGB-1-crop-768x202-1.png 768w\" sizes=\"auto, (max-width: 152px) 100vw, 152px\" \/><\/a>          <img loading=\"lazy\" decoding=\"async\" class=\"alignnone wp-image-10237\" src=\"https:\/\/cengn.ca\/wp-content\/uploads\/2021\/09\/NGNP-Logo-NOV-2019-03-300x88.png\" alt=\"PNNG  \" width=\"177\" height=\"52\" srcset=\"https:\/\/www.cengn.ca\/wp-content\/uploads\/2021\/09\/NGNP-Logo-NOV-2019-03-300x88.png 300w, https:\/\/www.cengn.ca\/wp-content\/uploads\/2021\/09\/NGNP-Logo-NOV-2019-03.png 347w\" sizes=\"auto, (max-width: 177px) 100vw, 177px\" \/><\/p>\n<p>Le programme de 63 millions de dollars du gouvernement de l&rsquo;Ontario a \u00e9t\u00e9 offert dans le cadre d&rsquo;un partenariat entre le CENGN et les Centres d&rsquo;innovation de l&rsquo;Ontario (OCI). En incluant les contributions de contrepartie de l&rsquo;industrie et des partenaires, ce programme repr\u00e9sentait un investissement de plus de 115 millions de dollars sur cinq ans. Le NGNP a reli\u00e9 l&rsquo;infrastructure num\u00e9rique du CENGN aux p\u00f4les d&rsquo;innovation de l&rsquo;Ontario, permettant aux PME, aux entreprises en d\u00e9marrage et aux chercheurs d&rsquo;avoir un acc\u00e8s sans pr\u00e9c\u00e9dent \u00e0 un banc d&rsquo;essai et \u00e0 des services de pointe, multifournisseurs et \u00e0 plateforme ouverte, pour valider des produits et des solutions novateurs. Le NGNP a aid\u00e9 plus de 200 entreprises ontariennes \u00e0 commercialiser leurs solutions \u00e0 l&rsquo;\u00e9chelle mondiale. <\/p>\n<\/p>\n                                                                <\/div>\n                  <\/div>\n              <\/div>\n            <\/div>\n          <\/div>\n        <\/div>\n      \n    <\/div>\n  <\/div>\n<\/section>\n\n\n\n<section class=\"section section--text-with-image simple-fade  block white alignfull\">\n  <div class=\"grid-container\">\n    <div class=\"grid-x grid-padding-x align-middle\">\n      \n        <div class=\"cell\">\n          <div class=\"text-with-image-bg white\">\n            <div class=\"grid-container\">\n              <div class=\"grid-x grid-padding-x \">\n                <div class=\"cell medium-5 medium-order-2\">\n                                        <div class=\"text-with-image--image\" style=\"background-image: url(https:\/\/www.cengn.ca\/wp-content\/uploads\/2021\/08\/NGNP-2-1024x682.png); background-size: cover; background-position: center center; background-repeat: no-repeat;\"><\/div>\n                                      <\/div>\n                  <div class=\"cell medium-7 medium-order-1\">\n                    <div class=\"text-with-image--text\">\n                      <h2 class=\"heavy\"><\/h2>\n                                                                    <p><p>Au-del\u00e0 des tests et de la validation, le NGNP a soutenu la croissance des talents de l\u2019Ontario dans les technologies de r\u00e9seautage de nouvelle g\u00e9n\u00e9ration en permettant des possibilit\u00e9s de formation certifi\u00e9e et de d\u00e9veloppement des comp\u00e9tences.<\/p>\n<p> Le programme a \u00e9tabli une colonne vert\u00e9brale num\u00e9rique pour l\u2019\u00e9conomie ax\u00e9e sur l\u2019innovation de l\u2019Ontario, qui a favoris\u00e9 la croissance future, cr\u00e9\u00e9 des emplois de haute qualit\u00e9 et am\u00e9lior\u00e9 la comp\u00e9titivit\u00e9 mondiale de la province.<\/p>\n<\/p>\n                                                                  \t<a class=\"button\" href=\"https:\/\/www.oc-innovation.ca\/fr\/\" target=\"_blank\">Visitez la page Web de l&#039;OCI<\/a>\n                                          <\/div>\n                  <\/div>\n              <\/div>\n            <\/div>\n          <\/div>\n        <\/div>\n      \n    <\/div>\n  <\/div>\n<\/section>\n\n\n\n<section class=\"section section--icon-text-grid full-width simple-fade  alignfull\">\n  <div class=\"grid-container fluid\">\n    <div class=\"grid-x\">\n                  <div class=\"cell medium-6 text-center\">\n              <div class=\"icon-grid-inner black  text-center\">\n                                  <img decoding=\"async\" src=\"https:\/\/www.cengn.ca\/wp-content\/uploads\/2021\/07\/Proof-of-concept-demonstration-projects.png\" alt=\"\">\n                                                  <h4 class=\"bold-caps\">Projets de d\u00e9monstration de preuve de concept<\/h4>\n                                                <p>Gr\u00e2ce au NGNP, les PME de l\u2019Ontario ont eu acc\u00e8s au banc d\u2019essai du CENGN, qui leur a permis d\u2019acc\u00e9der \u00e0 des \u00e9quipements et \u00e0 des services r\u00e9seau de pointe pour tester et valider leurs solutions. Les PME, les entreprises multinationales, le gouvernement et le milieu universitaire ont utilis\u00e9 le banc d\u2019essai du CENGN pour collaborer \u00e0 la commercialisation de leurs produits. <\/p>\n                                    <div class=\"button-group align-center\">\n                                                <a class=\"button button-solid\" href=\"https:\/\/www.cengn.ca\/fr\/projets\/parcourir-les-projets-cengn\/\" target=\"_self\">Voir les \u00e9tudes de cas de projets<\/a>\n                                                  <\/div>\n                                                      <\/div>\n            <\/div>\n                        <div class=\"cell medium-6 text-center\">\n              <div class=\"icon-grid-inner dark-grey  text-center\">\n                                  <img decoding=\"async\" src=\"https:\/\/www.cengn.ca\/wp-content\/uploads\/2021\/07\/Professional-Development-icon.png\" alt=\"\">\n                                                  <h4 class=\"bold-caps\">D\u00e9veloppement des talents<\/h4>\n                                                <p>Le CENGN a dispens\u00e9 des formations industrielles par le biais d&rsquo;ateliers certifi\u00e9s et d&rsquo;\u00e9v\u00e9nements de r\u00e9seautage et d&rsquo;apprentissage sur les technologies open source, sur des sujets tels que les r\u00e9seaux d\u00e9finis par logiciel (SDN), la virtualisation des fonctions r\u00e9seau (NFV), OpenStack, OpenDaylight, la gestion et l&rsquo;orchestration. Le CENGN a \u00e9galement offert des opportunit\u00e9s d&rsquo;apprentissage pratique et de d\u00e9veloppement professionnel aux \u00e9tudiants du secteur des TIC. <\/p>\n                                    <div class=\"button-group align-center\">\n                                                <a class=\"button button-solid\" href=\"https:\/\/www.cengn.ca\/fr\/a-propos\/offres-demploi\/\" target=\"_self\">Opportunit\u00e9s pour les \u00e9tudiants<\/a>\n                                                  <\/div>\n                                                      <\/div>\n            <\/div>\n                        <div class=\"cell medium-6 text-center\">\n              <div class=\"icon-grid-inner dark-grey  text-center\">\n                                  <img decoding=\"async\" src=\"https:\/\/www.cengn.ca\/wp-content\/uploads\/2021\/07\/Residential-Broadban-Program-icon-1024x1024.png\" alt=\"\">\n                                                  <h4 class=\"bold-caps\">Programme de haut d\u00e9bit r\u00e9sidentiel<\/h4>\n                                                <p>Le CENGN a financ\u00e9 des projets novateurs dans le Nord et les r\u00e9gions rurales de l\u2019Ontario afin de fournir des solutions qui am\u00e9liorent la connectivit\u00e9 et comblent la fracture num\u00e9rique entre les collectivit\u00e9s \u00e9loign\u00e9es et les centres urbains du Canada. Le programme de large bande r\u00e9sidentielle du CENGN a offert un acc\u00e8s \u00e0 large bande flexible, \u00e0 moindre co\u00fbt et \u00e0 plus haute performance aux r\u00e9sidences des collectivit\u00e9s rurales de l\u2019Ontario. <\/p>\n                                    <div class=\"button-group align-center\">\n                                                <a class=\"button button-solid\" href=\"https:\/\/www.cengn.ca\/fr\/programme-de-haut-debit-residentiel\/\" target=\"_self\">Programme de haut d\u00e9bit r\u00e9sidentiel<\/a>\n                                                  <\/div>\n                                                      <\/div>\n            <\/div>\n                        <div class=\"cell medium-6 text-center\">\n              <div class=\"icon-grid-inner black  text-center\">\n                                  <img decoding=\"async\" src=\"https:\/\/www.cengn.ca\/wp-content\/uploads\/2021\/07\/Smart-Mining-icon-1024x1024.png\" alt=\"\">\n                                                  <h4 class=\"bold-caps\">Agriculture et exploitation mini\u00e8re intelligentes<\/h4>\n                                                <p>Le banc d&rsquo;essai du CENGN est une ressource essentielle pour tester et d\u00e9velopper des produits et services dans les secteurs de l&rsquo;agriculture intelligente et de l&rsquo;exploitation mini\u00e8re intelligente. L&rsquo;agriculture intelligente implique une plantation et une r\u00e9colte bas\u00e9es sur des donn\u00e9es et l&rsquo;utilisation de technologies intelligentes telles que des donn\u00e9es m\u00e9t\u00e9orologiques en temps r\u00e9el, la maturit\u00e9 des cultures et des donn\u00e9es sur la qualit\u00e9 du sol et de l&rsquo;air pour r\u00e9duire les co\u00fbts et optimiser la production. Les technologies d&rsquo;exploitation mini\u00e8re intelligente se concentrent sur une production optimale pour minimiser les d\u00e9chets, contr\u00f4ler les co\u00fbts, am\u00e9liorer la s\u00e9curit\u00e9 et r\u00e9duire l&rsquo;impact environnemental.  <\/p>\n                                    <div class=\"button-group align-center\">\n                                                <a class=\"button button-solid\" href=\"https:\/\/www.cengn.ca\/fr\/projets\/parcourir-les-projets-cengn\/?project-search=&#038;project-area=exploitation-miniere-intelligente&#038;project-status=&#038;project-company=&#038;project-date=\" target=\"_self\">Projets miniers intelligents<\/a>\n                                                        <a class=\"button button-red\" href=\"https:\/\/www.cengn.ca\/fr\/projets\/parcourir-les-projets-cengn\/?project-search=&#038;project-area=agriculture-intelligente&#038;project-status=&#038;project-company=&#038;project-date=\" target=\"_self\">Projets d&#039;agriculture intelligente<\/a>\n                                                  <\/div>\n                                                      <\/div>\n            <\/div>\n                <\/div>\n  <\/div>\n<\/section>\n\n\n\n\n<section class=\"section section--text-block simple-fade white alignfull\">\n  <div class=\"grid-container\">\n    <div class=\"grid-x grid-padding-x align-middle\">\n      <div class=\"cell text-center\">\n                          <h3><b>En savoir plus sur le programme Next Generation Network<b><\/h3>\n                          <p>Visitez la page Web NGNP de l\u2019OCI pour en savoir plus sur notre programme.<\/p>\n                          <div class=\"button-group align-center\">\n                            <a class=\"button button-transparent\" href=\"https:\/\/www.oc-innovation.ca\/fr\/\" target=\"_blank\">Visitez la page Web de l&#039;OCI<\/a>\n                                    <a class=\"button button-solid\" href=\"https:\/\/www.cengn.ca\/fr\/a-propos\/programmes-gouvernementaux\/\" target=\"_self\">Programmes gouvernementaux<\/a>\n                              <\/div>\n                  <\/div>\n    <\/div>\n  <\/div>\n<\/section>\n","protected":false},"excerpt":{"rendered":"<p>Le Programme de r\u00e9seau de nouvelle g\u00e9n\u00e9ration (PNNG) a \u00e9t\u00e9 achev\u00e9 en 2022. Il a favoris\u00e9 la collaboration au sein de l\u2019industrie, fourni un acc\u00e8s \u00e0 une connectivit\u00e9 r\u00e9seau \u00e0 tr\u00e8s haut d\u00e9bit et soutenu l\u2019innovation dans les technologies de l\u2019information et des communications (TIC) pour les petites et moyennes entreprises (PME) de l\u2019Ontario. R\u00e9alisations [&hellip;]<\/p>\n","protected":false},"author":4,"featured_media":0,"parent":0,"menu_order":32,"comment_status":"closed","ping_status":"closed","template":"","meta":{"_acf_changed":false,"content-type":"","footnotes":""},"class_list":["post-23405","page","type-page","status-publish","hentry"],"acf":[],"_links":{"self":[{"href":"https:\/\/www.cengn.ca\/fr\/wp-json\/wp\/v2\/pages\/23405","targetHints":{"allow":["GET"]}}],"collection":[{"href":"https:\/\/www.cengn.ca\/fr\/wp-json\/wp\/v2\/pages"}],"about":[{"href":"https:\/\/www.cengn.ca\/fr\/wp-json\/wp\/v2\/types\/page"}],"author":[{"embeddable":true,"href":"https:\/\/www.cengn.ca\/fr\/wp-json\/wp\/v2\/users\/4"}],"replies":[{"embeddable":true,"href":"https:\/\/www.cengn.ca\/fr\/wp-json\/wp\/v2\/comments?post=23405"}],"version-history":[{"count":8,"href":"https:\/\/www.cengn.ca\/fr\/wp-json\/wp\/v2\/pages\/23405\/revisions"}],"predecessor-version":[{"id":31599,"href":"https:\/\/www.cengn.ca\/fr\/wp-json\/wp\/v2\/pages\/23405\/revisions\/31599"}],"wp:attachment":[{"href":"https:\/\/www.cengn.ca\/fr\/wp-json\/wp\/v2\/media?parent=23405"}],"curies":[{"name":"wp","href":"https:\/\/api.w.org\/{rel}","templated":true}]}}