{"id":23408,"date":"2021-06-14T13:11:58","date_gmt":"2021-06-14T17:11:58","guid":{"rendered":"https:\/\/www.cengn.ca\/projets\/quest-ce-quun-projet-cengn\/"},"modified":"2026-04-24T16:07:13","modified_gmt":"2026-04-24T20:07:13","slug":"quest-ce-quun-projet-cengn","status":"publish","type":"page","link":"https:\/\/www.cengn.ca\/fr\/projets\/quest-ce-quun-projet-cengn\/","title":{"rendered":"Qu&rsquo;est-ce qu&rsquo;un projet CENGN"},"content":{"rendered":"\n<section class=\"section section--impact video-impact  alignfull\">\n  <div class=\"hero-video-background\">\n          <div class=\"parallax-bg\" style=\"background-image: url(https:\/\/www.cengn.ca\/wp-content\/uploads\/2021\/06\/marc-olivier-jodoin-NqOInJ-ttqM-unsplash-2-1920x1084.jpg); background-size: cover; background-position: center center;\"><\/div>\n              <div class=\"hero-feature-overlay\"><\/div>\n      <video class=\"hero-feature-background-video\" autoplay muted loop>\n        <source src=\"https:\/\/www.cengn.ca\/wp-content\/uploads\/2021\/06\/video-1.mp4\" type=\"video\/mp4\">\n      <\/video>\n      <\/div>\n  <div class=\"grid-container fade-up-and-in\">\n    <div class=\"grid-x\">\n      <div class=\"cell text-center\">\n                          <h1>Qu&rsquo;est-ce qu&rsquo;un projet CENGN<\/h1>\n                                  <div class=\"button-group align-center\">\n                            <a class=\"button button-white\" href=\"https:\/\/www.cengn.ca\/fr\/initiative-living-labs\/\" target=\"_self\">En savoir plus sur les diff\u00e9rentes opportunit\u00e9s de projets<\/a>\n                              <\/div>\n                  <\/div>\n    <\/div>\n  <\/div>\n<\/section>\n\n\n\n<h5 class=\"wp-block-heading has-text-align-left\" id=\"cengn-project-details\"><strong>D\u00e9tails du projet :<\/strong><\/h5>\n\n\n\n<p>CENGN aide les jeunes entreprises technologiques et les entreprises en croissance canadiennes \u00e0 acc\u00e9l\u00e9rer leurs efforts de commercialisation en leur offrant un acc\u00e8s \u00e0 des environnements s\u00e9curis\u00e9s et r\u00e9els de laboratoires vivants ainsi qu\u2019\u00e0 des sites de bancs d\u2019essai pour valider leurs technologies logicielles. Des consultants experts accompagnent la planification, la mise en \u0153uvre et l\u2019ex\u00e9cution des tests afin d\u2019identifier les probl\u00e8mes de performance d\u00e8s le d\u00e9but et d\u2019optimiser votre solution.<\/p>\n\n\n\n<p>\u00c0 chaque \u00e9tape du processus, vous b\u00e9n\u00e9ficierez d\u2019un accompagnement pratique et personnalis\u00e9 de la part des \u00e9quipes de d\u00e9veloppement des affaires, de gestion de projet et d\u2019ing\u00e9nierie de CENGN, pour garantir la r\u00e9ussite de votre projet et sa valeur \u00e0 long terme. Chaque projet est \u00e9galement soutenu par l\u2019\u00e9cosyst\u00e8me de CENGN, qui regroupe des entreprises de technologie de l\u2019information de premier plan ainsi que des experts en technologies op\u00e9rationnelles au sein des installations de laboratoires vivants.<\/p>\n\n\n\n<h5 class=\"wp-block-heading has-text-align-left\" id=\"cengn-project-details\"><strong>Valeur du projet :<\/strong><\/h5>\n\n\n\n<p>CENGN collabore avec votre organisation afin de s\u2019assurer que votre projet fournisse les r\u00e9sultats de tests n\u00e9cessaires pour atteindre vos objectifs commerciaux sp\u00e9cifiques.<br><br>Les organisations ont tir\u00e9 parti d\u2019un projet CENGN pour :<\/p>\n\n\n\n<ul class=\"wp-block-list\">\n<li>Mieux comprendre les d\u00e9pendances li\u00e9es aux technologies de r\u00e9seau<\/li>\n<\/ul>\n\n\n\n<ul class=\"wp-block-list\">\n<li>Renforcer la cr\u00e9dibilit\u00e9 de leur solution aupr\u00e8s des clients finaux<\/li>\n<\/ul>\n\n\n\n<ul class=\"wp-block-list\">\n<li>Prouver la viabilit\u00e9 commerciale de leur solution pour un client ou un cas d\u2019utilisation pr\u00e9cis<\/li>\n<\/ul>\n\n\n\n<ul class=\"wp-block-list\">\n<li>Tester une nouvelle fonctionnalit\u00e9<\/li>\n<\/ul>\n\n\n\n<ul class=\"wp-block-list\">\n<li>Optimiser la performance et les co\u00fbts op\u00e9rationnels de leur solution<\/li>\n<\/ul>\n\n\n\n<ul class=\"wp-block-list\">\n<li>Garantir la fiabilit\u00e9, la pr\u00e9cision et la rapidit\u00e9 de leur solution avant un d\u00e9ploiement \u00e0 grande \u00e9chelle<\/li>\n<\/ul>\n\n\n\n<ul class=\"wp-block-list\">\n<li>Tester l\u2019op\u00e9rabilit\u00e9 d\u2019une solution sur divers r\u00e9seaux de communication<\/li>\n<\/ul>\n\n\n\n<ul class=\"wp-block-list\">\n<li>Acqu\u00e9rir les protocoles n\u00e9cessaires pour introduire leur solution sur diff\u00e9rents march\u00e9s cibles<br><\/li>\n<\/ul>\n\n\n\n<h5 class=\"wp-block-heading has-text-align-left\" id=\"project-areas\"><strong>Domaines du projet<\/strong><\/h5>\n\n\n\n<p>CENGN accepte des projets dans un large \u00e9ventail de domaines technologiques. Nos laboratoires vivants ciblent les organisations qui offrent des solutions en <a href=\"https:\/\/www.cengn.ca\/fr\/initiative-living-labs\/laboratoire-vivant-dagriculture-intelligente\/\">agriculture intelligente<\/a>, <a href=\"https:\/\/www.cengn.ca\/fr\/initiative-living-labs\/laboratoire-vivant-de-mobilite-intelligente-et-dagriculture-intelligente\/\">mobilit\u00e9 intelligente<\/a>, <a href=\"https:\/\/www.cengn.ca\/fr\/initiative-living-labs\/laboratoires-vivants-dimmeubles-intelligents\/\">immeubles intelligents<\/a>, <a href=\"https:\/\/www.cengn.ca\/fr\/initiative-living-labs\/laboratoire-vivant-de-robotique-connectee\/\">robotique<\/a> et <a href=\"https:\/\/www.cengn.ca\/fr\/initiative-living-labs\/laboratoire-vivant-de-performance-avancee-5g\/\">solutions compatibles avec la 5G<\/a>.<\/p>\n\n\n\n<h5 class=\"wp-block-heading\" id=\"requirements\"><strong>Exigences<\/strong><\/h5>\n\n\n\n<p>Pour \u00eatre admissible, votre entreprise doit r\u00e9pondre aux crit\u00e8res suivants :<\/p>\n\n\n\n<ul class=\"wp-block-list\">\n<li>Votre entreprise est bas\u00e9e au Canada<\/li>\n\n\n\n<li>Elle compte moins de 500 employ\u00e9s<\/li>\n\n\n\n<li>Elle g\u00e9n\u00e8re un revenu inf\u00e9rieur \u00e0 50 millions de dollars<\/li>\n\n\n\n<li>Le niveau de maturit\u00e9 technologique (TRL) doit \u00eatre de 4 ou plus<\/li>\n<\/ul>\n\n\n\n<h5 class=\"wp-block-heading has-text-align-left\"><\/h5>\n\n\n\n<p>Les propositions de projet sont soumises par l\u2019interm\u00e9diaire du portail de candidature de CENGN et font l\u2019objet d\u2019un processus d\u2019\u00e9valuation en plusieurs \u00e9tapes. Ce processus garantit que votre projet peut \u00eatre r\u00e9alis\u00e9 en utilisant les laboratoires vivants, le banc d\u2019essai ou d\u2019autres services de CENGN.<\/p>\n\n\n\n<p>Besoin de plus d\u2019informations ? Communiquez avec notre \u00e9quipe \u00e0 l\u2019adresse : <a href=\"services@cengn.ca\" type=\"link\" id=\"services@cengn.ca\">services@cengn.ca<\/a>.<\/p>\n\n\n\n<div class=\"wp-block-buttons is-content-justification-center is-layout-flex wp-container-core-buttons-is-layout-16018d1d wp-block-buttons-is-layout-flex\">\n<div class=\"wp-block-button\"><a class=\"wp-block-button__link wp-element-button\" href=\"https:\/\/www.cengn.ca\/fr\/initiative-living-labs\/\">En savoir plus sur les laboratoires vivants de CENGN<\/a><\/div>\n<\/div>\n\n\n\n<section class=\"section section--subscription-form  alignfull\">\n  <div class=\"grid-container text-center\">\n          <h2 class=\"heavy\">Actualit\u00e9s CENGN dans votre bo\u00eete de r\u00e9ception.<\/h2>\n                          <script type=\"text\/javascript\">\n\/* <![CDATA[ *\/\nvar gform;gform||(document.addEventListener(\"gform_main_scripts_loaded\",function(){gform.scriptsLoaded=!0}),document.addEventListener(\"gform\/theme\/scripts_loaded\",function(){gform.themeScriptsLoaded=!0}),window.addEventListener(\"DOMContentLoaded\",function(){gform.domLoaded=!0}),gform={domLoaded:!1,scriptsLoaded:!1,themeScriptsLoaded:!1,isFormEditor:()=>\"function\"==typeof InitializeEditor,callIfLoaded:function(o){return!(!gform.domLoaded||!gform.scriptsLoaded||!gform.themeScriptsLoaded&&!gform.isFormEditor()||(gform.isFormEditor()&&console.warn(\"The use of gform.initializeOnLoaded() is deprecated in the form editor context and will be removed in Gravity Forms 3.1.\"),o(),0))},initializeOnLoaded:function(o){gform.callIfLoaded(o)||(document.addEventListener(\"gform_main_scripts_loaded\",()=>{gform.scriptsLoaded=!0,gform.callIfLoaded(o)}),document.addEventListener(\"gform\/theme\/scripts_loaded\",()=>{gform.themeScriptsLoaded=!0,gform.callIfLoaded(o)}),window.addEventListener(\"DOMContentLoaded\",()=>{gform.domLoaded=!0,gform.callIfLoaded(o)}))},hooks:{action:{},filter:{}},addAction:function(o,r,e,t){gform.addHook(\"action\",o,r,e,t)},addFilter:function(o,r,e,t){gform.addHook(\"filter\",o,r,e,t)},doAction:function(o){gform.doHook(\"action\",o,arguments)},applyFilters:function(o){return gform.doHook(\"filter\",o,arguments)},removeAction:function(o,r){gform.removeHook(\"action\",o,r)},removeFilter:function(o,r,e){gform.removeHook(\"filter\",o,r,e)},addHook:function(o,r,e,t,n){null==gform.hooks[o][r]&&(gform.hooks[o][r]=[]);var d=gform.hooks[o][r];null==n&&(n=r+\"_\"+d.length),gform.hooks[o][r].push({tag:n,callable:e,priority:t=null==t?10:t})},doHook:function(r,o,e){var t;if(e=Array.prototype.slice.call(e,1),null!=gform.hooks[r][o]&&((o=gform.hooks[r][o]).sort(function(o,r){return o.priority-r.priority}),o.forEach(function(o){\"function\"!=typeof(t=o.callable)&&(t=window[t]),\"action\"==r?t.apply(null,e):e[0]=t.apply(null,e)})),\"filter\"==r)return e[0]},removeHook:function(o,r,t,n){var e;null!=gform.hooks[o][r]&&(e=(e=gform.hooks[o][r]).filter(function(o,r,e){return!!(null!=n&&n!=o.tag||null!=t&&t!=o.priority)}),gform.hooks[o][r]=e)}});\n\/* ]]> *\/\n<\/script>\n\n                <div class='gf_browser_gecko gform_wrapper gform_legacy_markup_wrapper gform-theme--no-framework' data-form-theme='legacy' data-form-index='0' id='gform_wrapper_4' ><div id='gf_4' class='gform_anchor' tabindex='-1'><\/div><form method='post' enctype='multipart\/form-data' target='gform_ajax_frame_4' id='gform_4'  action='\/fr\/wp-json\/wp\/v2\/pages\/23408#gf_4' data-formid='4' novalidate>\n                        <div class='gform-body gform_body'><ul id='gform_fields_4' class='gform_fields top_label form_sublabel_below description_below validation_below'><li id=\"field_4_1\" class=\"gfield gfield--type-text gfield_contains_required field_sublabel_below gfield--no-description field_description_below field_validation_below gfield_visibility_visible\"  ><label class='gfield_label gform-field-label' for='input_4_1'>Nom et pr\u00e9nom<span class=\"gfield_required\"><span class=\"gfield_required gfield_required_asterisk\">*<\/span><\/span><\/label><div class='ginput_container ginput_container_text'><input name='input_1' id='input_4_1' type='text' value='' class='large'     aria-required=\"true\" aria-invalid=\"false\"   \/><\/div><\/li><li id=\"field_4_2\" class=\"gfield gfield--type-email gfield_contains_required field_sublabel_below gfield--no-description field_description_below field_validation_below gfield_visibility_visible\"  ><label class='gfield_label gform-field-label' for='input_4_2'>E-mail<span class=\"gfield_required\"><span class=\"gfield_required gfield_required_asterisk\">*<\/span><\/span><\/label><div class='ginput_container ginput_container_email'>\n                            <input name='input_2' id='input_4_2' type='email' value='' class='large'    aria-required=\"true\" aria-invalid=\"false\"  \/>\n                        <\/div><\/li><li id=\"field_4_3\" class=\"gfield gfield--type-html gfield--width-full gfield_html gfield_html_formatted gfield_no_follows_desc field_sublabel_below gfield--no-description field_description_below field_validation_below gfield_visibility_visible\"  ><p>Les champs marqu\u00e9s d&rsquo;un * sont obligatoires.<\/p><\/li><\/ul><\/div>\n        <div class='gform-footer gform_footer top_label'> <button class='button button--blue gform_button btn--gform-submit' id='gform_submit_button_4'>S&rsquo;abonner<\/button> <input type='hidden' name='gform_ajax' value='form_id=4&amp;title=&amp;description=&amp;tabindex=0&amp;theme=legacy&amp;hash=2628b63b14cb4a05c6aa5d9c681f7fc4' \/>\n            <input type='hidden' class='gform_hidden' name='gform_submission_method' data-js='gform_submission_method_4' value='iframe' \/>\n            <input type='hidden' class='gform_hidden' name='gform_theme' data-js='gform_theme_4' id='gform_theme_4' value='legacy' \/>\n            <input type='hidden' class='gform_hidden' name='gform_style_settings' data-js='gform_style_settings_4' id='gform_style_settings_4' value='' \/>\n            <input type='hidden' class='gform_hidden' name='is_submit_4' value='1' \/>\n            <input type='hidden' class='gform_hidden' name='gform_submit' value='4' \/>\n            \n            <input type='hidden' class='gform_hidden' name='gform_currency' data-currency='CAD' value='WAZYOt1hPPwoOP01NaMpXK5\/NCG2k0sV+4E6pPQVc0tZc601fNpRPPOObLh\/pX9QVlHKSh6BChtCfeexY8hbCxAvi0uibaqsLGzJUO7KEemO\/x4=' \/>\n            <input type='hidden' class='gform_hidden' name='gform_unique_id' value='' \/>\n            <input type='hidden' class='gform_hidden' name='state_4' value='WyJbXSIsIjMzMjA3YTk2ZmNlMGRkNTM1MjJkMTJhZTYxZTBhYTg0Il0=' \/>\n            <input type='hidden' autocomplete='off' class='gform_hidden' name='gform_target_page_number_4' id='gform_target_page_number_4' value='0' \/>\n            <input type='hidden' autocomplete='off' class='gform_hidden' name='gform_source_page_number_4' id='gform_source_page_number_4' value='1' \/>\n            <input type='hidden' name='gform_field_values' value='' \/>\n            \n        <\/div>\n                        <\/form>\n                        <\/div>\n\t\t                <iframe style='display:none;width:0px;height:0px;' src='about:blank' name='gform_ajax_frame_4' id='gform_ajax_frame_4' title='Cette iframe contient la logique n\u00e9cessaire pour manipuler Gravity Forms avec Ajax.'><\/iframe>\n\t\t                <script type=\"text\/javascript\">\n\/* <![CDATA[ *\/\n gform.initializeOnLoaded( function() {gformInitSpinner( 4, 'https:\/\/www.cengn.ca\/wp-content\/plugins\/gravityforms\/images\/spinner.svg', true );jQuery('#gform_ajax_frame_4').on('load',function(){var contents = jQuery(this).contents().find('*').html();var is_postback = contents.indexOf('GF_AJAX_POSTBACK') >= 0;if(!is_postback){return;}var form_content = jQuery(this).contents().find('#gform_wrapper_4');var is_confirmation = jQuery(this).contents().find('#gform_confirmation_wrapper_4').length > 0;var is_redirect = contents.indexOf('gformRedirect(){') >= 0;var is_form = form_content.length > 0 && ! is_redirect && ! is_confirmation;var mt = parseInt(jQuery('html').css('margin-top'), 10) + parseInt(jQuery('body').css('margin-top'), 10) + 100;if(is_form){jQuery('#gform_wrapper_4').html(form_content.html());if(form_content.hasClass('gform_validation_error')){jQuery('#gform_wrapper_4').addClass('gform_validation_error');} else {jQuery('#gform_wrapper_4').removeClass('gform_validation_error');}setTimeout( function() { \/* delay the scroll by 50 milliseconds to fix a bug in chrome *\/ jQuery(document).scrollTop(jQuery('#gform_wrapper_4').offset().top - mt); }, 50 );if(window['gformInitDatepicker']) {gformInitDatepicker();}if(window['gformInitPriceFields']) {gformInitPriceFields();}var current_page = jQuery('#gform_source_page_number_4').val();gformInitSpinner( 4, 'https:\/\/www.cengn.ca\/wp-content\/plugins\/gravityforms\/images\/spinner.svg', true );jQuery(document).trigger('gform_page_loaded', [4, current_page]);window['gf_submitting_4'] = false;}else if(!is_redirect){var confirmation_content = jQuery(this).contents().find('.GF_AJAX_POSTBACK').html();if(!confirmation_content){confirmation_content = contents;}jQuery('#gform_wrapper_4').replaceWith(confirmation_content);jQuery(document).scrollTop(jQuery('#gf_4').offset().top - mt);jQuery(document).trigger('gform_confirmation_loaded', [4]);window['gf_submitting_4'] = false;wp.a11y.speak(jQuery('#gform_confirmation_message_4').text());}else{jQuery('#gform_4').append(contents);if(window['gformRedirect']) {gformRedirect();}}jQuery(document).trigger(\"gform_pre_post_render\", [{ formId: \"4\", currentPage: \"current_page\", abort: function() { this.preventDefault(); } }]);        if (event && event.defaultPrevented) {                return;        }        const gformWrapperDiv = document.getElementById( \"gform_wrapper_4\" );        if ( gformWrapperDiv ) {            const visibilitySpan = document.createElement( \"span\" );            visibilitySpan.id = \"gform_visibility_test_4\";            gformWrapperDiv.insertAdjacentElement( \"afterend\", visibilitySpan );        }        const visibilityTestDiv = document.getElementById( \"gform_visibility_test_4\" );        let postRenderFired = false;        function triggerPostRender() {            if ( postRenderFired ) {                return;            }            postRenderFired = true;            gform.core.triggerPostRenderEvents( 4, current_page );            if ( visibilityTestDiv ) {                visibilityTestDiv.parentNode.removeChild( visibilityTestDiv );            }        }        function debounce( func, wait, immediate ) {            var timeout;            return function() {                var context = this, args = arguments;                var later = function() {                    timeout = null;                    if ( !immediate ) func.apply( context, args );                };                var callNow = immediate && !timeout;                clearTimeout( timeout );                timeout = setTimeout( later, wait );                if ( callNow ) func.apply( context, args );            };        }        const debouncedTriggerPostRender = debounce( function() {            triggerPostRender();        }, 200 );        if ( visibilityTestDiv && visibilityTestDiv.offsetParent === null ) {            const observer = new MutationObserver( ( mutations ) => {                mutations.forEach( ( mutation ) => {                    if ( mutation.type === 'attributes' && visibilityTestDiv.offsetParent !== null ) {                        debouncedTriggerPostRender();                        observer.disconnect();                    }                });            });            observer.observe( document.body, {                attributes: true,                childList: false,                subtree: true,                attributeFilter: [ 'style', 'class' ],            });        } else {            triggerPostRender();        }    } );} ); \n\/* ]]> *\/\n<\/script>\n                <\/div>\n<\/section>\n","protected":false},"excerpt":{"rendered":"<p>D\u00e9tails du projet : CENGN aide les jeunes entreprises technologiques et les entreprises en croissance canadiennes \u00e0 acc\u00e9l\u00e9rer leurs efforts de commercialisation en leur offrant un acc\u00e8s \u00e0 des environnements s\u00e9curis\u00e9s et r\u00e9els de laboratoires vivants ainsi qu\u2019\u00e0 des sites de bancs d\u2019essai pour valider leurs technologies logicielles. Des consultants experts accompagnent la planification, la [&hellip;]<\/p>\n","protected":false},"author":4,"featured_media":0,"parent":23379,"menu_order":1,"comment_status":"closed","ping_status":"closed","template":"","meta":{"_acf_changed":false,"content-type":"","footnotes":""},"class_list":["post-23408","page","type-page","status-publish","hentry"],"acf":[],"_links":{"self":[{"href":"https:\/\/www.cengn.ca\/fr\/wp-json\/wp\/v2\/pages\/23408","targetHints":{"allow":["GET"]}}],"collection":[{"href":"https:\/\/www.cengn.ca\/fr\/wp-json\/wp\/v2\/pages"}],"about":[{"href":"https:\/\/www.cengn.ca\/fr\/wp-json\/wp\/v2\/types\/page"}],"author":[{"embeddable":true,"href":"https:\/\/www.cengn.ca\/fr\/wp-json\/wp\/v2\/users\/4"}],"replies":[{"embeddable":true,"href":"https:\/\/www.cengn.ca\/fr\/wp-json\/wp\/v2\/comments?post=23408"}],"version-history":[{"count":13,"href":"https:\/\/www.cengn.ca\/fr\/wp-json\/wp\/v2\/pages\/23408\/revisions"}],"predecessor-version":[{"id":32646,"href":"https:\/\/www.cengn.ca\/fr\/wp-json\/wp\/v2\/pages\/23408\/revisions\/32646"}],"up":[{"embeddable":true,"href":"https:\/\/www.cengn.ca\/fr\/wp-json\/wp\/v2\/pages\/23379"}],"wp:attachment":[{"href":"https:\/\/www.cengn.ca\/fr\/wp-json\/wp\/v2\/media?parent=23408"}],"curies":[{"name":"wp","href":"https:\/\/api.w.org\/{rel}","templated":true}]}}