{"id":24570,"date":"2024-12-09T16:33:17","date_gmt":"2024-12-09T21:33:17","guid":{"rendered":"https:\/\/www.cengn.ca\/?page_id=24570"},"modified":"2026-03-19T11:55:29","modified_gmt":"2026-03-19T15:55:29","slug":"fonds-de-reponse-strategique","status":"publish","type":"page","link":"https:\/\/www.cengn.ca\/fr\/fonds-de-reponse-strategique\/","title":{"rendered":"Living Labs CENGN"},"content":{"rendered":"\n<section class=\"section section--impact video-impact  alignfull\">\n  <div class=\"hero-video-background\">\n          <div class=\"parallax-bg\" style=\"background-image: url(https:\/\/www.cengn.ca\/wp-content\/uploads\/2024\/10\/internet-networking-and-digital-transformation-wi-2023-11-27-05-08-08-utc-1.jpg); background-size: cover; background-position: center center;\"><\/div>\n              <div class=\"hero-feature-overlay\"><\/div>\n      <video class=\"hero-feature-background-video\" autoplay muted loop>\n        <source src=\"https:\/\/www.cengn.ca\/wp-content\/uploads\/2024\/10\/futuristic-network-concept-of-city-technology-2023-11-27-05-00-02-utc.mp4\" type=\"video\/mp4\">\n      <\/video>\n      <\/div>\n  <div class=\"grid-container fade-up-and-in\">\n    <div class=\"grid-x\">\n      <div class=\"cell text-center\">\n                          <h1>Living labs CENGN<\/h1>\n                              <\/div>\n    <\/div>\n  <\/div>\n<\/section>\n\n\n\n<section class=\"section section--text-block simple-fade dark alignfull\">\n  <div class=\"grid-container\">\n    <div class=\"grid-x grid-padding-x align-middle\">\n      <div class=\"cell text-center\">\n                          <h3>Soutenu par le Fonds de r\u00e9ponse strat\u00e9gique du Gouvernement F\u00e9d\u00e9ral<\/h3>\n                          <p style=\"font-weight: 400;\">CENGN met sur pied huit Living Labs, des laboratoires vivants, au Canada et \u00e9paulera plus de 100 entreprises en d\u00e9marrage et jeunes entreprises en croissance canadiennes cherchant \u00e0 pr\u00e9parer l\u2019entr\u00e9e sur le march\u00e9, la croissance commerciale et l\u2019adoption par l\u2019industrie de leurs solutions innovantes de technologie de r\u00e9seau. Cette initiative sera appuy\u00e9e par un investissement de 45$ millions du Fonds de r\u00e9ponse strat\u00e9gique (FRS) du gouvernement f\u00e9d\u00e9ral.<\/p>\n                      <\/div>\n    <\/div>\n  <\/div>\n<\/section>\n\n\n\n<p>Les laboratoires vivants de CENGN favorisent la transformation num\u00e9rique \u00e0 l\u2019\u00e9chelle nationale pour les secteurs \u00e9conomiques cl\u00e9s du Canada. Par le biais des laboratoires vivants, CENGN offrira les\u00a0services, le savoir-faire et l\u2019infrastructure n\u00e9cessaires pour tester, valider et certifier les solutions technologiques de r\u00e9seau. Cette initiative renforcera la comp\u00e9titivit\u00e9 de l\u2019industrie canadienne tout en soutenant le d\u00e9veloppement de nouvelles propri\u00e9t\u00e9s intellectuelles et l\u2019expansion de nos entreprises en d\u00e9marrage et jeunes entreprises en croissance les plus innovantes.<\/p>\n\n\n\n<div class=\"wp-block-buttons is-content-justification-center is-layout-flex wp-container-core-buttons-is-layout-16018d1d wp-block-buttons-is-layout-flex\">\n<div class=\"wp-block-button\"><a class=\"wp-block-button__link wp-element-button\" href=\"https:\/\/portal.cengn.ca\/?lang=fr-ca\" target=\"_blank\" rel=\"noreferrer noopener\"><strong>Soumettez votre proposition de projet CENGN d\u00e8s maintenant !<\/strong><\/a><\/div>\n<\/div>\n\n\n\n<figure class=\"wp-block-table\"><table class=\"has-fixed-layout\"><thead><tr><th>Laboratoires vivants CENGN<\/th><th class=\"has-text-align-left\" data-align=\"left\">D\u00e9tails<\/th><\/tr><\/thead><tbody><tr><td><strong>Emplacement<\/strong><\/td><td class=\"has-text-align-left\" data-align=\"left\">Les huit Living Labs collaboratifs sont situ\u00e9s en Colombie-Britannique, en Ontario et au Qu\u00e9bec.<\/td><\/tr><tr><td><strong>Secteurs<\/strong><\/td><td class=\"has-text-align-left\" data-align=\"left\"><span style=\"white-space: normal; font-size: 10pt; line-height: 15.333332px; font-family: Aptos, sans-serif;\"> <\/span>Actuellement, les laboratoires vivants se concentrent sur la validation de solutions bas\u00e9es sur les r\u00e9seaux pour les secteurs de la mobilit\u00e9 intelligente, de la agriculture intelligente, de la construction intelligente, de la fabrication avanc\u00e9e, de la robotique et de la technologie des r\u00e9seaux. Toutefois, les laboratoires vivants seront polyvalents et soutiendront des projets dans tous les secteurs.<\/td><\/tr><tr><td><strong>Impact<\/strong><\/td><td class=\"has-text-align-left\" data-align=\"left\">Ce financement offre un retour sur investissement important, notamment :<br>&#8211; Une hausse significative de la croissance du PIB<br>&#8211; la cr\u00e9ation et le maintien d&#8217;emplois technologiques essentiels au Canada<br>&#8211; le lancement de produits canadiens innovants sur le march\u00e9 <br>&#8211; La cr\u00e9ation de brevets de propri\u00e9t\u00e9 intellectuelle canadiens r\u00e9volutionnaires et influents<br>&#8211; Une croissance des ventes et des investissements de suivi substantiels pour les jeunes entreprises et les jeunes entreprises en croissance participantes<br>&#8211; L\u2019acc\u00e9l\u00e9ration des niveaux de pr\u00e9paration technologique des entreprises canadiennes concern\u00e9es<br>&#8211; L\u2019int\u00e9gration de professionnels qualifi\u00e9s dans des r\u00f4les critiques en mati\u00e8re de technologie num\u00e9rique \u00e0 l\u2019\u00e9chelle nationale<\/td><\/tr><\/tbody><\/table><\/figure>\n\n\n\n<section class=\"section section--text-with-image simple-fade  block black alignfull\">\n  <div class=\"grid-container\">\n    <div class=\"grid-x grid-padding-x align-middle\">\n      \n        <div class=\"cell\">\n          <div class=\"text-with-image-bg black\">\n            <div class=\"grid-container\">\n              <div class=\"grid-x grid-padding-x \">\n                <div class=\"cell medium-5 \">\n                                        <div class=\"text-with-image--image\" style=\"background-image: url(https:\/\/www.cengn.ca\/wp-content\/uploads\/2025\/02\/SIF-funding-webpage-assets-2-3-1024x684.jpg); background-size: cover; background-position: center center; background-repeat: no-repeat;\"><\/div>\n                                      <\/div>\n                  <div class=\"cell medium-7 \">\n                    <div class=\"text-with-image--text\">\n                      <h2 class=\"heavy\"><\/h2>\n                                              <h4 class=\"heavy\">Living Labs d&rsquo;hyperinnovation<\/h4>\n                                                                    <p><p style=\"font-weight: 400;\">Les laboratoires vivants de CENGN tirent parti des derni\u00e8res technologies de r\u00e9seau <span lang=\"FR-CA\">dans les domaines de l\u2019infonuagique, de la 5G et de l\u2019informatique en p\u00e9riph\u00e9rie pour fournir des environnements d\u2019essai sectoriels aux <\/span>solutions num\u00e9riques qui <span lang=\"FR-CA\">utilisent des technologies telles que l\u2019IA et le Machine Learning, l\u2019Internet des objets, la r\u00e9alit\u00e9 virtuelle, la r\u00e9alit\u00e9 augment\u00e9e et l\u2019automatisation <\/span>pour am\u00e9liorer la comp\u00e9titivit\u00e9 et la productivit\u00e9 de l&rsquo;industrie canadienne.<\/p>\n<p style=\"font-weight: 400;\">Les services du Living Lab sont disponibles dans le cadre de projets d&rsquo;innovation et d&rsquo;adoption qui sont soutenus par le solide \u00e9cosyst\u00e8me de CENGN et qui favorisent la g\u00e9n\u00e9ration de propri\u00e9t\u00e9 intellectuelle canadienne et la croissance commerciale des innovateurs et des adoptants de la transformation num\u00e9rique au Canada.<\/p>\n<p>&nbsp;<\/p>\n<\/p>\n                                                                  \t<a class=\"button\" href=\"https:\/\/www.cengn.ca\/fr\/initiative-living-labs\/\" target=\"_self\">En savoir plus sur l&#039;initiative Living Lab de CENGN<\/a>\n                                          <\/div>\n                  <\/div>\n              <\/div>\n            <\/div>\n          <\/div>\n        <\/div>\n      \n    <\/div>\n  <\/div>\n<\/section>\n\n\n\n<section class=\"section section--text-with-image simple-fade  block black alignfull\">\n  <div class=\"grid-container\">\n    <div class=\"grid-x grid-padding-x align-middle\">\n      \n        <div class=\"cell\">\n          <div class=\"text-with-image-bg black\">\n            <div class=\"grid-container\">\n              <div class=\"grid-x grid-padding-x \">\n                <div class=\"cell medium-5 medium-order-2\">\n                                        <div class=\"text-with-image--image\" style=\"background-image: url(https:\/\/www.cengn.ca\/wp-content\/uploads\/2024\/10\/Untitled-1-1024x683.png); background-size: cover; background-position: center center; background-repeat: no-repeat;\"><\/div>\n                                      <\/div>\n                  <div class=\"cell medium-7 medium-order-1\">\n                    <div class=\"text-with-image--text\">\n                      <h2 class=\"heavy\"><\/h2>\n                                              <h4 class=\"heavy\">Projets d&rsquo;innovation<\/h4>\n                                                                    <p><p style=\"font-weight: 400;\">Les entreprises en d\u00e9marrage utilisent un environnement CENGN Living Lab pour tester, valider et certifier leurs solutions et produits en vue de leur entr\u00e9e sur le march\u00e9 ou pour r\u00e9pondre aux exigences de mise \u00e0 l&rsquo;\u00e9chelle pour une croissance estim\u00e9e. Les enseignements tir\u00e9s des tests dans un environnement physique de qualit\u00e9 commerciale permettent \u00e0 l&rsquo;entreprise en d\u00e9marrage d&rsquo;identifier et de r\u00e9soudre les probl\u00e8mes restants li\u00e9s \u00e0 son produit et de contacter des clients potentiels avec des preuves tierces de la valeur et des performances de la solution.<\/p>\n<h5 style=\"font-weight: 400;\"><strong>Projets d&rsquo;adoption<\/strong><\/h5>\n<p style=\"font-weight: 400;\">Les entreprises en d\u00e9marrage collaborent avec un client potentiel (adoptant) pour valider leur solution technologique num\u00e9rique dans le contexte direct des exigences de l&rsquo;adoptant dans un Living Lab, concluant potentiellement le projet avec un contrat pour mettre en \u0153uvre la solution dans les op\u00e9rations du client.<\/p>\n<p style=\"font-weight: 400;\"><strong>Les entreprises en d\u00e9marrage participantes sont \u00e9ligibles \u00e0 un soutien de projet pouvant atteindre 250 000 $ pour les projets d&rsquo;innovation et jusqu&rsquo;\u00e0 500 000 $ pour les projets d&rsquo;adoption.<\/strong><\/p>\n<\/p>\n                                                                  \t<a class=\"button\" href=\"https:\/\/portal.cengn.ca\/?lang=fr-ca\" target=\"_blank\">Soumettez votre proposition de projet CENGN d\u00e8s maintenant !<\/a>\n                                          <\/div>\n                  <\/div>\n              <\/div>\n            <\/div>\n          <\/div>\n        <\/div>\n      \n    <\/div>\n  <\/div>\n<\/section>\n\n\n\n<section class=\"section section--text-with-image simple-fade  block black alignfull\">\n  <div class=\"grid-container\">\n    <div class=\"grid-x grid-padding-x align-middle\">\n      \n        <div class=\"cell\">\n          <div class=\"text-with-image-bg black\">\n            <div class=\"grid-container\">\n              <div class=\"grid-x grid-padding-x \">\n                <div class=\"cell medium-5 \">\n                                        <div class=\"text-with-image--image\" style=\"background-image: url(https:\/\/www.cengn.ca\/wp-content\/uploads\/2024\/10\/startup-business-people-group-working-as-team-to-f-2023-11-27-04-52-07-utc-1024x684.jpg); background-size: cover; background-position: center center; background-repeat: no-repeat;\"><\/div>\n                                      <\/div>\n                  <div class=\"cell medium-7 \">\n                    <div class=\"text-with-image--text\">\n                      <h2 class=\"heavy\"><\/h2>\n                                              <h4 class=\"heavy\">D\u00e9veloppement des comp\u00e9tences en technologie critique<\/h4>\n                                                                    <p><p style=\"font-weight: 400;\">Les contributions du FSI \u00e0 CENGN soutiennent \u00e9galement la cr\u00e9ation de stages dans des technologies critiques qui comblent le foss\u00e9 entre les connaissances th\u00e9oriques et les applications pratiques. Les startups et les scaleups participantes peuvent embaucher un stagiaire pour les aider \u00e0 atteindre leurs objectifs commerciaux, que le stagiaire soutienne directement le projet CENGN Living Lab ou qu&rsquo;il vienne apr\u00e8s l&rsquo;ach\u00e8vement du projet en fonction des prochaines \u00e9tapes requises pour se pr\u00e9parer \u00e0 l&rsquo;entr\u00e9e sur le march\u00e9 ou \u00e0 la croissance. Ces stages facilitent l&rsquo;entr\u00e9e de professionnels qualifi\u00e9s dans les r\u00f4les technologiques critiques n\u00e9cessaires \u00e0 l&rsquo;\u00e9chelle nationale pour garantir que l&rsquo;industrie reste comp\u00e9titive et que l&rsquo;\u00e9conomie de l&rsquo;innovation continue de prosp\u00e9rer au Canada.<\/p>\n<\/p>\n                                                                  \t<a class=\"button\" href=\"https:\/\/www.cengn.ca\/wp-content\/uploads\/2025\/09\/CENGN-Student-progam-2025-FR.pdf\" target=\"_blank\">En savoir plus sur les possibilit\u00e9s de stages au CENGN.<\/a>\n                                          <\/div>\n                  <\/div>\n              <\/div>\n            <\/div>\n          <\/div>\n        <\/div>\n      \n    <\/div>\n  <\/div>\n<\/section>\n\n\n\n<section class=\"section section--text-with-image simple-fade  block black alignfull\">\n  <div class=\"grid-container\">\n    <div class=\"grid-x grid-padding-x align-middle\">\n      \n        <div class=\"cell\">\n          <div class=\"text-with-image-bg black\">\n            <div class=\"grid-container\">\n              <div class=\"grid-x grid-padding-x \">\n                <div class=\"cell medium-5 medium-order-2\">\n                                        <div class=\"text-with-image--image\" style=\"background-image: url(https:\/\/www.cengn.ca\/wp-content\/uploads\/2024\/10\/shot-of-a-team-of-entrepreneurs-collaborating-in-a-2023-11-27-05-28-58-utc-1024x792.jpg); background-size: cover; background-position: center center; background-repeat: no-repeat;\"><\/div>\n                                      <\/div>\n                  <div class=\"cell medium-7 medium-order-1\">\n                    <div class=\"text-with-image--text\">\n                      <h2 class=\"heavy\"><\/h2>\n                                              <h4 class=\"heavy\">\u00c9cosyst\u00e8me des Living Labs CENGN<\/h4>\n                                                                    <p><p style=\"font-weight: 400; text-align: left;\">Les Living Labs sont connect\u00e9s par l&rsquo;interm\u00e9diaire de l&rsquo;\u00e9cosyst\u00e8me national de CENGN, compos\u00e9 d&rsquo;entreprises multinationales de pointe en technologie, de p\u00f4les d&rsquo;innovation et d&rsquo;organisations sectorielles. L&rsquo;\u00e9cosyst\u00e8me de CENGN sert de canal de communication des services Living Lab \u00e0 travers le Canada et ses nombreuses r\u00e9gions d&rsquo;innovation, garantissant que toutes les entreprises sont expos\u00e9es aux avantages potentiels d&rsquo;un projet Living Lab de CENGN. Au-del\u00e0 de cela, l&rsquo;\u00e9cosyst\u00e8me est mis \u00e0 profit pour partager les apprentissages du projet par le biais de points saillants de l&rsquo;innovation et de plans directeurs. En pr\u00e9sentant les r\u00e9sultats des projets et les le\u00e7ons apprises, l&rsquo;\u00e9cosyst\u00e8me renforce les connaissances en mati\u00e8re de transformation num\u00e9rique, acc\u00e9l\u00e9rant ainsi l&rsquo;adoption de la technologie dans l&rsquo;industrie canadienne.<\/p>\n<h6 style=\"text-align: left;\"><strong>Les Living Labs CENGN sont soutenus par les principaux partenaires technologiques :<\/strong><\/h6>\n<p><img loading=\"lazy\" decoding=\"async\" class=\"wp-image-24369 alignnone\" src=\"https:\/\/www.cengn.ca\/wp-content\/uploads\/2024\/10\/main-partner-logos-e1730133726134-1024x170.png\" alt=\"\" width=\"550\" height=\"91\" srcset=\"https:\/\/www.cengn.ca\/wp-content\/uploads\/2024\/10\/main-partner-logos-e1730133726134-1024x170.png 1024w, https:\/\/www.cengn.ca\/wp-content\/uploads\/2024\/10\/main-partner-logos-e1730133726134-300x50.png 300w, https:\/\/www.cengn.ca\/wp-content\/uploads\/2024\/10\/main-partner-logos-e1730133726134-768x127.png 768w, https:\/\/www.cengn.ca\/wp-content\/uploads\/2024\/10\/main-partner-logos-e1730133726134-1536x255.png 1536w, https:\/\/www.cengn.ca\/wp-content\/uploads\/2024\/10\/main-partner-logos-e1730133726134-2048x340.png 2048w, https:\/\/www.cengn.ca\/wp-content\/uploads\/2024\/10\/main-partner-logos-e1730133726134-1920x318.png 1920w\" sizes=\"auto, (max-width: 550px) 100vw, 550px\" \/><\/p>\n<h6><strong>Vous souhaitez rejoindre l&rsquo;\u00e9cosyst\u00e8me de CENGN ? Contactez-nous \u00e0 memberships@cengn.ca <\/strong><\/h6>\n<\/p>\n                                                                <\/div>\n                  <\/div>\n              <\/div>\n            <\/div>\n          <\/div>\n        <\/div>\n      \n    <\/div>\n  <\/div>\n<\/section>\n\n\n\n<section class=\"section section--text-block simple-fade red alignfull\">\n  <div class=\"grid-container\">\n    <div class=\"grid-x grid-padding-x align-middle\">\n      <div class=\"cell text-center\">\n                          <h3>\u00c0 propos du Fonds de r\u00e9ponse strat\u00e9gique d\u2019ISDE<\/h3>\n                          <p style=\"font-weight: 400;\">Le Fonds de r\u00e9ponse strat\u00e9gique (FRS) est un programme du gouvernement f\u00e9d\u00e9ral qui rel\u00e8ve d\u2019Innovation, Sciences et D\u00e9veloppement \u00e9conomique Canada (ISDE). Le FSI acc\u00e9l\u00e8re la croissance et attire des investissements dans tous les secteurs en soutenant des projets d\u2019innovation, comme les laboratoires vivants de CENGN, qui favorisent la collaboration et l\u2019innovation n\u00e9cessaires pour stimuler la comp\u00e9titivit\u00e9 et la productivit\u00e9 de l\u2019industrie canadienne.<\/p>\n<p style=\"font-weight: 400;\"><img loading=\"lazy\" decoding=\"async\" class=\"aligncenter wp-image-24379\" src=\"https:\/\/www.cengn.ca\/wp-content\/uploads\/2024\/10\/ised-logo-long-e1730132925702-1024x175.png\" alt=\"\" width=\"500\" height=\"86\" srcset=\"https:\/\/www.cengn.ca\/wp-content\/uploads\/2024\/10\/ised-logo-long-e1730132925702-1024x175.png 1024w, https:\/\/www.cengn.ca\/wp-content\/uploads\/2024\/10\/ised-logo-long-e1730132925702-300x51.png 300w, https:\/\/www.cengn.ca\/wp-content\/uploads\/2024\/10\/ised-logo-long-e1730132925702-768x131.png 768w, https:\/\/www.cengn.ca\/wp-content\/uploads\/2024\/10\/ised-logo-long-e1730132925702-1536x263.png 1536w, https:\/\/www.cengn.ca\/wp-content\/uploads\/2024\/10\/ised-logo-long-e1730132925702.png 1835w\" sizes=\"auto, (max-width: 500px) 100vw, 500px\" \/><\/p>\n                          <div class=\"button-group align-center\">\n                            <a class=\"button  button--white\" href=\"https:\/\/ised-isde.canada.ca\/site\/isde\/fr\/programmes-initiatives\/fonds-reponse-strategique\" target=\"_blank\">En savoir plus<\/a>\n                              <\/div>\n                  <\/div>\n    <\/div>\n  <\/div>\n<\/section>\n\n\n\n<p class=\"has-text-align-center has-medium-font-size\"><strong>Vous avez des questions sur les laboratoires vivants de CENGN et nos services ? Veuillez contacter services@cengn.ca. <\/strong><\/p>\n\n\n\n<p class=\"has-text-align-center\"><strong>Contactez services@cengn.ca pour en savoir plus sur les opportunit\u00e9s de stage de CENGN.<\/strong><\/p>\n\n\n\n<div class=\"wp-block-buttons is-content-justification-center is-layout-flex wp-container-core-buttons-is-layout-16018d1d wp-block-buttons-is-layout-flex\">\n<div class=\"wp-block-button\"><a class=\"wp-block-button__link wp-element-button\" href=\"https:\/\/portal.cengn.ca\/?lang=fr-ca\" target=\"_blank\" rel=\"noreferrer noopener\"><strong>Soumettez votre proposition de projet CENGN d\u00e8s maintenant !<\/strong><\/a><\/div>\n\n\n\n<div class=\"wp-block-button\"><a class=\"wp-block-button__link wp-element-button\" href=\"https:\/\/www.cengn.ca\/fr\/a-propos\/programmes-gouvernementaux\/\"><strong>Retour aux programmes gouvernementaux<\/strong><\/a><\/div>\n<\/div>\n\n\n\n<p><\/p>\n","protected":false},"excerpt":{"rendered":"<p>Les laboratoires vivants de CENGN favorisent la transformation num\u00e9rique \u00e0 l\u2019\u00e9chelle nationale pour les secteurs \u00e9conomiques cl\u00e9s du Canada. Par le biais des laboratoires vivants, CENGN offrira les\u00a0services, le savoir-faire et l\u2019infrastructure n\u00e9cessaires pour tester, valider et certifier les solutions technologiques de r\u00e9seau. Cette initiative renforcera la comp\u00e9titivit\u00e9 de l\u2019industrie canadienne tout en soutenant le [&hellip;]<\/p>\n","protected":false},"author":26,"featured_media":0,"parent":0,"menu_order":9,"comment_status":"closed","ping_status":"closed","template":"","meta":{"_acf_changed":false,"content-type":"","footnotes":""},"class_list":["post-24570","page","type-page","status-publish","hentry"],"acf":[],"_links":{"self":[{"href":"https:\/\/www.cengn.ca\/fr\/wp-json\/wp\/v2\/pages\/24570","targetHints":{"allow":["GET"]}}],"collection":[{"href":"https:\/\/www.cengn.ca\/fr\/wp-json\/wp\/v2\/pages"}],"about":[{"href":"https:\/\/www.cengn.ca\/fr\/wp-json\/wp\/v2\/types\/page"}],"author":[{"embeddable":true,"href":"https:\/\/www.cengn.ca\/fr\/wp-json\/wp\/v2\/users\/26"}],"replies":[{"embeddable":true,"href":"https:\/\/www.cengn.ca\/fr\/wp-json\/wp\/v2\/comments?post=24570"}],"version-history":[{"count":23,"href":"https:\/\/www.cengn.ca\/fr\/wp-json\/wp\/v2\/pages\/24570\/revisions"}],"predecessor-version":[{"id":30275,"href":"https:\/\/www.cengn.ca\/fr\/wp-json\/wp\/v2\/pages\/24570\/revisions\/30275"}],"wp:attachment":[{"href":"https:\/\/www.cengn.ca\/fr\/wp-json\/wp\/v2\/media?parent=24570"}],"curies":[{"name":"wp","href":"https:\/\/api.w.org\/{rel}","templated":true}]}}