{"id":28400,"date":"2025-09-19T11:35:13","date_gmt":"2025-09-19T15:35:13","guid":{"rendered":"https:\/\/www.cengn.ca\/?page_id=28400"},"modified":"2026-03-16T12:57:20","modified_gmt":"2026-03-16T16:57:20","slug":"services-cengn","status":"publish","type":"page","link":"https:\/\/www.cengn.ca\/fr\/services-cengn\/","title":{"rendered":"Les services CENGN"},"content":{"rendered":"\n<section class=\"section section--impact video-impact  alignfull\">\n  <div class=\"hero-video-background\">\n          <div class=\"parallax-bg\" style=\"background-image: url(https:\/\/www.cengn.ca\/wp-content\/uploads\/2025\/09\/banner-CFP3.png); background-size: cover; background-position: center center;\"><\/div>\n          <\/div>\n  <div class=\"grid-container fade-up-and-in\">\n    <div class=\"grid-x\">\n      <div class=\"cell text-center\">\n                  <h5 class=\"heavy\">Acc\u00e9l\u00e9rez votre mise sur le march\u00e9 gr\u00e2ce \u00e0 des services technologiques complets\u202f<\/h5>\n                          <h1>Les services CENGN<\/h1>\n                                  <div class=\"button-group align-center\">\n                            <a class=\"button button-white\" href=\"https:\/\/portal.cengn.ca\/?lang=fr-ca\" target=\"_blank\">Soumettez votre proposition de projet pour obtenir du financement et un acc\u00e8s au laboratoire vivant.<\/a>\n                              <\/div>\n                  <\/div>\n    <\/div>\n  <\/div>\n<\/section>\n\n\n\n<section class=\"section section--text-block simple-fade red alignfull\">\n  <div class=\"grid-container\">\n    <div class=\"grid-x grid-padding-x align-middle\">\n      <div class=\"cell text-center\">\n                  <h2 class=\"heavy\">La gamme compl\u00e8te de services propos\u00e9s par CENGN<\/h2>\n                                  <p style=\"text-align: center;\">Transformez votre entreprise gr\u00e2ce \u00e0 la suite compl\u00e8te de services en IA et technologies de CENGN, con\u00e7ue pour vous accompagner de la structuration des donn\u00e9es jusqu\u2019au d\u00e9ploiement pr\u00eat pour le march\u00e9<\/p>\n                      <\/div>\n    <\/div>\n  <\/div>\n<\/section>\n\n\n\n<section class=\"section section--text-with-image simple-fade  fluid white alignfull\">\n  <div class=\"grid-container\">\n    <div class=\"grid-x grid-padding-x align-middle\">\n      \n        <div class=\"cell\">\n          <div class=\"text-with-image-bg white\">\n            <div class=\"grid-container\">\n              <div class=\"grid-x grid-padding-x align-middle\">\n                <div class=\"cell medium-5 medium-order-2\">\n                                        <img decoding=\"async\" src=\"https:\/\/www.cengn.ca\/wp-content\/uploads\/2025\/09\/Living-Lab-Red.png\">\n                                      <\/div>\n                  <div class=\"cell medium-7 medium-order-1\">\n                    <div class=\"text-with-image--text\">\n                      <h2 class=\"heavy\">Services de certification \/ propri\u00e9t\u00e9 intellectuelle (PI)<\/h2>\n                                              <h4 class=\"heavy\">Services de certification professionnelle et de soutien en propri\u00e9t\u00e9 intellectuelle\u202f<\/h4>\n                                                                    <p><p style=\"text-align: left;\">Les services de certification et de propri\u00e9t\u00e9 intellectuelle de CENGN vous aident \u00e0 respecter les exigences de gouvernance gr\u00e2ce au support pour la certification ISO 42001 en IA et \u00e0 une protection compl\u00e8te de la propri\u00e9t\u00e9 intellectuelle, garantissant que vos innovations sont conformes et l\u00e9galement s\u00e9curis\u00e9es.<\/p>\n<p>Contactez <a href=\"mailto:services@cengn.ca\" target=\"_blank\" rel=\"noopener\">services@cengn.ca<\/a> pour en savoir plus.<\/p>\n<\/p>\n                                                                <\/div>\n                  <\/div>\n              <\/div>\n            <\/div>\n          <\/div>\n        <\/div>\n      \n    <\/div>\n  <\/div>\n<\/section>\n\n\n\n<section class=\"section section--text-with-image simple-fade  fluid black alignfull\">\n  <div class=\"grid-container\">\n    <div class=\"grid-x grid-padding-x align-middle\">\n      \n        <div class=\"cell\">\n          <div class=\"text-with-image-bg black\">\n            <div class=\"grid-container\">\n              <div class=\"grid-x grid-padding-x align-middle\">\n                <div class=\"cell medium-5 medium-order-2\">\n                                        <img decoding=\"async\" src=\"https:\/\/www.cengn.ca\/wp-content\/uploads\/2025\/09\/Robotics-red-1024x1024.png\">\n                                      <\/div>\n                  <div class=\"cell medium-7 medium-order-1\">\n                    <div class=\"text-with-image--text\">\n                      <h2 class=\"heavy\">Services de couche physique\u202f<\/h2>\n                                              <h4 class=\"heavy\">Services de test de mat\u00e9riel et d\u2019infrastructure\u202f<\/h4>\n                                                                    <p><p style=\"text-align: left;\">D\u00e9montrez que votre technologie fonctionne avant son lancement sur le march\u00e9 gr\u00e2ce \u00e0 des tests complets dans des environnements r\u00e9els de laboratoires vivants, avec le soutien d\u2019experts et des infrastructures de test \u00e0 la pointe.<\/p>\n<\/p>\n                                                                  \t<a class=\"button\" href=\"https:\/\/www.cengn.ca\/fr\/services-cengn\/services-de-couche-physique\" target=\"_self\">En savoir plus<\/a>\n                                          <\/div>\n                  <\/div>\n              <\/div>\n            <\/div>\n          <\/div>\n        <\/div>\n      \n    <\/div>\n  <\/div>\n<\/section>\n\n\n\n<section class=\"section section--text-block simple-fade red alignfull\">\n  <div class=\"grid-container\">\n    <div class=\"grid-x grid-padding-x align-middle\">\n      <div class=\"cell text-center\">\n                  <h2 class=\"heavy\">\u202fPr\u00eat \u00e0 acc\u00e9l\u00e9rer votre innovation?<\/h2>\n                          <h3>Une gamme compl\u00e8te de services pour vous aider \u00e0 lancer votre solution innovante sur le march\u00e9\u202f<\/h3>\n                          <p style=\"text-align: center; color: white;\">Questions? Contactez-nous:<br \/>\n<a style=\"color: white; text-decoration: none;\" href=\"mailto:services@cengn.ca\"><br \/>\nservices@cengn.ca<br \/>\n<\/a><\/p>\n                          <div class=\"button-group align-center\">\n                            <a class=\"button  button--white\" href=\"https:\/\/portal.cengn.ca\/?lang=fr-ca\" target=\"_blank\">Soumettez votre proposition de projet pour obtenir du financement et un acc\u00e8s au laboratoire vivant.<\/a>\n                                    <a class=\"button  button--white\" href=\"https:\/\/www.cengn.ca\/fr\/initiative-living-labs\" target=\"_self\">En savoir plus sur l\u2019initiative Living Lab de CENGN<\/a>\n                              <\/div>\n                  <\/div>\n    <\/div>\n  <\/div>\n<\/section>\n","protected":false},"excerpt":{"rendered":"","protected":false},"author":30,"featured_media":0,"parent":0,"menu_order":11,"comment_status":"closed","ping_status":"closed","template":"","meta":{"_acf_changed":false,"content-type":"","footnotes":""},"class_list":["post-28400","page","type-page","status-publish","hentry"],"acf":[],"_links":{"self":[{"href":"https:\/\/www.cengn.ca\/fr\/wp-json\/wp\/v2\/pages\/28400","targetHints":{"allow":["GET"]}}],"collection":[{"href":"https:\/\/www.cengn.ca\/fr\/wp-json\/wp\/v2\/pages"}],"about":[{"href":"https:\/\/www.cengn.ca\/fr\/wp-json\/wp\/v2\/types\/page"}],"author":[{"embeddable":true,"href":"https:\/\/www.cengn.ca\/fr\/wp-json\/wp\/v2\/users\/30"}],"replies":[{"embeddable":true,"href":"https:\/\/www.cengn.ca\/fr\/wp-json\/wp\/v2\/comments?post=28400"}],"version-history":[{"count":17,"href":"https:\/\/www.cengn.ca\/fr\/wp-json\/wp\/v2\/pages\/28400\/revisions"}],"predecessor-version":[{"id":31598,"href":"https:\/\/www.cengn.ca\/fr\/wp-json\/wp\/v2\/pages\/28400\/revisions\/31598"}],"wp:attachment":[{"href":"https:\/\/www.cengn.ca\/fr\/wp-json\/wp\/v2\/media?parent=28400"}],"curies":[{"name":"wp","href":"https:\/\/api.w.org\/{rel}","templated":true}]}}