{"id":28490,"date":"2025-09-19T11:32:19","date_gmt":"2025-09-19T15:32:19","guid":{"rendered":"https:\/\/www.cengn.ca\/?page_id=28490"},"modified":"2026-04-13T15:58:55","modified_gmt":"2026-04-13T19:58:55","slug":"appel-a-projets","status":"publish","type":"page","link":"https:\/\/www.cengn.ca\/fr\/initiative-living-labs\/appel-a-projets\/","title":{"rendered":"Appel \u00e0 projets"},"content":{"rendered":"\n<section class=\"section section--impact video-impact  alignfull\">\n  <div class=\"hero-video-background\">\n          <div class=\"parallax-bg\" style=\"background-image: url(https:\/\/www.cengn.ca\/wp-content\/uploads\/2025\/09\/banner-website-cfp.png); background-size: cover; background-position: center center;\"><\/div>\n          <\/div>\n  <div class=\"grid-container fade-up-and-in\">\n    <div class=\"grid-x\">\n      <div class=\"cell text-center\">\n                          <h1>Appel \u00e0 projets<\/h1>\n                                  <div class=\"button-group align-center\">\n                            <a class=\"button button-white\" href=\"https:\/\/5npbyu.share-na3.hsforms.com\/23hhD9jp5Q1anHM6rW45qgw\" target=\"_blank\">Soumettez votre d\u00e9claration d&#039;int\u00e9r\u00eat pour obtenir un financement et un acc\u00e8s au laboratoire vivant.<\/a>\n                              <\/div>\n                  <\/div>\n    <\/div>\n  <\/div>\n<\/section>\n\n\n\n<section class=\"section section--text-block simple-fade red alignfull\">\n  <div class=\"grid-container\">\n    <div class=\"grid-x grid-padding-x align-middle\">\n      <div class=\"cell text-center\">\n                  <h2 class=\"heavy\">\u202fAppel \u00e0 projets : Initiative CENGN Living Lab<\/h2>\n                                  <p style=\"text-align: left;\">D\u00e9couvrez des opportunit\u00e9s pour r\u00e9soudre de v\u00e9ritables d\u00e9fis industriels gr\u00e2ce \u00e0 l\u2019Initiative CENGN Living Lab. CENGN collabore avec des partenaires industriels de premier plan \u00e0 la recherche de startups et d\u2019entreprises en croissance canadiennes pour d\u00e9velopper, tester et mettre en \u0153uvre des solutions innovantes dans des environnements op\u00e9rationnels r\u00e9els. Chaque appel \u00e0 projets d\u00e9crit les principaux cas d\u2019usage et les d\u00e9fis que l\u2019industrie souhaite voir r\u00e9solus gr\u00e2ce \u00e0 des solutions technologiques connect\u00e9es.<\/p>\n                      <\/div>\n    <\/div>\n  <\/div>\n<\/section>\n\n\n\n<section class=\"section section--text-block simple-fade white alignfull\">\n  <div class=\"grid-container\">\n    <div class=\"grid-x grid-padding-x align-middle\">\n      <div class=\"cell text-center\">\n                  <h2 class=\"heavy\">Appel \u00e0 projets actif<\/h2>\n                                      <\/div>\n    <\/div>\n  <\/div>\n<\/section>\n\n\n\n<section class=\"section section--text-with-image simple-fade  fluid white alignfull\">\n  <div class=\"grid-container\">\n    <div class=\"grid-x grid-padding-x align-middle\">\n      \n        <div class=\"cell\">\n          <div class=\"text-with-image-bg white\">\n            <div class=\"grid-container\">\n              <div class=\"grid-x grid-padding-x align-middle\">\n                <div class=\"cell medium-5 \">\n                                        <img decoding=\"async\" src=\"https:\/\/www.cengn.ca\/wp-content\/uploads\/2025\/10\/Smart-AG-CFP-French@2x-1-1024x1024.jpg\">\n                                      <\/div>\n                  <div class=\"cell medium-7 \">\n                    <div class=\"text-with-image--text\">\n                      <h2 class=\"heavy\">Appel \u00e0 projets pour le laboratoire vivant d\u2019agriculture intelligente <\/h2>\n                                                                    <p><p data-start=\"149\" data-end=\"516\">***Termin\u00e9. Nous n&rsquo;acceptons plus de candidatures.<\/p>\n<p>Parrain\u00e9 par le minist\u00e8re de l\u2019Agriculture et de l\u2019Alimentation de la Colombie-Britannique ainsi que par le minist\u00e8re de l\u2019Agriculture, de l\u2019Alimentation et de l\u2019Agroentreprise de l\u2019Ontario, cet appel \u00e0 projets vise \u00e0 r\u00e9pondre aux probl\u00e9matiques prioritaires du secteur agroalimentaire qui peuvent \u00eatre abord\u00e9es gr\u00e2ce \u00e0 des solutions d\u2019agriculture intelligente. Cela inclut les d\u00e9fis sectoriels suivants :<\/p>\n<ul data-start=\"564\" data-end=\"902\">\n<li data-start=\"564\" data-end=\"605\">\n<p data-start=\"566\" data-end=\"605\">Robotique et automatisation agricoles<\/p>\n<\/li>\n<li data-start=\"606\" data-end=\"644\">\n<p data-start=\"608\" data-end=\"644\">Syst\u00e8mes d\u2019irrigation intelligents<\/p>\n<\/li>\n<li data-start=\"645\" data-end=\"772\">\n<p data-start=\"647\" data-end=\"772\">Intelligence artificielle pour l\u2019agriculture de pr\u00e9cision et agriculture de pr\u00e9cision abordable pour les petits exploitants<\/p>\n<\/li>\n<li data-start=\"773\" data-end=\"806\">\n<p data-start=\"775\" data-end=\"806\">Gestion durable des ravageurs<\/p>\n<\/li>\n<li data-start=\"807\" data-end=\"902\">\n<p data-start=\"809\" data-end=\"902\">Logiciels de gestion agricole aliment\u00e9s par l\u2019IA (y compris pour les petites exploitations)<\/p>\n<\/li>\n<\/ul>\n<\/p>\n                                                                <\/div>\n                  <\/div>\n              <\/div>\n            <\/div>\n          <\/div>\n        <\/div>\n      \n    <\/div>\n  <\/div>\n<\/section>\n\n\n\n<section class=\"section section--text-with-image simple-fade  fluid white alignfull\">\n  <div class=\"grid-container\">\n    <div class=\"grid-x grid-padding-x align-middle\">\n      \n        <div class=\"cell\">\n          <div class=\"text-with-image-bg white\">\n            <div class=\"grid-container\">\n              <div class=\"grid-x grid-padding-x align-middle\">\n                <div class=\"cell medium-5 \">\n                                        <img decoding=\"async\" src=\"https:\/\/www.cengn.ca\/wp-content\/uploads\/2025\/10\/Smart-Building-Social-French@2x-1024x1024.jpg\">\n                                      <\/div>\n                  <div class=\"cell medium-7 \">\n                    <div class=\"text-with-image--text\">\n                      <h2 class=\"heavy\">Appel \u00e0 projets pour le laboratoire vivant d&rsquo;immeubles intelligents<\/h2>\n                                                                    <p><p>***Termin\u00e9. Nous n&rsquo;acceptons plus de candidatures.<\/p>\n<p>En partenariat avec Morguard, cet appel \u00e0 projets vise \u00e0 trouver des solutions aux d\u00e9fis li\u00e9s aux immeubles intelligents dans l&rsquo;ensemble du portefeuille immobilier nord-am\u00e9ricain de Morguard, qui comprend des propri\u00e9t\u00e9s r\u00e9sidentielles, commerciales et de bureaux.<\/p>\n<p>Les candidats doivent \u00e9laborer des plans de projet ciblant un ou plusieurs des six domaines cl\u00e9s suivants :<\/p>\n<ul>\n<li>Gestion intelligente de l&rsquo;\u00e9nergie<\/li>\n<li>Syst\u00e8mes informatis\u00e9s de gestion de la maintenance (CMMS)<\/li>\n<li>S\u00e9curit\u00e9 et s\u00fbret\u00e9 op\u00e9rationnelles<\/li>\n<li>Exp\u00e9rience et services aux locataires<\/li>\n<li>Gestion de l&rsquo;\u00e9nergie<\/li>\n<li>Gestion des risques li\u00e9s \u00e0 l&rsquo;eau<\/li>\n<\/ul>\n<\/p>\n                                                                <\/div>\n                  <\/div>\n              <\/div>\n            <\/div>\n          <\/div>\n        <\/div>\n      \n    <\/div>\n  <\/div>\n<\/section>\n\n\n\n<section class=\"section section--text-with-image simple-fade  fluid light alignfull\">\n  <div class=\"grid-container\">\n    <div class=\"grid-x grid-padding-x align-middle\">\n      \n        <div class=\"cell\">\n          <div class=\"text-with-image-bg light\">\n            <div class=\"grid-container\">\n              <div class=\"grid-x grid-padding-x align-middle\">\n                <div class=\"cell medium-5 \">\n                                        <img decoding=\"async\" src=\"https:\/\/www.cengn.ca\/wp-content\/uploads\/2025\/09\/CENGi-carte-french-1024x849.jpg\">\n                                      <\/div>\n                  <div class=\"cell medium-7 \">\n                    <div class=\"text-with-image--text\">\n                      <h2 class=\"heavy\">\u00c1 propos de CENGN<\/h2>\n                                                                    <p><p data-start=\"135\" data-end=\"583\">Le <a href=\"https:\/\/www.cengn.ca\/fr\/a-propos\/\" target=\"_blank\" rel=\"noopener\"><strong data-start=\"239\" data-end=\"314\">Centre d\u2019excellence canadien en r\u00e9seaux de prochaine g\u00e9n\u00e9ration (CENGN)<\/strong><\/a> aide les startups et scaleups \u00e0 commercialiser leurs solutions. CENGN met \u00e0 disposition les ressources et l\u2019expertise technique n\u00e9cessaires pour tester et valider des solutions innovantes, tout en d\u00e9veloppant le talent technologique gr\u00e2ce \u00e0 ses programmes de stages.<\/p>\n<p data-start=\"585\" data-end=\"962\">Depuis 2014, <strong><a href=\"https:\/\/www.cengn.ca\/fr\/a-propos\/programmes-gouvernementaux\/\" target=\"_blank\" rel=\"noopener\">les programmes de CENGN<\/a><\/strong> ont permis de cr\u00e9er pr\u00e8s de 12 000 emplois au Canada, contribu\u00e9 \u00e0 hauteur de 1,15 milliard de dollars au PIB canadien, soutenu plus de 300 stages avec un taux d\u2019emploi de 97 %, et r\u00e9alis\u00e9 plus de 230 projets de commercialisation, renfor\u00e7ant ainsi la position et l\u2019expertise du Canada dans le secteur technologique mondial.<\/p>\n<\/p>\n                                                                  \t<a class=\"button\" href=\"https:\/\/www.cengn.ca\/fr\/initiative-living-labs\" target=\"_self\">En savoir plus sur le programme<\/a>\n                                          <\/div>\n                  <\/div>\n              <\/div>\n            <\/div>\n          <\/div>\n        <\/div>\n      \n    <\/div>\n  <\/div>\n<\/section>\n\n\n\n<section class=\"section section--text-with-image simple-fade  fluid black alignfull\">\n  <div class=\"grid-container\">\n    <div class=\"grid-x grid-padding-x align-middle\">\n      \n        <div class=\"cell\">\n          <div class=\"text-with-image-bg black\">\n            <div class=\"grid-container\">\n              <div class=\"grid-x grid-padding-x align-middle\">\n                <div class=\"cell medium-5 medium-order-2\">\n                                        <img decoding=\"async\" src=\"https:\/\/www.cengn.ca\/wp-content\/uploads\/2026\/03\/Lisa-Headshot-1024x1024.jpg\">\n                                      <\/div>\n                  <div class=\"cell medium-7 medium-order-1\">\n                    <div class=\"text-with-image--text\">\n                      <h2 class=\"heavy\">Contact<\/h2>\n                                                                    <p><p>Avez-vous des questions concernant l\u2019initiative Living Lab de CENGN?<\/p>\n<p><span class=\"s39\">Anim\u00e9e par une passion pour le d\u00e9veloppement industriel, Lisa Klimstra est la Directrice principale du d\u00e9veloppement des affaires chez CENGN. Elle est responsable de la supervision de toutes les activit\u00e9s li\u00e9es au d\u00e9veloppement des affaires et est une fervente promotrice de l\u2019initiative Living Lab de CENGN, qui fournit les services, l\u2019expertise et l\u2019infrastructure n\u00e9cessaires pour tester et valider des solutions technologiques r\u00e9seau.<\/span><\/p>\n<p><span class=\"s39\">Pour toute question sur les opportunit\u00e9s de partenariat ou les candidatures aux programmes, veuillez contacter Lisa<\/span> <a href=\"mailto:services@cengn.ca\"><span class=\"s37\">services@cengn.ca.<\/span><\/a><\/p>\n<\/p>\n                                                                <\/div>\n                  <\/div>\n              <\/div>\n            <\/div>\n          <\/div>\n        <\/div>\n      \n    <\/div>\n  <\/div>\n<\/section>\n\n\n\n<section class=\"section section--text-block simple-fade white alignfull\">\n  <div class=\"grid-container\">\n    <div class=\"grid-x grid-padding-x align-middle\">\n      <div class=\"cell text-center\">\n                  <h2 class=\"heavy\"> Initiative CENGN Living Lab<\/h2>\n                          <h3>Testez et validez votre solution via un projet du CENGN Living Lab<\/h3>\n                                  <div class=\"button-group align-center\">\n                            <a class=\"button button-transparent\" href=\"https:\/\/5npbyu.share-na3.hsforms.com\/23hhD9jp5Q1anHM6rW45qgw\" target=\"_blank\">Soumettez votre d\u00e9claration d&#039;int\u00e9r\u00eat pour obtenir un financement et un acc\u00e8s au laboratoire vivant.<\/a>\n                                    <a class=\"button button-solid\" href=\"https:\/\/www.cengn.ca\/fr\/initiative-living-labs\" target=\"_self\">Retour aux laboratoires vivants<\/a>\n                              <\/div>\n                  <\/div>\n    <\/div>\n  <\/div>\n<\/section>\n","protected":false},"excerpt":{"rendered":"","protected":false},"author":30,"featured_media":0,"parent":28278,"menu_order":1,"comment_status":"closed","ping_status":"closed","template":"","meta":{"_acf_changed":false,"content-type":"","footnotes":""},"class_list":["post-28490","page","type-page","status-publish","hentry"],"acf":[],"_links":{"self":[{"href":"https:\/\/www.cengn.ca\/fr\/wp-json\/wp\/v2\/pages\/28490","targetHints":{"allow":["GET"]}}],"collection":[{"href":"https:\/\/www.cengn.ca\/fr\/wp-json\/wp\/v2\/pages"}],"about":[{"href":"https:\/\/www.cengn.ca\/fr\/wp-json\/wp\/v2\/types\/page"}],"author":[{"embeddable":true,"href":"https:\/\/www.cengn.ca\/fr\/wp-json\/wp\/v2\/users\/30"}],"replies":[{"embeddable":true,"href":"https:\/\/www.cengn.ca\/fr\/wp-json\/wp\/v2\/comments?post=28490"}],"version-history":[{"count":32,"href":"https:\/\/www.cengn.ca\/fr\/wp-json\/wp\/v2\/pages\/28490\/revisions"}],"predecessor-version":[{"id":32355,"href":"https:\/\/www.cengn.ca\/fr\/wp-json\/wp\/v2\/pages\/28490\/revisions\/32355"}],"up":[{"embeddable":true,"href":"https:\/\/www.cengn.ca\/fr\/wp-json\/wp\/v2\/pages\/28278"}],"wp:attachment":[{"href":"https:\/\/www.cengn.ca\/fr\/wp-json\/wp\/v2\/media?parent=28490"}],"curies":[{"name":"wp","href":"https:\/\/api.w.org\/{rel}","templated":true}]}}