{"id":30646,"date":"2026-01-27T12:39:39","date_gmt":"2026-01-27T17:39:39","guid":{"rendered":"https:\/\/www.cengn.ca\/?page_id=30646"},"modified":"2026-02-02T10:17:05","modified_gmt":"2026-02-02T15:17:05","slug":"comite-dexamen-externe-de-cengn","status":"publish","type":"page","link":"https:\/\/www.cengn.ca\/fr\/initiative-living-labs\/comite-dexamen-externe-de-cengn\/","title":{"rendered":"Comit\u00e9 d\u2019examen externe de CENGN"},"content":{"rendered":"\n<section class=\"section section--impact video-impact  alignfull\">\n  <div class=\"hero-video-background\">\n          <div class=\"parallax-bg\" style=\"background-image: url(https:\/\/www.cengn.ca\/wp-content\/uploads\/2026\/02\/Header-ERP@2x-1920x655.jpg); background-size: cover; background-position: center center;\"><\/div>\n          <\/div>\n  <div class=\"grid-container fade-up-and-in\">\n    <div class=\"grid-x\">\n      <div class=\"cell text-center\">\n                          <h1>Comit\u00e9 d\u2019examen externe de CENGN<\/h1>\n                                  <div class=\"button-group align-center\">\n                            <a class=\"button button-white\" href=\"https:\/\/5npbyu.share-na3.hsforms.com\/2G913POcdSWS_dLiKJTum1g\" target=\"_blank\">Devenez membre du comit\u00e9 d&#039;\u00e9valuation externe<\/a>\n                              <\/div>\n                  <\/div>\n    <\/div>\n  <\/div>\n<\/section>\n\n\n\n<section class=\"section section--text-block simple-fade white alignfull\">\n  <div class=\"grid-container\">\n    <div class=\"grid-x grid-padding-x align-middle\">\n      <div class=\"cell text-center\">\n                          <h3>Le comit\u00e9 d\u2019examen externe de CENGN est compos\u00e9 de professionnels de la technologie et d\u2019universitaires ind\u00e9pendants et neutres, de tout le Canada. Ils \u00e9valuent les projets technologiques admissibles au financement et au soutien offerts dans le cadre de l\u2019initiative des laboratoires vivants de CENGN.<\/h3>\n                              <\/div>\n    <\/div>\n  <\/div>\n<\/section>\n\n\n\n<section class=\"section section--text-with-image simple-fade  fluid light alignfull\">\n  <div class=\"grid-container\">\n    <div class=\"grid-x grid-padding-x align-middle\">\n      \n        <div class=\"cell\">\n          <div class=\"text-with-image-bg light\">\n            <div class=\"grid-container\">\n              <div class=\"grid-x grid-padding-x align-middle\">\n                <div class=\"cell medium-5 medium-order-2\">\n                                        <img decoding=\"async\" src=\"https:\/\/www.cengn.ca\/wp-content\/uploads\/2026\/01\/ERP-French@2x-1024x1024.png\">\n                                      <\/div>\n                  <div class=\"cell medium-7 medium-order-1\">\n                    <div class=\"text-with-image--text\">\n                      <h2 class=\"heavy\">Qui sont les membres du comit\u00e9 d\u2019examen externe?<\/h2>\n                                                                    <p><p>Ces \u00e9valuateurs apportent une expertise issue de nombreux secteurs de l\u2019\u00e9cosyst\u00e8me technologique canadien, notamment la 5G, l\u2019Internet des objets (IoT), l\u2019intelligence artificielle, l\u2019apprentissage automatique, l\u2019infonuagique, les v\u00e9hicules autonomes, la robotique, les technologies de drones et bien plus encore.<\/p>\n<p>Ils \u00e9valuent des projets couvrant plusieurs secteurs, dont <a href=\"https:\/\/www.cengn.ca\/fr\/initiative-living-labs\/laboratoire-vivant-de-mobilite-intelligente-et-dagriculture-intelligente\/\">la mobilit\u00e9 intelligente<\/a>, la fabrication avanc\u00e9e, <a href=\"https:\/\/www.cengn.ca\/fr\/initiative-living-labs\/laboratoire-vivant-dagriculture-intelligente\/\">l\u2019agriculture<\/a>, <a href=\"https:\/\/www.cengn.ca\/fr\/initiative-living-labs\/laboratoires-vivants-dimmeubles-intelligents\/\">les immeubles intelligents<\/a>, <a href=\"https:\/\/www.cengn.ca\/fr\/initiative-living-labs\/laboratoire-vivant-de-performance-avancee-5g\/\">les technologies bas\u00e9es sur la 5G<\/a> et les logiciels d\u2019entreprise.<\/p>\n<\/p>\n                                                                <\/div>\n                  <\/div>\n              <\/div>\n            <\/div>\n          <\/div>\n        <\/div>\n      \n    <\/div>\n  <\/div>\n<\/section>\n\n\n\n<section class=\"section section--text-with-image simple-fade  fluid black alignfull\">\n  <div class=\"grid-container\">\n    <div class=\"grid-x grid-padding-x align-middle\">\n      \n        <div class=\"cell\">\n          <div class=\"text-with-image-bg black\">\n            <div class=\"grid-container\">\n              <div class=\"grid-x grid-padding-x align-middle\">\n                <div class=\"cell medium-5 \">\n                                        <img decoding=\"async\" src=\"https:\/\/www.cengn.ca\/wp-content\/uploads\/2026\/01\/ERP-French@2x-1-1024x1024.jpg\">\n                                      <\/div>\n                  <div class=\"cell medium-7 \">\n                    <div class=\"text-with-image--text\">\n                      <h2 class=\"heavy\">Comment les projets sont \u00e9valu\u00e9s<\/h2>\n                                                                    <p><p>Les examinateurs externes \u00e9valuent les propositions de projets en fonction de leur valeur technique, de leur viabilit\u00e9 commerciale et de leur potentiel d\u2019innovation.<\/p>\n<p>Ces \u00e9valuations servent ensuite \u00e0 orienter les d\u00e9cisions de financement pour les startups et entreprises canadiennes en croissance qui pr\u00e9sentent une demande aupr\u00e8s de CENGN.<\/p>\n<\/p>\n                                                                <\/div>\n                  <\/div>\n              <\/div>\n            <\/div>\n          <\/div>\n        <\/div>\n      \n    <\/div>\n  <\/div>\n<\/section>\n\n\n\n<section class=\"section section--text-with-image simple-fade  fluid white alignfull\">\n  <div class=\"grid-container\">\n    <div class=\"grid-x grid-padding-x align-middle\">\n      \n        <div class=\"cell\">\n          <div class=\"text-with-image-bg white\">\n            <div class=\"grid-container\">\n              <div class=\"grid-x grid-padding-x align-middle\">\n                <div class=\"cell medium-5 medium-order-2\">\n                                        <img decoding=\"async\" src=\"https:\/\/www.cengn.ca\/wp-content\/uploads\/2026\/01\/ERP-French2@2x-1024x1024.jpg\">\n                                      <\/div>\n                  <div class=\"cell medium-7 medium-order-1\">\n                    <div class=\"text-with-image--text\">\n                      <h2 class=\"heavy\">Les avantages pour les membres du comit\u00e9 d\u2019examen externe<\/h2>\n                                                                    <p><p>\u00catre examinateur expert offre de nombreux avantages, notamment :<\/p>\n<ul>\n<li>Une exposition \u00e0 des partenaires de recherche de pointe, \u00e0 des startups et entreprises en croissance, ainsi qu\u2019\u00e0 des innovations pr\u00e9commerciales<\/li>\n<li>La possibilit\u00e9 de contribuer au d\u00e9veloppement du secteur technologique canadien<\/li>\n<li>Une exp\u00e9rience valorisante pour le parcours et le d\u00e9veloppement professionnels<\/li>\n<\/ul>\n<\/p>\n                                                                <\/div>\n                  <\/div>\n              <\/div>\n            <\/div>\n          <\/div>\n        <\/div>\n      \n    <\/div>\n  <\/div>\n<\/section>\n\n\n\n<section class=\"section section--text-with-image simple-fade  fluid black alignfull\">\n  <div class=\"grid-container\">\n    <div class=\"grid-x grid-padding-x align-middle\">\n      \n        <div class=\"cell\">\n          <div class=\"text-with-image-bg black\">\n            <div class=\"grid-container\">\n              <div class=\"grid-x grid-padding-x align-middle\">\n                <div class=\"cell medium-5 \">\n                                        <img decoding=\"async\" src=\"https:\/\/www.cengn.ca\/wp-content\/uploads\/2025\/09\/CENGi-carte-french-1024x849.jpg\">\n                                      <\/div>\n                  <div class=\"cell medium-7 \">\n                    <div class=\"text-with-image--text\">\n                      <h2 class=\"heavy\">\u00c1 propos de CENGN<\/h2>\n                                                                    <p><p data-start=\"135\" data-end=\"583\">Actuellement soutenu par le Fonds de r\u00e9ponse strat\u00e9gique (FRS) du gouvernement du Canada, le <a href=\"https:\/\/www.cengn.ca\/fr\/a-propos\/\" target=\"_blank\" rel=\"noopener\"><strong data-start=\"239\" data-end=\"314\">Centre d\u2019excellence canadien en r\u00e9seaux de prochaine g\u00e9n\u00e9ration (CENGN)<\/strong><\/a> aide les startups et scaleups \u00e0 commercialiser leurs solutions. CENGN met \u00e0 disposition les ressources et l\u2019expertise technique n\u00e9cessaires pour tester et valider des solutions innovantes, tout en d\u00e9veloppant le talent technologique gr\u00e2ce \u00e0 ses programmes de stages.<\/p>\n<p data-start=\"585\" data-end=\"962\">Depuis 2014, <strong><a href=\"https:\/\/www.cengn.ca\/fr\/a-propos\/programmes-gouvernementaux\/\" target=\"_blank\" rel=\"noopener\">les programmes de CENGN<\/a><\/strong> ont permis de cr\u00e9er pr\u00e8s de 12 000 emplois au Canada, contribu\u00e9 \u00e0 hauteur de 1,15 milliard de dollars au PIB canadien, soutenu plus de 300 stages avec un taux d\u2019emploi de 97 %, et r\u00e9alis\u00e9 plus de 230 projets de commercialisation, renfor\u00e7ant ainsi la position et l\u2019expertise du Canada dans le secteur technologique mondial.<\/p>\n<\/p>\n                                                                <\/div>\n                  <\/div>\n              <\/div>\n            <\/div>\n          <\/div>\n        <\/div>\n      \n    <\/div>\n  <\/div>\n<\/section>\n\n\n\n<section class=\"section section--text-block simple-fade red alignfull\">\n  <div class=\"grid-container\">\n    <div class=\"grid-x grid-padding-x align-middle\">\n      <div class=\"cell text-center\">\n                  <h2 class=\"heavy\">Vous souhaitez devenir examinateur expert ?<\/h2>\n                                          <div class=\"button-group align-center\">\n                            <a class=\"button  button--white\" href=\"https:\/\/5npbyu.share-na3.hsforms.com\/2G913POcdSWS_dLiKJTum1g\" target=\"_blank\">Devenez membre du comit\u00e9 d&#039;\u00e9valuation externe<\/a>\n                              <\/div>\n                  <\/div>\n    <\/div>\n  <\/div>\n<\/section>\n\n\n\n<p><\/p>\n","protected":false},"excerpt":{"rendered":"","protected":false},"author":30,"featured_media":0,"parent":28278,"menu_order":0,"comment_status":"closed","ping_status":"closed","template":"","meta":{"_acf_changed":false,"content-type":"","footnotes":""},"class_list":["post-30646","page","type-page","status-publish","hentry"],"acf":[],"_links":{"self":[{"href":"https:\/\/www.cengn.ca\/fr\/wp-json\/wp\/v2\/pages\/30646","targetHints":{"allow":["GET"]}}],"collection":[{"href":"https:\/\/www.cengn.ca\/fr\/wp-json\/wp\/v2\/pages"}],"about":[{"href":"https:\/\/www.cengn.ca\/fr\/wp-json\/wp\/v2\/types\/page"}],"author":[{"embeddable":true,"href":"https:\/\/www.cengn.ca\/fr\/wp-json\/wp\/v2\/users\/30"}],"replies":[{"embeddable":true,"href":"https:\/\/www.cengn.ca\/fr\/wp-json\/wp\/v2\/comments?post=30646"}],"version-history":[{"count":17,"href":"https:\/\/www.cengn.ca\/fr\/wp-json\/wp\/v2\/pages\/30646\/revisions"}],"predecessor-version":[{"id":30848,"href":"https:\/\/www.cengn.ca\/fr\/wp-json\/wp\/v2\/pages\/30646\/revisions\/30848"}],"up":[{"embeddable":true,"href":"https:\/\/www.cengn.ca\/fr\/wp-json\/wp\/v2\/pages\/28278"}],"wp:attachment":[{"href":"https:\/\/www.cengn.ca\/fr\/wp-json\/wp\/v2\/media?parent=30646"}],"curies":[{"name":"wp","href":"https:\/\/api.w.org\/{rel}","templated":true}]}}